{"id":4927,"date":"2025-10-14T14:48:21","date_gmt":"2025-10-14T18:48:21","guid":{"rendered":"https:\/\/vjcn.org\/?post_type=product&#038;p=4927"},"modified":"2025-11-04T07:12:33","modified_gmt":"2025-11-04T11:12:33","slug":"base-de-madera-pequena","status":"publish","type":"product","link":"https:\/\/vjcn.org\/en\/product\/base-de-madera-pequena\/","title":{"rendered":"Base de madera peque\u00f1a"},"content":{"rendered":"<p><span data-sheets-root=\"1\">1 base de madera peque\u00f1a. Di\u00e1metro 4\u201d.<\/span><\/p>","protected":false},"excerpt":{"rendered":"<p>1 base de madera peque\u00f1a. Di\u00e1metro 4\u201d.<\/p>","protected":false},"featured_media":4928,"comment_status":"open","ping_status":"closed","template":"","meta":[],"product_brand":[],"product_cat":[28],"product_tag":[],"class_list":{"0":"post-4927","1":"product","2":"type-product","3":"status-publish","4":"has-post-thumbnail","6":"product_cat-manteleriayhogar","8":"first","9":"instock","10":"taxable","11":"shipping-taxable","12":"purchasable","13":"product-type-simple"},"yoast_head":"<!-- This site is optimized with the Yoast SEO plugin v27.4 - https:\/\/yoast.com\/product\/yoast-seo-wordpress\/ -->\n<title>Base de madera peque\u00f1a - Voluntariado Jes\u00fas con los ni\u00f1os<\/title>\n<meta name=\"description\" content=\"1 base de madera peque\u00f1a. Dale un toque \u00fanico a tu hogar y apoya el tratamiento de ni\u00f1os enfermos. \u00a1Tu compra hace la diferencia!\" \/>\n<meta name=\"robots\" content=\"index, follow, max-snippet:-1, max-image-preview:large, max-video-preview:-1\" \/>\n<link rel=\"canonical\" href=\"https:\/\/vjcn.org\/en\/product\/base-de-madera-pequena\/\" \/>\n<meta property=\"og:locale\" content=\"en_US\" \/>\n<meta property=\"og:type\" content=\"article\" \/>\n<meta property=\"og:title\" content=\"Base de madera peque\u00f1a - Voluntariado Jes\u00fas con los ni\u00f1os\" \/>\n<meta property=\"og:description\" content=\"1 base de madera peque\u00f1a. Dale un toque \u00fanico a tu hogar y apoya el tratamiento de ni\u00f1os enfermos. \u00a1Tu compra hace la diferencia!\" \/>\n<meta property=\"og:url\" content=\"https:\/\/vjcn.org\/en\/product\/base-de-madera-pequena\/\" \/>\n<meta property=\"og:site_name\" content=\"Voluntariado Jes\u00fas con los ni\u00f1os\" \/>\n<meta property=\"article:publisher\" content=\"https:\/\/www.facebook.com\/people\/Voluntariado-Jess-Con-Los-Nios\/61550862245839\/\" \/>\n<meta property=\"article:modified_time\" content=\"2025-11-04T11:12:33+00:00\" \/>\n<meta property=\"og:image\" content=\"https:\/\/vjcn.org\/wp-content\/uploads\/2025\/10\/WhatsApp-Image-2025-09-29-at-12.29.54-2-scaled.jpeg\" \/>\n\t<meta property=\"og:image:width\" content=\"1920\" \/>\n\t<meta property=\"og:image:height\" content=\"2560\" \/>\n\t<meta property=\"og:image:type\" content=\"image\/jpeg\" \/>\n<meta name=\"twitter:card\" content=\"summary_large_image\" \/>\n<meta name=\"twitter:label1\" content=\"Est. reading time\" \/>\n\t<meta name=\"twitter:data1\" content=\"1 minute\" \/>\n<script type=\"application\/ld+json\" class=\"yoast-schema-graph\">{\"@context\":\"https:\\\/\\\/schema.org\",\"@graph\":[{\"@type\":\"WebPage\",\"@id\":\"https:\\\/\\\/vjcn.org\\\/product\\\/base-de-madera-pequena\\\/\",\"url\":\"https:\\\/\\\/vjcn.org\\\/product\\\/base-de-madera-pequena\\\/\",\"name\":\"Base de madera peque\u00f1a - Voluntariado Jes\u00fas con los ni\u00f1os\",\"isPartOf\":{\"@id\":\"https:\\\/\\\/vjcn.org\\\/#website\"},\"primaryImageOfPage\":{\"@id\":\"https:\\\/\\\/vjcn.org\\\/product\\\/base-de-madera-pequena\\\/#primaryimage\"},\"image\":{\"@id\":\"https:\\\/\\\/vjcn.org\\\/product\\\/base-de-madera-pequena\\\/#primaryimage\"},\"thumbnailUrl\":\"https:\\\/\\\/vjcn.org\\\/wp-content\\\/uploads\\\/2025\\\/10\\\/WhatsApp-Image-2025-09-29-at-12.29.54-2-scaled.jpeg\",\"datePublished\":\"2025-10-14T18:48:21+00:00\",\"dateModified\":\"2025-11-04T11:12:33+00:00\",\"description\":\"1 base de madera peque\u00f1a. Dale un toque \u00fanico a tu hogar y apoya el tratamiento de ni\u00f1os enfermos. \u00a1Tu compra hace la diferencia!\",\"breadcrumb\":{\"@id\":\"https:\\\/\\\/vjcn.org\\\/product\\\/base-de-madera-pequena\\\/#breadcrumb\"},\"inLanguage\":\"en-US\",\"potentialAction\":[{\"@type\":\"ReadAction\",\"target\":[\"https:\\\/\\\/vjcn.org\\\/product\\\/base-de-madera-pequena\\\/\"]}]},{\"@type\":\"ImageObject\",\"inLanguage\":\"en-US\",\"@id\":\"https:\\\/\\\/vjcn.org\\\/product\\\/base-de-madera-pequena\\\/#primaryimage\",\"url\":\"https:\\\/\\\/vjcn.org\\\/wp-content\\\/uploads\\\/2025\\\/10\\\/WhatsApp-Image-2025-09-29-at-12.29.54-2-scaled.jpeg\",\"contentUrl\":\"https:\\\/\\\/vjcn.org\\\/wp-content\\\/uploads\\\/2025\\\/10\\\/WhatsApp-Image-2025-09-29-at-12.29.54-2-scaled.jpeg\",\"width\":1920,\"height\":2560},{\"@type\":\"BreadcrumbList\",\"@id\":\"https:\\\/\\\/vjcn.org\\\/product\\\/base-de-madera-pequena\\\/#breadcrumb\",\"itemListElement\":[{\"@type\":\"ListItem\",\"position\":1,\"name\":\"Home\",\"item\":\"https:\\\/\\\/vjcn.org\\\/\"},{\"@type\":\"ListItem\",\"position\":2,\"name\":\"Products\",\"item\":\"https:\\\/\\\/vjcn.org\\\/en\\\/shop\\\/\"},{\"@type\":\"ListItem\",\"position\":3,\"name\":\"Base de madera peque\u00f1a\"}]},{\"@type\":\"WebSite\",\"@id\":\"https:\\\/\\\/vjcn.org\\\/#website\",\"url\":\"https:\\\/\\\/vjcn.org\\\/\",\"name\":\"Voluntariado Jes\u00fas con los ni\u00f1os\",\"description\":\"Historias de vida y esperanza\",\"publisher\":{\"@id\":\"https:\\\/\\\/vjcn.org\\\/#organization\"},\"potentialAction\":[{\"@type\":\"SearchAction\",\"target\":{\"@type\":\"EntryPoint\",\"urlTemplate\":\"https:\\\/\\\/vjcn.org\\\/?s={search_term_string}\"},\"query-input\":{\"@type\":\"PropertyValueSpecification\",\"valueRequired\":true,\"valueName\":\"search_term_string\"}}],\"inLanguage\":\"en-US\"},{\"@type\":\"Organization\",\"@id\":\"https:\\\/\\\/vjcn.org\\\/#organization\",\"name\":\"Voluntariado Jes\u00fas con los ni\u00f1os\",\"url\":\"https:\\\/\\\/vjcn.org\\\/\",\"logo\":{\"@type\":\"ImageObject\",\"inLanguage\":\"en-US\",\"@id\":\"https:\\\/\\\/vjcn.org\\\/#\\\/schema\\\/logo\\\/image\\\/\",\"url\":\"https:\\\/\\\/vjcn.org\\\/wp-content\\\/uploads\\\/2025\\\/04\\\/cropped-Simbolo.png\",\"contentUrl\":\"https:\\\/\\\/vjcn.org\\\/wp-content\\\/uploads\\\/2025\\\/04\\\/cropped-Simbolo.png\",\"width\":512,\"height\":512,\"caption\":\"Voluntariado Jes\u00fas con los ni\u00f1os\"},\"image\":{\"@id\":\"https:\\\/\\\/vjcn.org\\\/#\\\/schema\\\/logo\\\/image\\\/\"},\"sameAs\":[\"https:\\\/\\\/www.facebook.com\\\/people\\\/Voluntariado-Jess-Con-Los-Nios\\\/61550862245839\\\/\",\"https:\\\/\\\/www.instagram.com\\\/voluntariadojcn\\\/\"]}]}<\/script>\n<!-- \/ Yoast SEO plugin. -->","yoast_head_json":{"title":"Base de madera peque\u00f1a - Voluntariado Jes\u00fas con los ni\u00f1os","description":"1 base de madera peque\u00f1a. Dale un toque \u00fanico a tu hogar y apoya el tratamiento de ni\u00f1os enfermos. \u00a1Tu compra hace la diferencia!","robots":{"index":"index","follow":"follow","max-snippet":"max-snippet:-1","max-image-preview":"max-image-preview:large","max-video-preview":"max-video-preview:-1"},"canonical":"https:\/\/vjcn.org\/en\/product\/base-de-madera-pequena\/","og_locale":"en_US","og_type":"article","og_title":"Base de madera peque\u00f1a - Voluntariado Jes\u00fas con los ni\u00f1os","og_description":"1 base de madera peque\u00f1a. Dale un toque \u00fanico a tu hogar y apoya el tratamiento de ni\u00f1os enfermos. \u00a1Tu compra hace la diferencia!","og_url":"https:\/\/vjcn.org\/en\/product\/base-de-madera-pequena\/","og_site_name":"Voluntariado Jes\u00fas con los ni\u00f1os","article_publisher":"https:\/\/www.facebook.com\/people\/Voluntariado-Jess-Con-Los-Nios\/61550862245839\/","article_modified_time":"2025-11-04T11:12:33+00:00","og_image":[{"width":1920,"height":2560,"url":"https:\/\/vjcn.org\/wp-content\/uploads\/2025\/10\/WhatsApp-Image-2025-09-29-at-12.29.54-2-scaled.jpeg","type":"image\/jpeg"}],"twitter_card":"summary_large_image","twitter_misc":{"Est. reading time":"1 minute"},"schema":{"@context":"https:\/\/schema.org","@graph":[{"@type":"WebPage","@id":"https:\/\/vjcn.org\/product\/base-de-madera-pequena\/","url":"https:\/\/vjcn.org\/product\/base-de-madera-pequena\/","name":"Base de madera peque\u00f1a - Voluntariado Jes\u00fas con los ni\u00f1os","isPartOf":{"@id":"https:\/\/vjcn.org\/#website"},"primaryImageOfPage":{"@id":"https:\/\/vjcn.org\/product\/base-de-madera-pequena\/#primaryimage"},"image":{"@id":"https:\/\/vjcn.org\/product\/base-de-madera-pequena\/#primaryimage"},"thumbnailUrl":"https:\/\/vjcn.org\/wp-content\/uploads\/2025\/10\/WhatsApp-Image-2025-09-29-at-12.29.54-2-scaled.jpeg","datePublished":"2025-10-14T18:48:21+00:00","dateModified":"2025-11-04T11:12:33+00:00","description":"1 base de madera peque\u00f1a. Dale un toque \u00fanico a tu hogar y apoya el tratamiento de ni\u00f1os enfermos. \u00a1Tu compra hace la diferencia!","breadcrumb":{"@id":"https:\/\/vjcn.org\/product\/base-de-madera-pequena\/#breadcrumb"},"inLanguage":"en-US","potentialAction":[{"@type":"ReadAction","target":["https:\/\/vjcn.org\/product\/base-de-madera-pequena\/"]}]},{"@type":"ImageObject","inLanguage":"en-US","@id":"https:\/\/vjcn.org\/product\/base-de-madera-pequena\/#primaryimage","url":"https:\/\/vjcn.org\/wp-content\/uploads\/2025\/10\/WhatsApp-Image-2025-09-29-at-12.29.54-2-scaled.jpeg","contentUrl":"https:\/\/vjcn.org\/wp-content\/uploads\/2025\/10\/WhatsApp-Image-2025-09-29-at-12.29.54-2-scaled.jpeg","width":1920,"height":2560},{"@type":"BreadcrumbList","@id":"https:\/\/vjcn.org\/product\/base-de-madera-pequena\/#breadcrumb","itemListElement":[{"@type":"ListItem","position":1,"name":"Home","item":"https:\/\/vjcn.org\/"},{"@type":"ListItem","position":2,"name":"Products","item":"https:\/\/vjcn.org\/en\/shop\/"},{"@type":"ListItem","position":3,"name":"Base de madera peque\u00f1a"}]},{"@type":"WebSite","@id":"https:\/\/vjcn.org\/#website","url":"https:\/\/vjcn.org\/","name":"Voluntariado Jes\u00fas con los ni\u00f1os","description":"Stories of life and hope","publisher":{"@id":"https:\/\/vjcn.org\/#organization"},"potentialAction":[{"@type":"SearchAction","target":{"@type":"EntryPoint","urlTemplate":"https:\/\/vjcn.org\/?s={search_term_string}"},"query-input":{"@type":"PropertyValueSpecification","valueRequired":true,"valueName":"search_term_string"}}],"inLanguage":"en-US"},{"@type":"Organization","@id":"https:\/\/vjcn.org\/#organization","name":"Voluntariado Jes\u00fas con los ni\u00f1os","url":"https:\/\/vjcn.org\/","logo":{"@type":"ImageObject","inLanguage":"en-US","@id":"https:\/\/vjcn.org\/#\/schema\/logo\/image\/","url":"https:\/\/vjcn.org\/wp-content\/uploads\/2025\/04\/cropped-Simbolo.png","contentUrl":"https:\/\/vjcn.org\/wp-content\/uploads\/2025\/04\/cropped-Simbolo.png","width":512,"height":512,"caption":"Voluntariado Jes\u00fas con los ni\u00f1os"},"image":{"@id":"https:\/\/vjcn.org\/#\/schema\/logo\/image\/"},"sameAs":["https:\/\/www.facebook.com\/people\/Voluntariado-Jess-Con-Los-Nios\/61550862245839\/","https:\/\/www.instagram.com\/voluntariadojcn\/"]}]}},"jetpack_sharing_enabled":true,"_links":{"self":[{"href":"https:\/\/vjcn.org\/en\/wp-json\/wp\/v2\/product\/4927","targetHints":{"allow":["GET"]}}],"collection":[{"href":"https:\/\/vjcn.org\/en\/wp-json\/wp\/v2\/product"}],"about":[{"href":"https:\/\/vjcn.org\/en\/wp-json\/wp\/v2\/types\/product"}],"replies":[{"embeddable":true,"href":"https:\/\/vjcn.org\/en\/wp-json\/wp\/v2\/comments?post=4927"}],"version-history":[{"count":2,"href":"https:\/\/vjcn.org\/en\/wp-json\/wp\/v2\/product\/4927\/revisions"}],"predecessor-version":[{"id":5065,"href":"https:\/\/vjcn.org\/en\/wp-json\/wp\/v2\/product\/4927\/revisions\/5065"}],"wp:featuredmedia":[{"embeddable":true,"href":"https:\/\/vjcn.org\/en\/wp-json\/wp\/v2\/media\/4928"}],"wp:attachment":[{"href":"https:\/\/vjcn.org\/en\/wp-json\/wp\/v2\/media?parent=4927"}],"wp:term":[{"taxonomy":"product_brand","embeddable":true,"href":"https:\/\/vjcn.org\/en\/wp-json\/wp\/v2\/product_brand?post=4927"},{"taxonomy":"product_cat","embeddable":true,"href":"https:\/\/vjcn.org\/en\/wp-json\/wp\/v2\/product_cat?post=4927"},{"taxonomy":"product_tag","embeddable":true,"href":"https:\/\/vjcn.org\/en\/wp-json\/wp\/v2\/product_tag?post=4927"}],"curies":[{"name":"wp","href":"https:\/\/api.w.org\/{rel}","templated":true}]}}