{"id":2671,"date":"2025-08-09T11:19:50","date_gmt":"2025-08-09T15:19:50","guid":{"rendered":"https:\/\/vjcn.org\/?post_type=product&#038;p=2671"},"modified":"2025-11-12T15:26:36","modified_gmt":"2025-11-12T19:26:36","slug":"servilletas-de-lino-algodon","status":"publish","type":"product","link":"https:\/\/vjcn.org\/en\/product\/servilletas-de-lino-algodon\/","title":{"rendered":"Servilletas de Lino-Algod\u00f3n"},"content":{"rendered":"<p><span data-sheets-root=\"1\">Juego de 6 Servilletas de Lino-Algod\u00f3n. Tama\u00f1o 17&#215;17 pulgadas.<\/span><\/p>\n<p><!--more--><\/p>\n<p><span data-sheets-root=\"1\"><strong>Cuidado del producto<\/strong><\/span><\/p>\n<p><strong>Lavado:<\/strong><\/p>\n<ul>\n<li>A mano o en lavadora, con agua fr\u00eda o tibia.<\/li>\n<li>Usa detergente suave<\/li>\n<li>No uses cloro ni suavizante<\/li>\n<\/ul>\n<p><strong>Secado:<\/strong><\/p>\n<ul>\n<li>Seca al aire, a la sombra<\/li>\n<li>Si usas secadora, elige ciclo bajo<\/li>\n<\/ul>\n<p><strong>Planchado:<br \/>\n<\/strong><\/p>\n<ul>\n<li>Plancha tibia, preferiblemente con vapor<\/li>\n<li>Para mejores resultados, plancha del rev\u00e9s<\/li>\n<\/ul>","protected":false},"excerpt":{"rendered":"<p>Juego de 6 Servilletas de Lino-Algod\u00f3n. Tama\u00f1o 17&#215;17 pulgadas.<\/p>","protected":false},"featured_media":2426,"comment_status":"open","ping_status":"closed","template":"","meta":[],"product_brand":[],"product_cat":[25,28],"product_tag":[],"class_list":{"0":"post-2671","1":"product","2":"type-product","3":"status-publish","4":"has-post-thumbnail","6":"product_cat-articulos","7":"product_cat-manteleriayhogar","9":"first","10":"instock","11":"purchasable","12":"product-type-variable"},"yoast_head":"<!-- This site is optimized with the Yoast SEO plugin v27.4 - https:\/\/yoast.com\/product\/yoast-seo-wordpress\/ -->\n<title>Servilletas de Lino-Algod\u00f3n - Voluntariado Jes\u00fas con los ni\u00f1os<\/title>\n<meta name=\"description\" content=\"Juego de 6 Servilletas de Lino-Algod\u00f3n. Dale un toque \u00fanico a tu hogar y apoya el tratamiento de ni\u00f1os enfermos. \u00a1Tu compra hace la diferencia!\" \/>\n<meta name=\"robots\" content=\"index, follow, max-snippet:-1, max-image-preview:large, max-video-preview:-1\" \/>\n<link rel=\"canonical\" href=\"https:\/\/vjcn.org\/en\/product\/servilletas-de-lino-algodon\/\" \/>\n<meta property=\"og:locale\" content=\"en_US\" \/>\n<meta property=\"og:type\" content=\"article\" \/>\n<meta property=\"og:title\" content=\"Servilletas de Lino-Algod\u00f3n - Voluntariado Jes\u00fas con los ni\u00f1os\" \/>\n<meta property=\"og:description\" content=\"Juego de 6 Servilletas de Lino-Algod\u00f3n. Dale un toque \u00fanico a tu hogar y apoya el tratamiento de ni\u00f1os enfermos. \u00a1Tu compra hace la diferencia!\" \/>\n<meta property=\"og:url\" content=\"https:\/\/vjcn.org\/en\/product\/servilletas-de-lino-algodon\/\" \/>\n<meta property=\"og:site_name\" content=\"Voluntariado Jes\u00fas con los ni\u00f1os\" \/>\n<meta property=\"article:publisher\" content=\"https:\/\/www.facebook.com\/people\/Voluntariado-Jess-Con-Los-Nios\/61550862245839\/\" \/>\n<meta property=\"article:modified_time\" content=\"2025-11-12T19:26:36+00:00\" \/>\n<meta property=\"og:image\" content=\"https:\/\/vjcn.org\/wp-content\/uploads\/2025\/08\/30-1024x1024.png\" \/>\n\t<meta property=\"og:image:width\" content=\"1024\" \/>\n\t<meta property=\"og:image:height\" content=\"1024\" \/>\n\t<meta property=\"og:image:type\" content=\"image\/png\" \/>\n<meta name=\"twitter:card\" content=\"summary_large_image\" \/>\n<meta name=\"twitter:label1\" content=\"Est. reading time\" \/>\n\t<meta name=\"twitter:data1\" content=\"1 minute\" \/>\n<script type=\"application\/ld+json\" class=\"yoast-schema-graph\">{\"@context\":\"https:\\\/\\\/schema.org\",\"@graph\":[{\"@type\":\"WebPage\",\"@id\":\"https:\\\/\\\/vjcn.org\\\/product\\\/servilletas-de-lino-algodon\\\/\",\"url\":\"https:\\\/\\\/vjcn.org\\\/product\\\/servilletas-de-lino-algodon\\\/\",\"name\":\"Servilletas de Lino-Algod\u00f3n - Voluntariado Jes\u00fas con los ni\u00f1os\",\"isPartOf\":{\"@id\":\"https:\\\/\\\/vjcn.org\\\/#website\"},\"primaryImageOfPage\":{\"@id\":\"https:\\\/\\\/vjcn.org\\\/product\\\/servilletas-de-lino-algodon\\\/#primaryimage\"},\"image\":{\"@id\":\"https:\\\/\\\/vjcn.org\\\/product\\\/servilletas-de-lino-algodon\\\/#primaryimage\"},\"thumbnailUrl\":\"https:\\\/\\\/vjcn.org\\\/wp-content\\\/uploads\\\/2025\\\/08\\\/30.png\",\"datePublished\":\"2025-08-09T15:19:50+00:00\",\"dateModified\":\"2025-11-12T19:26:36+00:00\",\"description\":\"Juego de 6 Servilletas de Lino-Algod\u00f3n. Dale un toque \u00fanico a tu hogar y apoya el tratamiento de ni\u00f1os enfermos. \u00a1Tu compra hace la diferencia!\",\"breadcrumb\":{\"@id\":\"https:\\\/\\\/vjcn.org\\\/product\\\/servilletas-de-lino-algodon\\\/#breadcrumb\"},\"inLanguage\":\"en-US\",\"potentialAction\":[{\"@type\":\"ReadAction\",\"target\":[\"https:\\\/\\\/vjcn.org\\\/product\\\/servilletas-de-lino-algodon\\\/\"]}]},{\"@type\":\"ImageObject\",\"inLanguage\":\"en-US\",\"@id\":\"https:\\\/\\\/vjcn.org\\\/product\\\/servilletas-de-lino-algodon\\\/#primaryimage\",\"url\":\"https:\\\/\\\/vjcn.org\\\/wp-content\\\/uploads\\\/2025\\\/08\\\/30.png\",\"contentUrl\":\"https:\\\/\\\/vjcn.org\\\/wp-content\\\/uploads\\\/2025\\\/08\\\/30.png\",\"width\":1080,\"height\":1080},{\"@type\":\"BreadcrumbList\",\"@id\":\"https:\\\/\\\/vjcn.org\\\/product\\\/servilletas-de-lino-algodon\\\/#breadcrumb\",\"itemListElement\":[{\"@type\":\"ListItem\",\"position\":1,\"name\":\"Home\",\"item\":\"https:\\\/\\\/vjcn.org\\\/\"},{\"@type\":\"ListItem\",\"position\":2,\"name\":\"Products\",\"item\":\"https:\\\/\\\/vjcn.org\\\/en\\\/shop\\\/\"},{\"@type\":\"ListItem\",\"position\":3,\"name\":\"Servilletas de Lino-Algod\u00f3n\"}]},{\"@type\":\"WebSite\",\"@id\":\"https:\\\/\\\/vjcn.org\\\/#website\",\"url\":\"https:\\\/\\\/vjcn.org\\\/\",\"name\":\"Voluntariado Jes\u00fas con los ni\u00f1os\",\"description\":\"Historias de vida y esperanza\",\"publisher\":{\"@id\":\"https:\\\/\\\/vjcn.org\\\/#organization\"},\"potentialAction\":[{\"@type\":\"SearchAction\",\"target\":{\"@type\":\"EntryPoint\",\"urlTemplate\":\"https:\\\/\\\/vjcn.org\\\/?s={search_term_string}\"},\"query-input\":{\"@type\":\"PropertyValueSpecification\",\"valueRequired\":true,\"valueName\":\"search_term_string\"}}],\"inLanguage\":\"en-US\"},{\"@type\":\"Organization\",\"@id\":\"https:\\\/\\\/vjcn.org\\\/#organization\",\"name\":\"Voluntariado Jes\u00fas con los ni\u00f1os\",\"url\":\"https:\\\/\\\/vjcn.org\\\/\",\"logo\":{\"@type\":\"ImageObject\",\"inLanguage\":\"en-US\",\"@id\":\"https:\\\/\\\/vjcn.org\\\/#\\\/schema\\\/logo\\\/image\\\/\",\"url\":\"https:\\\/\\\/vjcn.org\\\/wp-content\\\/uploads\\\/2025\\\/04\\\/cropped-Simbolo.png\",\"contentUrl\":\"https:\\\/\\\/vjcn.org\\\/wp-content\\\/uploads\\\/2025\\\/04\\\/cropped-Simbolo.png\",\"width\":512,\"height\":512,\"caption\":\"Voluntariado Jes\u00fas con los ni\u00f1os\"},\"image\":{\"@id\":\"https:\\\/\\\/vjcn.org\\\/#\\\/schema\\\/logo\\\/image\\\/\"},\"sameAs\":[\"https:\\\/\\\/www.facebook.com\\\/people\\\/Voluntariado-Jess-Con-Los-Nios\\\/61550862245839\\\/\",\"https:\\\/\\\/www.instagram.com\\\/voluntariadojcn\\\/\"]}]}<\/script>\n<!-- \/ Yoast SEO plugin. -->","yoast_head_json":{"title":"Servilletas de Lino-Algod\u00f3n - Voluntariado Jes\u00fas con los ni\u00f1os","description":"Juego de 6 Servilletas de Lino-Algod\u00f3n. Dale un toque \u00fanico a tu hogar y apoya el tratamiento de ni\u00f1os enfermos. \u00a1Tu compra hace la diferencia!","robots":{"index":"index","follow":"follow","max-snippet":"max-snippet:-1","max-image-preview":"max-image-preview:large","max-video-preview":"max-video-preview:-1"},"canonical":"https:\/\/vjcn.org\/en\/product\/servilletas-de-lino-algodon\/","og_locale":"en_US","og_type":"article","og_title":"Servilletas de Lino-Algod\u00f3n - Voluntariado Jes\u00fas con los ni\u00f1os","og_description":"Juego de 6 Servilletas de Lino-Algod\u00f3n. Dale un toque \u00fanico a tu hogar y apoya el tratamiento de ni\u00f1os enfermos. \u00a1Tu compra hace la diferencia!","og_url":"https:\/\/vjcn.org\/en\/product\/servilletas-de-lino-algodon\/","og_site_name":"Voluntariado Jes\u00fas con los ni\u00f1os","article_publisher":"https:\/\/www.facebook.com\/people\/Voluntariado-Jess-Con-Los-Nios\/61550862245839\/","article_modified_time":"2025-11-12T19:26:36+00:00","og_image":[{"width":1024,"height":1024,"url":"https:\/\/vjcn.org\/wp-content\/uploads\/2025\/08\/30-1024x1024.png","type":"image\/png"}],"twitter_card":"summary_large_image","twitter_misc":{"Est. reading time":"1 minute"},"schema":{"@context":"https:\/\/schema.org","@graph":[{"@type":"WebPage","@id":"https:\/\/vjcn.org\/product\/servilletas-de-lino-algodon\/","url":"https:\/\/vjcn.org\/product\/servilletas-de-lino-algodon\/","name":"Servilletas de Lino-Algod\u00f3n - Voluntariado Jes\u00fas con los ni\u00f1os","isPartOf":{"@id":"https:\/\/vjcn.org\/#website"},"primaryImageOfPage":{"@id":"https:\/\/vjcn.org\/product\/servilletas-de-lino-algodon\/#primaryimage"},"image":{"@id":"https:\/\/vjcn.org\/product\/servilletas-de-lino-algodon\/#primaryimage"},"thumbnailUrl":"https:\/\/vjcn.org\/wp-content\/uploads\/2025\/08\/30.png","datePublished":"2025-08-09T15:19:50+00:00","dateModified":"2025-11-12T19:26:36+00:00","description":"Juego de 6 Servilletas de Lino-Algod\u00f3n. Dale un toque \u00fanico a tu hogar y apoya el tratamiento de ni\u00f1os enfermos. \u00a1Tu compra hace la diferencia!","breadcrumb":{"@id":"https:\/\/vjcn.org\/product\/servilletas-de-lino-algodon\/#breadcrumb"},"inLanguage":"en-US","potentialAction":[{"@type":"ReadAction","target":["https:\/\/vjcn.org\/product\/servilletas-de-lino-algodon\/"]}]},{"@type":"ImageObject","inLanguage":"en-US","@id":"https:\/\/vjcn.org\/product\/servilletas-de-lino-algodon\/#primaryimage","url":"https:\/\/vjcn.org\/wp-content\/uploads\/2025\/08\/30.png","contentUrl":"https:\/\/vjcn.org\/wp-content\/uploads\/2025\/08\/30.png","width":1080,"height":1080},{"@type":"BreadcrumbList","@id":"https:\/\/vjcn.org\/product\/servilletas-de-lino-algodon\/#breadcrumb","itemListElement":[{"@type":"ListItem","position":1,"name":"Home","item":"https:\/\/vjcn.org\/"},{"@type":"ListItem","position":2,"name":"Products","item":"https:\/\/vjcn.org\/en\/shop\/"},{"@type":"ListItem","position":3,"name":"Servilletas de Lino-Algod\u00f3n"}]},{"@type":"WebSite","@id":"https:\/\/vjcn.org\/#website","url":"https:\/\/vjcn.org\/","name":"Voluntariado Jes\u00fas con los ni\u00f1os","description":"Stories of life and hope","publisher":{"@id":"https:\/\/vjcn.org\/#organization"},"potentialAction":[{"@type":"SearchAction","target":{"@type":"EntryPoint","urlTemplate":"https:\/\/vjcn.org\/?s={search_term_string}"},"query-input":{"@type":"PropertyValueSpecification","valueRequired":true,"valueName":"search_term_string"}}],"inLanguage":"en-US"},{"@type":"Organization","@id":"https:\/\/vjcn.org\/#organization","name":"Voluntariado Jes\u00fas con los ni\u00f1os","url":"https:\/\/vjcn.org\/","logo":{"@type":"ImageObject","inLanguage":"en-US","@id":"https:\/\/vjcn.org\/#\/schema\/logo\/image\/","url":"https:\/\/vjcn.org\/wp-content\/uploads\/2025\/04\/cropped-Simbolo.png","contentUrl":"https:\/\/vjcn.org\/wp-content\/uploads\/2025\/04\/cropped-Simbolo.png","width":512,"height":512,"caption":"Voluntariado Jes\u00fas con los ni\u00f1os"},"image":{"@id":"https:\/\/vjcn.org\/#\/schema\/logo\/image\/"},"sameAs":["https:\/\/www.facebook.com\/people\/Voluntariado-Jess-Con-Los-Nios\/61550862245839\/","https:\/\/www.instagram.com\/voluntariadojcn\/"]}]}},"jetpack_sharing_enabled":true,"_links":{"self":[{"href":"https:\/\/vjcn.org\/en\/wp-json\/wp\/v2\/product\/2671","targetHints":{"allow":["GET"]}}],"collection":[{"href":"https:\/\/vjcn.org\/en\/wp-json\/wp\/v2\/product"}],"about":[{"href":"https:\/\/vjcn.org\/en\/wp-json\/wp\/v2\/types\/product"}],"replies":[{"embeddable":true,"href":"https:\/\/vjcn.org\/en\/wp-json\/wp\/v2\/comments?post=2671"}],"version-history":[{"count":5,"href":"https:\/\/vjcn.org\/en\/wp-json\/wp\/v2\/product\/2671\/revisions"}],"predecessor-version":[{"id":2798,"href":"https:\/\/vjcn.org\/en\/wp-json\/wp\/v2\/product\/2671\/revisions\/2798"}],"wp:featuredmedia":[{"embeddable":true,"href":"https:\/\/vjcn.org\/en\/wp-json\/wp\/v2\/media\/2426"}],"wp:attachment":[{"href":"https:\/\/vjcn.org\/en\/wp-json\/wp\/v2\/media?parent=2671"}],"wp:term":[{"taxonomy":"product_brand","embeddable":true,"href":"https:\/\/vjcn.org\/en\/wp-json\/wp\/v2\/product_brand?post=2671"},{"taxonomy":"product_cat","embeddable":true,"href":"https:\/\/vjcn.org\/en\/wp-json\/wp\/v2\/product_cat?post=2671"},{"taxonomy":"product_tag","embeddable":true,"href":"https:\/\/vjcn.org\/en\/wp-json\/wp\/v2\/product_tag?post=2671"}],"curies":[{"name":"wp","href":"https:\/\/api.w.org\/{rel}","templated":true}]}}