{"id":2650,"date":"2025-08-09T10:42:48","date_gmt":"2025-08-09T14:42:48","guid":{"rendered":"https:\/\/vjcn.org\/?post_type=product&#038;p=2650"},"modified":"2025-11-04T06:05:46","modified_gmt":"2025-11-04T10:05:46","slug":"jabones-artesanales-de-lavanda-juego-de-2","status":"publish","type":"product","link":"https:\/\/vjcn.org\/en\/product\/jabones-artesanales-de-lavanda-juego-de-2\/","title":{"rendered":"Jabones artesanales de Lavanda &#8211; Juego de 2"},"content":{"rendered":"<p><span data-sheets-root=\"1\">2 Jabones artesanales en glicerina para todo tipo de piel y exquisito aroma de Lavanda (3 onz c\/u).<\/span><\/p>\n<p>Caja de 8 onz.<\/p>","protected":false},"excerpt":{"rendered":"<p>2 Jabones artesanales en glicerina para todo tipo de piel y exquisito aroma de Lavanda (3 onz c\/u). Caja de 8 onz.<\/p>","protected":false},"featured_media":2458,"comment_status":"open","ping_status":"closed","template":"","meta":[],"product_brand":[],"product_cat":[25,30],"product_tag":[],"class_list":{"0":"post-2650","1":"product","2":"type-product","3":"status-publish","4":"has-post-thumbnail","6":"product_cat-articulos","7":"product_cat-jabonesartesanales","9":"first","10":"instock","11":"purchasable","12":"product-type-simple"},"yoast_head":"<!-- This site is optimized with the Yoast SEO plugin v27.4 - https:\/\/yoast.com\/product\/yoast-seo-wordpress\/ -->\n<title>Jabones artesanales de Lavanda - Juego de 2 - Voluntariado Jes\u00fas con los ni\u00f1os<\/title>\n<meta name=\"description\" content=\"2 Jabones artesanales de Lavanda. Cuida tu piel con ingredientes naturales y ayuda al Voluntariado Jes\u00fas con los Ni\u00f1os. Regala con prop\u00f3sito.\" \/>\n<meta name=\"robots\" content=\"index, follow, max-snippet:-1, max-image-preview:large, max-video-preview:-1\" \/>\n<link rel=\"canonical\" href=\"https:\/\/vjcn.org\/en\/product\/jabones-artesanales-de-lavanda-juego-de-2\/\" \/>\n<meta property=\"og:locale\" content=\"en_US\" \/>\n<meta property=\"og:type\" content=\"article\" \/>\n<meta property=\"og:title\" content=\"Jabones artesanales de Lavanda - Juego de 2 - Voluntariado Jes\u00fas con los ni\u00f1os\" \/>\n<meta property=\"og:description\" content=\"2 Jabones artesanales de Lavanda. Cuida tu piel con ingredientes naturales y ayuda al Voluntariado Jes\u00fas con los Ni\u00f1os. Regala con prop\u00f3sito.\" \/>\n<meta property=\"og:url\" content=\"https:\/\/vjcn.org\/en\/product\/jabones-artesanales-de-lavanda-juego-de-2\/\" \/>\n<meta property=\"og:site_name\" content=\"Voluntariado Jes\u00fas con los ni\u00f1os\" \/>\n<meta property=\"article:publisher\" content=\"https:\/\/www.facebook.com\/people\/Voluntariado-Jess-Con-Los-Nios\/61550862245839\/\" \/>\n<meta property=\"article:modified_time\" content=\"2025-11-04T10:05:46+00:00\" \/>\n<meta property=\"og:image\" content=\"https:\/\/vjcn.org\/wp-content\/uploads\/2025\/08\/62-1024x1024.png\" \/>\n\t<meta property=\"og:image:width\" content=\"1024\" \/>\n\t<meta property=\"og:image:height\" content=\"1024\" \/>\n\t<meta property=\"og:image:type\" content=\"image\/png\" \/>\n<meta name=\"twitter:card\" content=\"summary_large_image\" \/>\n<meta name=\"twitter:label1\" content=\"Est. reading time\" \/>\n\t<meta name=\"twitter:data1\" content=\"1 minute\" \/>\n<script type=\"application\/ld+json\" class=\"yoast-schema-graph\">{\"@context\":\"https:\\\/\\\/schema.org\",\"@graph\":[{\"@type\":\"WebPage\",\"@id\":\"https:\\\/\\\/vjcn.org\\\/product\\\/jabones-artesanales-de-lavanda-juego-de-2\\\/\",\"url\":\"https:\\\/\\\/vjcn.org\\\/product\\\/jabones-artesanales-de-lavanda-juego-de-2\\\/\",\"name\":\"Jabones artesanales de Lavanda - Juego de 2 - Voluntariado Jes\u00fas con los ni\u00f1os\",\"isPartOf\":{\"@id\":\"https:\\\/\\\/vjcn.org\\\/#website\"},\"primaryImageOfPage\":{\"@id\":\"https:\\\/\\\/vjcn.org\\\/product\\\/jabones-artesanales-de-lavanda-juego-de-2\\\/#primaryimage\"},\"image\":{\"@id\":\"https:\\\/\\\/vjcn.org\\\/product\\\/jabones-artesanales-de-lavanda-juego-de-2\\\/#primaryimage\"},\"thumbnailUrl\":\"https:\\\/\\\/vjcn.org\\\/wp-content\\\/uploads\\\/2025\\\/08\\\/62.png\",\"datePublished\":\"2025-08-09T14:42:48+00:00\",\"dateModified\":\"2025-11-04T10:05:46+00:00\",\"description\":\"2 Jabones artesanales de Lavanda. Cuida tu piel con ingredientes naturales y ayuda al Voluntariado Jes\u00fas con los Ni\u00f1os. Regala con prop\u00f3sito.\",\"breadcrumb\":{\"@id\":\"https:\\\/\\\/vjcn.org\\\/product\\\/jabones-artesanales-de-lavanda-juego-de-2\\\/#breadcrumb\"},\"inLanguage\":\"en-US\",\"potentialAction\":[{\"@type\":\"ReadAction\",\"target\":[\"https:\\\/\\\/vjcn.org\\\/product\\\/jabones-artesanales-de-lavanda-juego-de-2\\\/\"]}]},{\"@type\":\"ImageObject\",\"inLanguage\":\"en-US\",\"@id\":\"https:\\\/\\\/vjcn.org\\\/product\\\/jabones-artesanales-de-lavanda-juego-de-2\\\/#primaryimage\",\"url\":\"https:\\\/\\\/vjcn.org\\\/wp-content\\\/uploads\\\/2025\\\/08\\\/62.png\",\"contentUrl\":\"https:\\\/\\\/vjcn.org\\\/wp-content\\\/uploads\\\/2025\\\/08\\\/62.png\",\"width\":1080,\"height\":1080},{\"@type\":\"BreadcrumbList\",\"@id\":\"https:\\\/\\\/vjcn.org\\\/product\\\/jabones-artesanales-de-lavanda-juego-de-2\\\/#breadcrumb\",\"itemListElement\":[{\"@type\":\"ListItem\",\"position\":1,\"name\":\"Home\",\"item\":\"https:\\\/\\\/vjcn.org\\\/\"},{\"@type\":\"ListItem\",\"position\":2,\"name\":\"Products\",\"item\":\"https:\\\/\\\/vjcn.org\\\/en\\\/shop\\\/\"},{\"@type\":\"ListItem\",\"position\":3,\"name\":\"Jabones artesanales de Lavanda &#8211; Juego de 2\"}]},{\"@type\":\"WebSite\",\"@id\":\"https:\\\/\\\/vjcn.org\\\/#website\",\"url\":\"https:\\\/\\\/vjcn.org\\\/\",\"name\":\"Voluntariado Jes\u00fas con los ni\u00f1os\",\"description\":\"Historias de vida y esperanza\",\"publisher\":{\"@id\":\"https:\\\/\\\/vjcn.org\\\/#organization\"},\"potentialAction\":[{\"@type\":\"SearchAction\",\"target\":{\"@type\":\"EntryPoint\",\"urlTemplate\":\"https:\\\/\\\/vjcn.org\\\/?s={search_term_string}\"},\"query-input\":{\"@type\":\"PropertyValueSpecification\",\"valueRequired\":true,\"valueName\":\"search_term_string\"}}],\"inLanguage\":\"en-US\"},{\"@type\":\"Organization\",\"@id\":\"https:\\\/\\\/vjcn.org\\\/#organization\",\"name\":\"Voluntariado Jes\u00fas con los ni\u00f1os\",\"url\":\"https:\\\/\\\/vjcn.org\\\/\",\"logo\":{\"@type\":\"ImageObject\",\"inLanguage\":\"en-US\",\"@id\":\"https:\\\/\\\/vjcn.org\\\/#\\\/schema\\\/logo\\\/image\\\/\",\"url\":\"https:\\\/\\\/vjcn.org\\\/wp-content\\\/uploads\\\/2025\\\/04\\\/cropped-Simbolo.png\",\"contentUrl\":\"https:\\\/\\\/vjcn.org\\\/wp-content\\\/uploads\\\/2025\\\/04\\\/cropped-Simbolo.png\",\"width\":512,\"height\":512,\"caption\":\"Voluntariado Jes\u00fas con los ni\u00f1os\"},\"image\":{\"@id\":\"https:\\\/\\\/vjcn.org\\\/#\\\/schema\\\/logo\\\/image\\\/\"},\"sameAs\":[\"https:\\\/\\\/www.facebook.com\\\/people\\\/Voluntariado-Jess-Con-Los-Nios\\\/61550862245839\\\/\",\"https:\\\/\\\/www.instagram.com\\\/voluntariadojcn\\\/\"]}]}<\/script>\n<!-- \/ Yoast SEO plugin. -->","yoast_head_json":{"title":"Jabones artesanales de Lavanda - Juego de 2 - Voluntariado Jes\u00fas con los ni\u00f1os","description":"2 Jabones artesanales de Lavanda. Cuida tu piel con ingredientes naturales y ayuda al Voluntariado Jes\u00fas con los Ni\u00f1os. Regala con prop\u00f3sito.","robots":{"index":"index","follow":"follow","max-snippet":"max-snippet:-1","max-image-preview":"max-image-preview:large","max-video-preview":"max-video-preview:-1"},"canonical":"https:\/\/vjcn.org\/en\/product\/jabones-artesanales-de-lavanda-juego-de-2\/","og_locale":"en_US","og_type":"article","og_title":"Jabones artesanales de Lavanda - Juego de 2 - Voluntariado Jes\u00fas con los ni\u00f1os","og_description":"2 Jabones artesanales de Lavanda. Cuida tu piel con ingredientes naturales y ayuda al Voluntariado Jes\u00fas con los Ni\u00f1os. Regala con prop\u00f3sito.","og_url":"https:\/\/vjcn.org\/en\/product\/jabones-artesanales-de-lavanda-juego-de-2\/","og_site_name":"Voluntariado Jes\u00fas con los ni\u00f1os","article_publisher":"https:\/\/www.facebook.com\/people\/Voluntariado-Jess-Con-Los-Nios\/61550862245839\/","article_modified_time":"2025-11-04T10:05:46+00:00","og_image":[{"width":1024,"height":1024,"url":"https:\/\/vjcn.org\/wp-content\/uploads\/2025\/08\/62-1024x1024.png","type":"image\/png"}],"twitter_card":"summary_large_image","twitter_misc":{"Est. reading time":"1 minute"},"schema":{"@context":"https:\/\/schema.org","@graph":[{"@type":"WebPage","@id":"https:\/\/vjcn.org\/product\/jabones-artesanales-de-lavanda-juego-de-2\/","url":"https:\/\/vjcn.org\/product\/jabones-artesanales-de-lavanda-juego-de-2\/","name":"Jabones artesanales de Lavanda - Juego de 2 - Voluntariado Jes\u00fas con los ni\u00f1os","isPartOf":{"@id":"https:\/\/vjcn.org\/#website"},"primaryImageOfPage":{"@id":"https:\/\/vjcn.org\/product\/jabones-artesanales-de-lavanda-juego-de-2\/#primaryimage"},"image":{"@id":"https:\/\/vjcn.org\/product\/jabones-artesanales-de-lavanda-juego-de-2\/#primaryimage"},"thumbnailUrl":"https:\/\/vjcn.org\/wp-content\/uploads\/2025\/08\/62.png","datePublished":"2025-08-09T14:42:48+00:00","dateModified":"2025-11-04T10:05:46+00:00","description":"2 Jabones artesanales de Lavanda. Cuida tu piel con ingredientes naturales y ayuda al Voluntariado Jes\u00fas con los Ni\u00f1os. Regala con prop\u00f3sito.","breadcrumb":{"@id":"https:\/\/vjcn.org\/product\/jabones-artesanales-de-lavanda-juego-de-2\/#breadcrumb"},"inLanguage":"en-US","potentialAction":[{"@type":"ReadAction","target":["https:\/\/vjcn.org\/product\/jabones-artesanales-de-lavanda-juego-de-2\/"]}]},{"@type":"ImageObject","inLanguage":"en-US","@id":"https:\/\/vjcn.org\/product\/jabones-artesanales-de-lavanda-juego-de-2\/#primaryimage","url":"https:\/\/vjcn.org\/wp-content\/uploads\/2025\/08\/62.png","contentUrl":"https:\/\/vjcn.org\/wp-content\/uploads\/2025\/08\/62.png","width":1080,"height":1080},{"@type":"BreadcrumbList","@id":"https:\/\/vjcn.org\/product\/jabones-artesanales-de-lavanda-juego-de-2\/#breadcrumb","itemListElement":[{"@type":"ListItem","position":1,"name":"Home","item":"https:\/\/vjcn.org\/"},{"@type":"ListItem","position":2,"name":"Products","item":"https:\/\/vjcn.org\/en\/shop\/"},{"@type":"ListItem","position":3,"name":"Jabones artesanales de Lavanda &#8211; Juego de 2"}]},{"@type":"WebSite","@id":"https:\/\/vjcn.org\/#website","url":"https:\/\/vjcn.org\/","name":"Voluntariado Jes\u00fas con los ni\u00f1os","description":"Stories of life and hope","publisher":{"@id":"https:\/\/vjcn.org\/#organization"},"potentialAction":[{"@type":"SearchAction","target":{"@type":"EntryPoint","urlTemplate":"https:\/\/vjcn.org\/?s={search_term_string}"},"query-input":{"@type":"PropertyValueSpecification","valueRequired":true,"valueName":"search_term_string"}}],"inLanguage":"en-US"},{"@type":"Organization","@id":"https:\/\/vjcn.org\/#organization","name":"Voluntariado Jes\u00fas con los ni\u00f1os","url":"https:\/\/vjcn.org\/","logo":{"@type":"ImageObject","inLanguage":"en-US","@id":"https:\/\/vjcn.org\/#\/schema\/logo\/image\/","url":"https:\/\/vjcn.org\/wp-content\/uploads\/2025\/04\/cropped-Simbolo.png","contentUrl":"https:\/\/vjcn.org\/wp-content\/uploads\/2025\/04\/cropped-Simbolo.png","width":512,"height":512,"caption":"Voluntariado Jes\u00fas con los ni\u00f1os"},"image":{"@id":"https:\/\/vjcn.org\/#\/schema\/logo\/image\/"},"sameAs":["https:\/\/www.facebook.com\/people\/Voluntariado-Jess-Con-Los-Nios\/61550862245839\/","https:\/\/www.instagram.com\/voluntariadojcn\/"]}]}},"jetpack_sharing_enabled":true,"_links":{"self":[{"href":"https:\/\/vjcn.org\/en\/wp-json\/wp\/v2\/product\/2650","targetHints":{"allow":["GET"]}}],"collection":[{"href":"https:\/\/vjcn.org\/en\/wp-json\/wp\/v2\/product"}],"about":[{"href":"https:\/\/vjcn.org\/en\/wp-json\/wp\/v2\/types\/product"}],"replies":[{"embeddable":true,"href":"https:\/\/vjcn.org\/en\/wp-json\/wp\/v2\/comments?post=2650"}],"version-history":[{"count":3,"href":"https:\/\/vjcn.org\/en\/wp-json\/wp\/v2\/product\/2650\/revisions"}],"predecessor-version":[{"id":2818,"href":"https:\/\/vjcn.org\/en\/wp-json\/wp\/v2\/product\/2650\/revisions\/2818"}],"wp:featuredmedia":[{"embeddable":true,"href":"https:\/\/vjcn.org\/en\/wp-json\/wp\/v2\/media\/2458"}],"wp:attachment":[{"href":"https:\/\/vjcn.org\/en\/wp-json\/wp\/v2\/media?parent=2650"}],"wp:term":[{"taxonomy":"product_brand","embeddable":true,"href":"https:\/\/vjcn.org\/en\/wp-json\/wp\/v2\/product_brand?post=2650"},{"taxonomy":"product_cat","embeddable":true,"href":"https:\/\/vjcn.org\/en\/wp-json\/wp\/v2\/product_cat?post=2650"},{"taxonomy":"product_tag","embeddable":true,"href":"https:\/\/vjcn.org\/en\/wp-json\/wp\/v2\/product_tag?post=2650"}],"curies":[{"name":"wp","href":"https:\/\/api.w.org\/{rel}","templated":true}]}}