{"id":82,"date":"2025-04-18T22:17:26","date_gmt":"2025-04-18T22:17:26","guid":{"rendered":"https:\/\/vjcn.org\/?page_id=82"},"modified":"2025-09-14T11:15:17","modified_gmt":"2025-09-14T15:15:17","slug":"transferencias-nacionales","status":"publish","type":"page","link":"https:\/\/vjcn.org\/en\/transferencias-nacionales\/","title":{"rendered":"Transferencias Nacionales"},"content":{"rendered":"<div data-elementor-type=\"wp-page\" data-elementor-id=\"82\" class=\"elementor elementor-82\" data-elementor-post-type=\"page\">\n\t\t\t\t<div class=\"elementor-element elementor-element-0b3b4dd e-flex e-con-boxed e-con e-parent\" data-id=\"0b3b4dd\" data-element_type=\"container\" data-e-type=\"container\">\n\t\t\t\t\t<div class=\"e-con-inner\">\n\t\t\t\t<div class=\"elementor-element elementor-element-e3ff396 elementor-widget elementor-widget-heading\" data-id=\"e3ff396\" data-element_type=\"widget\" data-e-type=\"widget\" data-widget_type=\"heading.default\">\n\t\t\t\t<div class=\"elementor-widget-container\">\n\t\t\t\t\t<h2 class=\"elementor-heading-title elementor-size-default\">Donations by transfers or national bank deposits\n<\/h2>\t\t\t\t<\/div>\n\t\t\t\t<\/div>\n\t\t\t\t\t<\/div>\n\t\t\t\t<\/div>\n\t\t<div class=\"elementor-element elementor-element-2194c39 e-flex e-con-boxed e-con e-parent\" data-id=\"2194c39\" data-element_type=\"container\" data-e-type=\"container\">\n\t\t\t\t\t<div class=\"e-con-inner\">\n\t\t\t\t<div class=\"elementor-element elementor-element-1bd40bb elementor-widget elementor-widget-text-editor\" data-id=\"1bd40bb\" data-element_type=\"widget\" data-e-type=\"widget\" data-widget_type=\"text-editor.default\">\n\t\t\t\t<div class=\"elementor-widget-container\">\n\t\t\t\t\t\t\t\t\t<section id=\"comp-ly1khywd3\" class=\"Oqnisf comp-ly1khywd3 wixui-section\" tabindex=\"-1\" data-block-level-container=\"ClassicSection\"><div class=\"\" data-mesh-id=\"comp-ly1khywd3inlineContent\" data-testid=\"inline-content\"><h5 data-mesh-id=\"comp-ly1khywd3inlineContent-gridContainer\" data-testid=\"mesh-container-content\"><span class=\"wixui-rich-text__text\"><span class=\"color_18 wixui-rich-text__text\">(Dominican Republic)<\/span><\/span><\/h5><\/div><\/section><h5><span style=\"font-family: -apple-system, BlinkMacSystemFont, 'Segoe UI', Roboto, 'Helvetica Neue', Arial, 'Noto Sans', sans-serif, 'Apple Color Emoji', 'Segoe UI Emoji', 'Segoe UI Symbol', 'Noto Color Emoji';\">Voluntariado Jes\u00fas con los Ni\u00f1os<\/span><\/h5><h5>RNC 402-06427-2<\/h5><section id=\"comp-ly1khywd5\" class=\"Oqnisf comp-ly1khywd5 wixui-section\" tabindex=\"-1\" data-block-level-container=\"ClassicSection\"><h5><span style=\"font-family: -apple-system, BlinkMacSystemFont, 'Segoe UI', Roboto, 'Helvetica Neue', Arial, 'Noto Sans', sans-serif, 'Apple Color Emoji', 'Segoe UI Emoji', 'Segoe UI Symbol', 'Noto Color Emoji';\">Currency: Dominican Peso<\/span><\/h5><div class=\"\" data-mesh-id=\"comp-ly1khywd5inlineContent\" data-testid=\"inline-content\"><div data-mesh-id=\"comp-ly1khywd5inlineContent-gridContainer\" data-testid=\"mesh-container-content\"><h5 id=\"comp-kv8ufzc1\" class=\"HcOXKn SxM0TO QxJLC3 lq2cno YQcXTT comp-kv8ufzc1 wixui-rich-text\" data-testid=\"richTextElement\"><span class=\"color_18 wixui-rich-text__text\"><span class=\"wixui-rich-text__text\">\u00a0Account Number: 02845814<br class=\"wixui-rich-text__text\" \/>Bank: Banco Popular Dominicano<\/span><\/span><\/h5><\/div><\/div><\/section>\t\t\t\t\t\t\t\t<\/div>\n\t\t\t\t<\/div>\n\t\t\t\t<div class=\"elementor-element elementor-element-20abfb9 elementor-widget elementor-widget-spacer\" data-id=\"20abfb9\" data-element_type=\"widget\" data-e-type=\"widget\" data-widget_type=\"spacer.default\">\n\t\t\t\t<div class=\"elementor-widget-container\">\n\t\t\t\t\t\t\t<div class=\"elementor-spacer\">\n\t\t\t<div class=\"elementor-spacer-inner\"><\/div>\n\t\t<\/div>\n\t\t\t\t\t\t<\/div>\n\t\t\t\t<\/div>\n\t\t\t\t\t<\/div>\n\t\t\t\t<\/div>\n\t\t\t\t<\/div>","protected":false},"excerpt":{"rendered":"<p>Donaciones por transferencias o dep\u00f3sitos bancarios nacionales (Rep\u00fablica Dominicana) Voluntariado Jes\u00fas con los Ni\u00f1os RNC 402-06427-2 Moneda: Peso Dominicano \u00a0Cuenta Corriente No. 02845814Banco: Banco Popular Dominicano<\/p>","protected":false},"author":1,"featured_media":0,"parent":0,"menu_order":0,"comment_status":"closed","ping_status":"closed","template":"","meta":{"footnotes":""},"class_list":["post-82","page","type-page","status-publish","hentry"],"yoast_head":"<!-- This site is optimized with the Yoast SEO plugin v27.4 - https:\/\/yoast.com\/product\/yoast-seo-wordpress\/ -->\n<title>Transferencias Nacionales - Voluntariado Jes\u00fas con los ni\u00f1os<\/title>\n<meta name=\"description\" content=\"Haz tu donaci\u00f3n desde Rep\u00fablica Dominicana con transferencias nacionales. Apoya nuestros programas de manera segura y directa.\" \/>\n<meta name=\"robots\" content=\"index, follow, max-snippet:-1, max-image-preview:large, max-video-preview:-1\" \/>\n<link rel=\"canonical\" href=\"https:\/\/vjcn.org\/en\/transferencias-nacionales\/\" \/>\n<meta property=\"og:locale\" content=\"en_US\" \/>\n<meta property=\"og:type\" content=\"article\" \/>\n<meta property=\"og:title\" content=\"Transferencias Nacionales - Voluntariado Jes\u00fas con los ni\u00f1os\" \/>\n<meta property=\"og:description\" content=\"Haz tu donaci\u00f3n desde Rep\u00fablica Dominicana con transferencias nacionales. Apoya nuestros programas de manera segura y directa.\" \/>\n<meta property=\"og:url\" content=\"https:\/\/vjcn.org\/en\/transferencias-nacionales\/\" \/>\n<meta property=\"og:site_name\" content=\"Voluntariado Jes\u00fas con los ni\u00f1os\" \/>\n<meta property=\"article:publisher\" content=\"https:\/\/www.facebook.com\/people\/Voluntariado-Jess-Con-Los-Nios\/61550862245839\/\" \/>\n<meta property=\"article:modified_time\" content=\"2025-09-14T15:15:17+00:00\" \/>\n<meta property=\"og:image\" content=\"https:\/\/vjcn.org\/wp-content\/uploads\/2025\/04\/Logo-nuevo-VJCN-e1745090748923.png\" \/>\n\t<meta property=\"og:image:width\" content=\"1050\" \/>\n\t<meta property=\"og:image:height\" content=\"545\" \/>\n\t<meta property=\"og:image:type\" content=\"image\/png\" \/>\n<meta name=\"twitter:card\" content=\"summary_large_image\" \/>\n<meta name=\"twitter:label1\" content=\"Est. reading time\" \/>\n\t<meta name=\"twitter:data1\" content=\"1 minute\" \/>\n<script type=\"application\/ld+json\" class=\"yoast-schema-graph\">{\"@context\":\"https:\\\/\\\/schema.org\",\"@graph\":[{\"@type\":\"WebPage\",\"@id\":\"https:\\\/\\\/vjcn.org\\\/transferencias-nacionales\\\/\",\"url\":\"https:\\\/\\\/vjcn.org\\\/transferencias-nacionales\\\/\",\"name\":\"Transferencias Nacionales - Voluntariado Jes\u00fas con los ni\u00f1os\",\"isPartOf\":{\"@id\":\"https:\\\/\\\/vjcn.org\\\/#website\"},\"datePublished\":\"2025-04-18T22:17:26+00:00\",\"dateModified\":\"2025-09-14T15:15:17+00:00\",\"description\":\"Haz tu donaci\u00f3n desde Rep\u00fablica Dominicana con transferencias nacionales. Apoya nuestros programas de manera segura y directa.\",\"breadcrumb\":{\"@id\":\"https:\\\/\\\/vjcn.org\\\/transferencias-nacionales\\\/#breadcrumb\"},\"inLanguage\":\"en-US\",\"potentialAction\":[{\"@type\":\"ReadAction\",\"target\":[\"https:\\\/\\\/vjcn.org\\\/transferencias-nacionales\\\/\"]}]},{\"@type\":\"BreadcrumbList\",\"@id\":\"https:\\\/\\\/vjcn.org\\\/transferencias-nacionales\\\/#breadcrumb\",\"itemListElement\":[{\"@type\":\"ListItem\",\"position\":1,\"name\":\"Home\",\"item\":\"https:\\\/\\\/vjcn.org\\\/\"},{\"@type\":\"ListItem\",\"position\":2,\"name\":\"Transferencias Nacionales\"}]},{\"@type\":\"WebSite\",\"@id\":\"https:\\\/\\\/vjcn.org\\\/#website\",\"url\":\"https:\\\/\\\/vjcn.org\\\/\",\"name\":\"Voluntariado Jes\u00fas con los ni\u00f1os\",\"description\":\"Historias de vida y esperanza\",\"publisher\":{\"@id\":\"https:\\\/\\\/vjcn.org\\\/#organization\"},\"potentialAction\":[{\"@type\":\"SearchAction\",\"target\":{\"@type\":\"EntryPoint\",\"urlTemplate\":\"https:\\\/\\\/vjcn.org\\\/?s={search_term_string}\"},\"query-input\":{\"@type\":\"PropertyValueSpecification\",\"valueRequired\":true,\"valueName\":\"search_term_string\"}}],\"inLanguage\":\"en-US\"},{\"@type\":\"Organization\",\"@id\":\"https:\\\/\\\/vjcn.org\\\/#organization\",\"name\":\"Voluntariado Jes\u00fas con los ni\u00f1os\",\"url\":\"https:\\\/\\\/vjcn.org\\\/\",\"logo\":{\"@type\":\"ImageObject\",\"inLanguage\":\"en-US\",\"@id\":\"https:\\\/\\\/vjcn.org\\\/#\\\/schema\\\/logo\\\/image\\\/\",\"url\":\"https:\\\/\\\/vjcn.org\\\/wp-content\\\/uploads\\\/2025\\\/04\\\/cropped-Simbolo.png\",\"contentUrl\":\"https:\\\/\\\/vjcn.org\\\/wp-content\\\/uploads\\\/2025\\\/04\\\/cropped-Simbolo.png\",\"width\":512,\"height\":512,\"caption\":\"Voluntariado Jes\u00fas con los ni\u00f1os\"},\"image\":{\"@id\":\"https:\\\/\\\/vjcn.org\\\/#\\\/schema\\\/logo\\\/image\\\/\"},\"sameAs\":[\"https:\\\/\\\/www.facebook.com\\\/people\\\/Voluntariado-Jess-Con-Los-Nios\\\/61550862245839\\\/\",\"https:\\\/\\\/www.instagram.com\\\/voluntariadojcn\\\/\"]}]}<\/script>\n<!-- \/ Yoast SEO plugin. -->","yoast_head_json":{"title":"Transferencias Nacionales - Voluntariado Jes\u00fas con los ni\u00f1os","description":"Haz tu donaci\u00f3n desde Rep\u00fablica Dominicana con transferencias nacionales. Apoya nuestros programas de manera segura y directa.","robots":{"index":"index","follow":"follow","max-snippet":"max-snippet:-1","max-image-preview":"max-image-preview:large","max-video-preview":"max-video-preview:-1"},"canonical":"https:\/\/vjcn.org\/en\/transferencias-nacionales\/","og_locale":"en_US","og_type":"article","og_title":"Transferencias Nacionales - Voluntariado Jes\u00fas con los ni\u00f1os","og_description":"Haz tu donaci\u00f3n desde Rep\u00fablica Dominicana con transferencias nacionales. Apoya nuestros programas de manera segura y directa.","og_url":"https:\/\/vjcn.org\/en\/transferencias-nacionales\/","og_site_name":"Voluntariado Jes\u00fas con los ni\u00f1os","article_publisher":"https:\/\/www.facebook.com\/people\/Voluntariado-Jess-Con-Los-Nios\/61550862245839\/","article_modified_time":"2025-09-14T15:15:17+00:00","og_image":[{"width":1050,"height":545,"url":"https:\/\/vjcn.org\/wp-content\/uploads\/2025\/04\/Logo-nuevo-VJCN-e1745090748923.png","type":"image\/png"}],"twitter_card":"summary_large_image","twitter_misc":{"Est. reading time":"1 minute"},"schema":{"@context":"https:\/\/schema.org","@graph":[{"@type":"WebPage","@id":"https:\/\/vjcn.org\/transferencias-nacionales\/","url":"https:\/\/vjcn.org\/transferencias-nacionales\/","name":"Transferencias Nacionales - Voluntariado Jes\u00fas con los ni\u00f1os","isPartOf":{"@id":"https:\/\/vjcn.org\/#website"},"datePublished":"2025-04-18T22:17:26+00:00","dateModified":"2025-09-14T15:15:17+00:00","description":"Haz tu donaci\u00f3n desde Rep\u00fablica Dominicana con transferencias nacionales. Apoya nuestros programas de manera segura y directa.","breadcrumb":{"@id":"https:\/\/vjcn.org\/transferencias-nacionales\/#breadcrumb"},"inLanguage":"en-US","potentialAction":[{"@type":"ReadAction","target":["https:\/\/vjcn.org\/transferencias-nacionales\/"]}]},{"@type":"BreadcrumbList","@id":"https:\/\/vjcn.org\/transferencias-nacionales\/#breadcrumb","itemListElement":[{"@type":"ListItem","position":1,"name":"Home","item":"https:\/\/vjcn.org\/"},{"@type":"ListItem","position":2,"name":"Transferencias Nacionales"}]},{"@type":"WebSite","@id":"https:\/\/vjcn.org\/#website","url":"https:\/\/vjcn.org\/","name":"Voluntariado Jes\u00fas con los ni\u00f1os","description":"Stories of life and hope","publisher":{"@id":"https:\/\/vjcn.org\/#organization"},"potentialAction":[{"@type":"SearchAction","target":{"@type":"EntryPoint","urlTemplate":"https:\/\/vjcn.org\/?s={search_term_string}"},"query-input":{"@type":"PropertyValueSpecification","valueRequired":true,"valueName":"search_term_string"}}],"inLanguage":"en-US"},{"@type":"Organization","@id":"https:\/\/vjcn.org\/#organization","name":"Voluntariado Jes\u00fas con los ni\u00f1os","url":"https:\/\/vjcn.org\/","logo":{"@type":"ImageObject","inLanguage":"en-US","@id":"https:\/\/vjcn.org\/#\/schema\/logo\/image\/","url":"https:\/\/vjcn.org\/wp-content\/uploads\/2025\/04\/cropped-Simbolo.png","contentUrl":"https:\/\/vjcn.org\/wp-content\/uploads\/2025\/04\/cropped-Simbolo.png","width":512,"height":512,"caption":"Voluntariado Jes\u00fas con los ni\u00f1os"},"image":{"@id":"https:\/\/vjcn.org\/#\/schema\/logo\/image\/"},"sameAs":["https:\/\/www.facebook.com\/people\/Voluntariado-Jess-Con-Los-Nios\/61550862245839\/","https:\/\/www.instagram.com\/voluntariadojcn\/"]}]}},"jetpack_sharing_enabled":true,"_links":{"self":[{"href":"https:\/\/vjcn.org\/en\/wp-json\/wp\/v2\/pages\/82","targetHints":{"allow":["GET"]}}],"collection":[{"href":"https:\/\/vjcn.org\/en\/wp-json\/wp\/v2\/pages"}],"about":[{"href":"https:\/\/vjcn.org\/en\/wp-json\/wp\/v2\/types\/page"}],"author":[{"embeddable":true,"href":"https:\/\/vjcn.org\/en\/wp-json\/wp\/v2\/users\/1"}],"replies":[{"embeddable":true,"href":"https:\/\/vjcn.org\/en\/wp-json\/wp\/v2\/comments?post=82"}],"version-history":[{"count":26,"href":"https:\/\/vjcn.org\/en\/wp-json\/wp\/v2\/pages\/82\/revisions"}],"predecessor-version":[{"id":4572,"href":"https:\/\/vjcn.org\/en\/wp-json\/wp\/v2\/pages\/82\/revisions\/4572"}],"wp:attachment":[{"href":"https:\/\/vjcn.org\/en\/wp-json\/wp\/v2\/media?parent=82"}],"curies":[{"name":"wp","href":"https:\/\/api.w.org\/{rel}","templated":true}]}}