{"id":61,"date":"2025-04-18T22:15:39","date_gmt":"2025-04-18T22:15:39","guid":{"rendered":"https:\/\/vjcn.org\/?page_id=61"},"modified":"2026-03-05T11:50:11","modified_gmt":"2026-03-05T15:50:11","slug":"eventos","status":"publish","type":"page","link":"https:\/\/vjcn.org\/en\/eventos\/","title":{"rendered":"Events"},"content":{"rendered":"<div data-elementor-type=\"wp-page\" data-elementor-id=\"61\" class=\"elementor elementor-61\" data-elementor-post-type=\"page\">\n\t\t\t\t<div class=\"elementor-element elementor-element-a77d17d e-flex e-con-boxed e-con e-parent\" data-id=\"a77d17d\" data-element_type=\"container\" data-e-type=\"container\">\n\t\t\t\t\t<div class=\"e-con-inner\">\n\t\t\t\t<div class=\"elementor-element elementor-element-8eb3362 elementor-widget elementor-widget-heading\" data-id=\"8eb3362\" data-element_type=\"widget\" data-e-type=\"widget\" data-widget_type=\"heading.default\">\n\t\t\t\t<div class=\"elementor-widget-container\">\n\t\t\t\t\t<h1 class=\"elementor-heading-title elementor-size-default\">Upcoming Events<\/h1>\t\t\t\t<\/div>\n\t\t\t\t<\/div>\n\t\t\t\t<div class=\"elementor-element elementor-element-95a576b elementor-widget-divider--view-line elementor-widget elementor-widget-divider\" data-id=\"95a576b\" data-element_type=\"widget\" data-e-type=\"widget\" data-widget_type=\"divider.default\">\n\t\t\t\t<div class=\"elementor-widget-container\">\n\t\t\t\t\t\t\t<div class=\"elementor-divider\">\n\t\t\t<span class=\"elementor-divider-separator\">\n\t\t\t\t\t\t<\/span>\n\t\t<\/div>\n\t\t\t\t\t\t<\/div>\n\t\t\t\t<\/div>\n\t\t\t\t\t<\/div>\n\t\t\t\t<\/div>\n\t\t<div class=\"elementor-element elementor-element-fe80256 e-flex e-con-boxed e-con e-parent\" data-id=\"fe80256\" data-element_type=\"container\" data-e-type=\"container\">\n\t\t\t\t\t<div class=\"e-con-inner\">\n\t\t\t\t<div class=\"elementor-element elementor-element-bd04be9 elementor-grid-3 elementor-grid-tablet-2 elementor-grid-mobile-1 elementor-posts--thumbnail-top elementor-widget elementor-widget-posts\" data-id=\"bd04be9\" data-element_type=\"widget\" data-e-type=\"widget\" data-settings=\"{&quot;pagination_type&quot;:&quot;numbers&quot;,&quot;classic_columns&quot;:&quot;3&quot;,&quot;classic_columns_tablet&quot;:&quot;2&quot;,&quot;classic_columns_mobile&quot;:&quot;1&quot;,&quot;classic_row_gap&quot;:{&quot;unit&quot;:&quot;px&quot;,&quot;size&quot;:35,&quot;sizes&quot;:[]},&quot;classic_row_gap_tablet&quot;:{&quot;unit&quot;:&quot;px&quot;,&quot;size&quot;:&quot;&quot;,&quot;sizes&quot;:[]},&quot;classic_row_gap_mobile&quot;:{&quot;unit&quot;:&quot;px&quot;,&quot;size&quot;:&quot;&quot;,&quot;sizes&quot;:[]}}\" data-widget_type=\"posts.classic\">\n\t\t\t\t<div class=\"elementor-widget-container\">\n\t\t\t\t\t\t\t<div class=\"elementor-posts-container elementor-posts elementor-posts--skin-classic elementor-grid\" role=\"list\">\n\t\t\t\t<article class=\"elementor-post elementor-grid-item post-5078 etn type-etn status-publish has-post-thumbnail hentry\" role=\"listitem\">\n\t\t\t\t<a class=\"elementor-post__thumbnail__link\" href=\"https:\/\/vjcn.org\/en\/eventosvjcn\/heroesdecorazon2026\/\" tabindex=\"-1\" >\n\t\t\t<div class=\"elementor-post__thumbnail\"><img fetchpriority=\"high\" decoding=\"async\" width=\"1229\" height=\"1536\" src=\"https:\/\/vjcn.org\/wp-content\/uploads\/2026\/01\/WhatsApp-Image-2026-01-22-at-16.28.00-1229x1536.jpeg\" class=\"attachment-1536x1536 size-1536x1536 wp-image-5556\" alt=\"\" srcset=\"https:\/\/vjcn.org\/wp-content\/uploads\/2026\/01\/WhatsApp-Image-2026-01-22-at-16.28.00-1229x1536.jpeg 1229w, https:\/\/vjcn.org\/wp-content\/uploads\/2026\/01\/WhatsApp-Image-2026-01-22-at-16.28.00-240x300.jpeg 240w, https:\/\/vjcn.org\/wp-content\/uploads\/2026\/01\/WhatsApp-Image-2026-01-22-at-16.28.00-819x1024.jpeg 819w, https:\/\/vjcn.org\/wp-content\/uploads\/2026\/01\/WhatsApp-Image-2026-01-22-at-16.28.00-768x960.jpeg 768w, https:\/\/vjcn.org\/wp-content\/uploads\/2026\/01\/WhatsApp-Image-2026-01-22-at-16.28.00-10x12.jpeg 10w, https:\/\/vjcn.org\/wp-content\/uploads\/2026\/01\/WhatsApp-Image-2026-01-22-at-16.28.00-600x750.jpeg 600w, https:\/\/vjcn.org\/wp-content\/uploads\/2026\/01\/WhatsApp-Image-2026-01-22-at-16.28.00.jpeg 1280w\" sizes=\"(max-width: 1229px) 100vw, 1229px\" \/><\/div>\n\t\t<\/a>\n\t\t\t\t<div class=\"elementor-post__text\">\n\t\t\t\t<h3 class=\"elementor-post__title\">\n\t\t\t<a href=\"https:\/\/vjcn.org\/en\/eventosvjcn\/heroesdecorazon2026\/\" >\n\t\t\t\t4ta Edici\u00f3n caminata del Cibao contra el c\u00e1ncer infantil \u2013 H\u00e9roes de Coraz\u00f3n 3K\t\t\t<\/a>\n\t\t<\/h3>\n\t\t\t\t<div class=\"elementor-post__meta-data\">\n\t\t\t\t\t<span class=\"elementor-post-date\">\n\t\t\t20\/11\/2025\t\t<\/span>\n\t\t\t\t<\/div>\n\t\t\t\t\t<div class=\"elementor-post__read-more-wrapper\">\n\t\t\n\t\t<a class=\"elementor-post__read-more\" href=\"https:\/\/vjcn.org\/en\/eventosvjcn\/heroesdecorazon2026\/\" aria-label=\"Read more about 4ta Edici\u00f3n caminata del Cibao contra el c\u00e1ncer infantil \u2013 H\u00e9roes de Coraz\u00f3n 3K\" tabindex=\"-1\" >\n\t\t\tLeer m\u00e1s \u00bb\t\t<\/a>\n\n\t\t\t\t\t<\/div>\n\t\t\t\t<\/div>\n\t\t\t\t<\/article>\n\t\t\t\t<\/div>\n\t\t\n\t\t\t\t\t\t<\/div>\n\t\t\t\t<\/div>\n\t\t\t\t<div class=\"elementor-element elementor-element-d76edb5 elementor-widget elementor-widget-spacer\" data-id=\"d76edb5\" data-element_type=\"widget\" data-e-type=\"widget\" data-widget_type=\"spacer.default\">\n\t\t\t\t<div class=\"elementor-widget-container\">\n\t\t\t\t\t\t\t<div class=\"elementor-spacer\">\n\t\t\t<div class=\"elementor-spacer-inner\"><\/div>\n\t\t<\/div>\n\t\t\t\t\t\t<\/div>\n\t\t\t\t<\/div>\n\t\t\t\t<div class=\"elementor-element elementor-element-916eb72 elementor-widget elementor-widget-heading\" data-id=\"916eb72\" data-element_type=\"widget\" data-e-type=\"widget\" data-widget_type=\"heading.default\">\n\t\t\t\t<div class=\"elementor-widget-container\">\n\t\t\t\t\t<h1 class=\"elementor-heading-title elementor-size-default\">Past Events<\/h1>\t\t\t\t<\/div>\n\t\t\t\t<\/div>\n\t\t\t\t<div class=\"elementor-element elementor-element-396ddb8 elementor-widget-divider--view-line elementor-widget elementor-widget-divider\" data-id=\"396ddb8\" data-element_type=\"widget\" data-e-type=\"widget\" data-widget_type=\"divider.default\">\n\t\t\t\t<div class=\"elementor-widget-container\">\n\t\t\t\t\t\t\t<div class=\"elementor-divider\">\n\t\t\t<span class=\"elementor-divider-separator\">\n\t\t\t\t\t\t<\/span>\n\t\t<\/div>\n\t\t\t\t\t\t<\/div>\n\t\t\t\t<\/div>\n\t\t\t\t<div class=\"elementor-element elementor-element-80ec355 elementor-grid-3 elementor-grid-tablet-2 elementor-grid-mobile-1 elementor-posts--thumbnail-top elementor-widget elementor-widget-posts\" data-id=\"80ec355\" data-element_type=\"widget\" data-e-type=\"widget\" data-settings=\"{&quot;pagination_type&quot;:&quot;numbers_and_prev_next&quot;,&quot;classic_columns&quot;:&quot;3&quot;,&quot;classic_columns_tablet&quot;:&quot;2&quot;,&quot;classic_columns_mobile&quot;:&quot;1&quot;,&quot;classic_row_gap&quot;:{&quot;unit&quot;:&quot;px&quot;,&quot;size&quot;:35,&quot;sizes&quot;:[]},&quot;classic_row_gap_tablet&quot;:{&quot;unit&quot;:&quot;px&quot;,&quot;size&quot;:&quot;&quot;,&quot;sizes&quot;:[]},&quot;classic_row_gap_mobile&quot;:{&quot;unit&quot;:&quot;px&quot;,&quot;size&quot;:&quot;&quot;,&quot;sizes&quot;:[]}}\" data-widget_type=\"posts.classic\">\n\t\t\t\t<div class=\"elementor-widget-container\">\n\t\t\t\t\t\t\t<div class=\"elementor-posts-container elementor-posts elementor-posts--skin-classic elementor-grid\" role=\"list\">\n\t\t\t\t<article class=\"elementor-post elementor-grid-item post-4860 post type-post status-publish format-standard has-post-thumbnail hentry category-eventos-pasados\" role=\"listitem\">\n\t\t\t\t<a class=\"elementor-post__thumbnail__link\" href=\"https:\/\/vjcn.org\/en\/uhop-celebra-veinte-anos-de-esperanza-y-servicio-a-la-ninez-con-cancer\/\" tabindex=\"-1\" target=\"&quot;_blank&quot;\">\n\t\t\t<div class=\"elementor-post__thumbnail\"><img decoding=\"async\" width=\"800\" height=\"534\" src=\"https:\/\/vjcn.org\/wp-content\/uploads\/2025\/10\/DSC_4940.jpg\" class=\"attachment-large size-large wp-image-4877\" alt=\"\" srcset=\"https:\/\/vjcn.org\/wp-content\/uploads\/2025\/10\/DSC_4940.jpg 1024w, https:\/\/vjcn.org\/wp-content\/uploads\/2025\/10\/DSC_4940-300x200.jpg 300w, https:\/\/vjcn.org\/wp-content\/uploads\/2025\/10\/DSC_4940-768x512.jpg 768w, https:\/\/vjcn.org\/wp-content\/uploads\/2025\/10\/DSC_4940-18x12.jpg 18w, https:\/\/vjcn.org\/wp-content\/uploads\/2025\/10\/DSC_4940-600x400.jpg 600w\" sizes=\"(max-width: 800px) 100vw, 800px\" \/><\/div>\n\t\t<\/a>\n\t\t\t\t<div class=\"elementor-post__text\">\n\t\t\t\t<h3 class=\"elementor-post__title\">\n\t\t\t<a href=\"https:\/\/vjcn.org\/en\/uhop-celebra-veinte-anos-de-esperanza-y-servicio-a-la-ninez-con-cancer\/\" target=\"&quot;_blank&quot;\">\n\t\t\t\tUHOP celebra veinte a\u00f1os de esperanza y servicio a la ni\u00f1ez con c\u00e1ncer\t\t\t<\/a>\n\t\t<\/h3>\n\t\t\t\t<div class=\"elementor-post__meta-data\">\n\t\t\t\t\t<span class=\"elementor-post-date\">\n\t\t\t09\/10\/2025\t\t<\/span>\n\t\t\t\t<span class=\"elementor-post-avatar\">\n\t\t\tNo Comments\t\t<\/span>\n\t\t\t\t<\/div>\n\t\t\n\t\t<a class=\"elementor-post__read-more\" href=\"https:\/\/vjcn.org\/en\/uhop-celebra-veinte-anos-de-esperanza-y-servicio-a-la-ninez-con-cancer\/\" aria-label=\"Read more about UHOP celebra veinte a\u00f1os de esperanza y servicio a la ni\u00f1ez con c\u00e1ncer\" tabindex=\"-1\" target=\"_blank\">\n\t\t\tLeer m\u00e1s \u00bb\t\t<\/a>\n\n\t\t\t\t<\/div>\n\t\t\t\t<\/article>\n\t\t\t\t<article class=\"elementor-post elementor-grid-item post-4282 post type-post status-publish format-standard has-post-thumbnail hentry category-eventos-pasados\" role=\"listitem\">\n\t\t\t\t<a class=\"elementor-post__thumbnail__link\" href=\"https:\/\/vjcn.org\/en\/el-arte-que-sana-voluntariado-jesus-con-los-ninos-abre-tienda-online-para-ampliar-sus-oportunidades-de-financiar-tratamientos-medicos\/\" tabindex=\"-1\" target=\"&quot;_blank&quot;\">\n\t\t\t<div class=\"elementor-post__thumbnail\"><img decoding=\"async\" width=\"800\" height=\"532\" src=\"https:\/\/vjcn.org\/wp-content\/uploads\/2025\/08\/JJR_5712.jpg\" class=\"attachment-large size-large wp-image-4305\" alt=\"\" srcset=\"https:\/\/vjcn.org\/wp-content\/uploads\/2025\/08\/JJR_5712.jpg 1024w, https:\/\/vjcn.org\/wp-content\/uploads\/2025\/08\/JJR_5712-300x200.jpg 300w, https:\/\/vjcn.org\/wp-content\/uploads\/2025\/08\/JJR_5712-768x511.jpg 768w, https:\/\/vjcn.org\/wp-content\/uploads\/2025\/08\/JJR_5712-600x399.jpg 600w\" sizes=\"(max-width: 800px) 100vw, 800px\" \/><\/div>\n\t\t<\/a>\n\t\t\t\t<div class=\"elementor-post__text\">\n\t\t\t\t<h3 class=\"elementor-post__title\">\n\t\t\t<a href=\"https:\/\/vjcn.org\/en\/el-arte-que-sana-voluntariado-jesus-con-los-ninos-abre-tienda-online-para-ampliar-sus-oportunidades-de-financiar-tratamientos-medicos\/\" target=\"&quot;_blank&quot;\">\n\t\t\t\tEl arte que sana: Voluntariado Jes\u00fas con los Ni\u00f1os abre tienda online para ampliar sus oportunidades de financiar tratamientos m\u00e9dicos\t\t\t<\/a>\n\t\t<\/h3>\n\t\t\t\t<div class=\"elementor-post__meta-data\">\n\t\t\t\t\t<span class=\"elementor-post-date\">\n\t\t\t27\/08\/2025\t\t<\/span>\n\t\t\t\t<span class=\"elementor-post-avatar\">\n\t\t\tNo Comments\t\t<\/span>\n\t\t\t\t<\/div>\n\t\t\n\t\t<a class=\"elementor-post__read-more\" href=\"https:\/\/vjcn.org\/en\/el-arte-que-sana-voluntariado-jesus-con-los-ninos-abre-tienda-online-para-ampliar-sus-oportunidades-de-financiar-tratamientos-medicos\/\" aria-label=\"Read more about El arte que sana: Voluntariado Jes\u00fas con los Ni\u00f1os abre tienda online para ampliar sus oportunidades de financiar tratamientos m\u00e9dicos\" tabindex=\"-1\" target=\"_blank\">\n\t\t\tLeer m\u00e1s \u00bb\t\t<\/a>\n\n\t\t\t\t<\/div>\n\t\t\t\t<\/article>\n\t\t\t\t<article class=\"elementor-post elementor-grid-item post-3968 post type-post status-publish format-standard has-post-thumbnail hentry category-eventos-pasados\" role=\"listitem\">\n\t\t\t\t<a class=\"elementor-post__thumbnail__link\" href=\"https:\/\/vjcn.org\/en\/la-esperanza-tendra-un-nuevo-hogar-record-de-participacion-en-el-4to-torneo-salvando-vidas-por-la-ninez\/\" tabindex=\"-1\" target=\"&quot;_blank&quot;\">\n\t\t\t<div class=\"elementor-post__thumbnail\"><img loading=\"lazy\" decoding=\"async\" width=\"682\" height=\"1024\" src=\"https:\/\/vjcn.org\/wp-content\/uploads\/2025\/08\/torneodegolf4taedicion-682x1024.jpg\" class=\"attachment-large size-large wp-image-3969\" alt=\"\" srcset=\"https:\/\/vjcn.org\/wp-content\/uploads\/2025\/08\/torneodegolf4taedicion-682x1024.jpg 682w, https:\/\/vjcn.org\/wp-content\/uploads\/2025\/08\/torneodegolf4taedicion-200x300.jpg 200w, https:\/\/vjcn.org\/wp-content\/uploads\/2025\/08\/torneodegolf4taedicion-600x901.jpg 600w, https:\/\/vjcn.org\/wp-content\/uploads\/2025\/08\/torneodegolf4taedicion.jpg 696w\" sizes=\"(max-width: 682px) 100vw, 682px\" \/><\/div>\n\t\t<\/a>\n\t\t\t\t<div class=\"elementor-post__text\">\n\t\t\t\t<h3 class=\"elementor-post__title\">\n\t\t\t<a href=\"https:\/\/vjcn.org\/en\/la-esperanza-tendra-un-nuevo-hogar-record-de-participacion-en-el-4to-torneo-salvando-vidas-por-la-ninez\/\" target=\"&quot;_blank&quot;\">\n\t\t\t\tLa Esperanza Tendr\u00e1 Un Nuevo Hogar: R\u00e9cord de Participaci\u00f3n en el 4to Torneo \u00abSalvando Vidas\u00bb por la Ni\u00f1ez\t\t\t<\/a>\n\t\t<\/h3>\n\t\t\t\t<div class=\"elementor-post__meta-data\">\n\t\t\t\t\t<span class=\"elementor-post-date\">\n\t\t\t22\/08\/2025\t\t<\/span>\n\t\t\t\t<span class=\"elementor-post-avatar\">\n\t\t\tNo Comments\t\t<\/span>\n\t\t\t\t<\/div>\n\t\t\n\t\t<a class=\"elementor-post__read-more\" href=\"https:\/\/vjcn.org\/en\/la-esperanza-tendra-un-nuevo-hogar-record-de-participacion-en-el-4to-torneo-salvando-vidas-por-la-ninez\/\" aria-label=\"Read more about La Esperanza Tendr\u00e1 Un Nuevo Hogar: R\u00e9cord de Participaci\u00f3n en el 4to Torneo \u00abSalvando Vidas\u00bb por la Ni\u00f1ez\" tabindex=\"-1\" target=\"_blank\">\n\t\t\tLeer m\u00e1s \u00bb\t\t<\/a>\n\n\t\t\t\t<\/div>\n\t\t\t\t<\/article>\n\t\t\t\t<\/div>\n\t\t\n\t\t\t\t<div class=\"e-load-more-anchor\" data-page=\"1\" data-max-page=\"7\" data-next-page=\"https:\/\/vjcn.org\/en\/wp-json\/wp\/v2\/pages\/61\/page\/2\/\"><\/div>\n\t\t\t\t<nav class=\"elementor-pagination\" aria-label=\"Pagination\">\n\t\t\t<span class=\"page-numbers prev\">Anterior <\/span>\n<span aria-current=\"page\" class=\"page-numbers current\"><span class=\"elementor-screen-only\">Page<\/span>1<\/span>\n<a class=\"page-numbers\" href=\"https:\/\/vjcn.org\/en\/wp-json\/wp\/v2\/pages\/61\/page\/2\/\"><span class=\"elementor-screen-only\">Page<\/span>2<\/a>\n<a class=\"page-numbers\" href=\"https:\/\/vjcn.org\/en\/wp-json\/wp\/v2\/pages\/61\/page\/3\/\"><span class=\"elementor-screen-only\">Page<\/span>3<\/a>\n<a class=\"page-numbers\" href=\"https:\/\/vjcn.org\/en\/wp-json\/wp\/v2\/pages\/61\/page\/4\/\"><span class=\"elementor-screen-only\">Page<\/span>4<\/a>\n<a class=\"page-numbers\" href=\"https:\/\/vjcn.org\/en\/wp-json\/wp\/v2\/pages\/61\/page\/5\/\"><span class=\"elementor-screen-only\">Page<\/span>5<\/a>\n<a class=\"page-numbers next\" href=\"https:\/\/vjcn.org\/en\/wp-json\/wp\/v2\/pages\/61\/page\/2\/\">Siguiente<\/a>\t\t<\/nav>\n\t\t\t\t\t\t<\/div>\n\t\t\t\t<\/div>\n\t\t\t\t\t<\/div>\n\t\t\t\t<\/div>\n\t\t<div class=\"elementor-element elementor-element-af45a2c e-flex e-con-boxed e-con e-parent\" data-id=\"af45a2c\" data-element_type=\"container\" data-e-type=\"container\">\n\t\t\t\t\t<div class=\"e-con-inner\">\n\t\t\t\t<div class=\"elementor-element elementor-element-121eace elementor-fixed elementor-widget elementor-widget-button\" data-id=\"121eace\" data-element_type=\"widget\" data-e-type=\"widget\" data-settings=\"{&quot;_position&quot;:&quot;fixed&quot;}\" data-widget_type=\"button.default\">\n\t\t\t\t<div class=\"elementor-widget-container\">\n\t\t\t\t\t\t\t\t\t<div class=\"elementor-button-wrapper\">\n\t\t\t\t\t<a class=\"elementor-button elementor-button-link elementor-size-sm\" href=\"https:\/\/vjcn.org\/donaciones\/\">\n\t\t\t\t\t\t<span class=\"elementor-button-content-wrapper\">\n\t\t\t\t\t\t\t\t\t<span class=\"elementor-button-text\">DONATE NOW<\/span>\n\t\t\t\t\t<\/span>\n\t\t\t\t\t<\/a>\n\t\t\t\t<\/div>\n\t\t\t\t\t\t\t\t<\/div>\n\t\t\t\t<\/div>\n\t\t\t\t\t<\/div>\n\t\t\t\t<\/div>\n\t\t\t\t<\/div>","protected":false},"excerpt":{"rendered":"<p>Pr\u00f3ximos Eventos Eventos Pasados DONAR AHORA<\/p>","protected":false},"author":1,"featured_media":0,"parent":0,"menu_order":0,"comment_status":"closed","ping_status":"closed","template":"","meta":{"footnotes":""},"class_list":["post-61","page","type-page","status-publish","hentry"],"yoast_head":"<!-- This site is optimized with the Yoast SEO plugin v27.4 - https:\/\/yoast.com\/product\/yoast-seo-wordpress\/ -->\n<title>Eventos - Voluntariado Jes\u00fas con los ni\u00f1os<\/title>\n<meta name=\"description\" content=\"Participa en los eventos solidarios de Voluntariado Jes\u00fas con los Ni\u00f1os. Conoce nuestras actividades para recaudar fondos y crear conciencia social.\" \/>\n<meta name=\"robots\" content=\"index, follow, max-snippet:-1, max-image-preview:large, max-video-preview:-1\" \/>\n<link rel=\"canonical\" href=\"https:\/\/vjcn.org\/en\/eventos\/\" \/>\n<meta property=\"og:locale\" content=\"en_US\" \/>\n<meta property=\"og:type\" content=\"article\" \/>\n<meta property=\"og:title\" content=\"Eventos - Voluntariado Jes\u00fas con los ni\u00f1os\" \/>\n<meta property=\"og:description\" content=\"Participa en los eventos solidarios de Voluntariado Jes\u00fas con los Ni\u00f1os. Conoce nuestras actividades para recaudar fondos y crear conciencia social.\" \/>\n<meta property=\"og:url\" content=\"https:\/\/vjcn.org\/en\/eventos\/\" \/>\n<meta property=\"og:site_name\" content=\"Voluntariado Jes\u00fas con los ni\u00f1os\" \/>\n<meta property=\"article:publisher\" content=\"https:\/\/www.facebook.com\/people\/Voluntariado-Jess-Con-Los-Nios\/61550862245839\/\" \/>\n<meta property=\"article:modified_time\" content=\"2026-03-05T15:50:11+00:00\" \/>\n<meta property=\"og:image\" content=\"https:\/\/vjcn.org\/wp-content\/uploads\/2025\/04\/Logo-nuevo-VJCN-e1745090748923.png\" \/>\n\t<meta property=\"og:image:width\" content=\"1050\" \/>\n\t<meta property=\"og:image:height\" content=\"545\" \/>\n\t<meta property=\"og:image:type\" content=\"image\/png\" \/>\n<meta name=\"twitter:card\" content=\"summary_large_image\" \/>\n<meta name=\"twitter:label1\" content=\"Est. reading time\" \/>\n\t<meta name=\"twitter:data1\" content=\"2 minutes\" \/>\n<script type=\"application\/ld+json\" class=\"yoast-schema-graph\">{\"@context\":\"https:\\\/\\\/schema.org\",\"@graph\":[{\"@type\":\"WebPage\",\"@id\":\"https:\\\/\\\/vjcn.org\\\/eventos\\\/\",\"url\":\"https:\\\/\\\/vjcn.org\\\/eventos\\\/\",\"name\":\"Eventos - Voluntariado Jes\u00fas con los ni\u00f1os\",\"isPartOf\":{\"@id\":\"https:\\\/\\\/vjcn.org\\\/#website\"},\"datePublished\":\"2025-04-18T22:15:39+00:00\",\"dateModified\":\"2026-03-05T15:50:11+00:00\",\"description\":\"Participa en los eventos solidarios de Voluntariado Jes\u00fas con los Ni\u00f1os. Conoce nuestras actividades para recaudar fondos y crear conciencia social.\",\"breadcrumb\":{\"@id\":\"https:\\\/\\\/vjcn.org\\\/eventos\\\/#breadcrumb\"},\"inLanguage\":\"en-US\",\"potentialAction\":[{\"@type\":\"ReadAction\",\"target\":[\"https:\\\/\\\/vjcn.org\\\/eventos\\\/\"]}]},{\"@type\":\"BreadcrumbList\",\"@id\":\"https:\\\/\\\/vjcn.org\\\/eventos\\\/#breadcrumb\",\"itemListElement\":[{\"@type\":\"ListItem\",\"position\":1,\"name\":\"Home\",\"item\":\"https:\\\/\\\/vjcn.org\\\/\"},{\"@type\":\"ListItem\",\"position\":2,\"name\":\"Eventos\"}]},{\"@type\":\"WebSite\",\"@id\":\"https:\\\/\\\/vjcn.org\\\/#website\",\"url\":\"https:\\\/\\\/vjcn.org\\\/\",\"name\":\"Voluntariado Jes\u00fas con los ni\u00f1os\",\"description\":\"Historias de vida y esperanza\",\"publisher\":{\"@id\":\"https:\\\/\\\/vjcn.org\\\/#organization\"},\"potentialAction\":[{\"@type\":\"SearchAction\",\"target\":{\"@type\":\"EntryPoint\",\"urlTemplate\":\"https:\\\/\\\/vjcn.org\\\/?s={search_term_string}\"},\"query-input\":{\"@type\":\"PropertyValueSpecification\",\"valueRequired\":true,\"valueName\":\"search_term_string\"}}],\"inLanguage\":\"en-US\"},{\"@type\":\"Organization\",\"@id\":\"https:\\\/\\\/vjcn.org\\\/#organization\",\"name\":\"Voluntariado Jes\u00fas con los ni\u00f1os\",\"url\":\"https:\\\/\\\/vjcn.org\\\/\",\"logo\":{\"@type\":\"ImageObject\",\"inLanguage\":\"en-US\",\"@id\":\"https:\\\/\\\/vjcn.org\\\/#\\\/schema\\\/logo\\\/image\\\/\",\"url\":\"https:\\\/\\\/vjcn.org\\\/wp-content\\\/uploads\\\/2025\\\/04\\\/cropped-Simbolo.png\",\"contentUrl\":\"https:\\\/\\\/vjcn.org\\\/wp-content\\\/uploads\\\/2025\\\/04\\\/cropped-Simbolo.png\",\"width\":512,\"height\":512,\"caption\":\"Voluntariado Jes\u00fas con los ni\u00f1os\"},\"image\":{\"@id\":\"https:\\\/\\\/vjcn.org\\\/#\\\/schema\\\/logo\\\/image\\\/\"},\"sameAs\":[\"https:\\\/\\\/www.facebook.com\\\/people\\\/Voluntariado-Jess-Con-Los-Nios\\\/61550862245839\\\/\",\"https:\\\/\\\/www.instagram.com\\\/voluntariadojcn\\\/\"]}]}<\/script>\n<!-- \/ Yoast SEO plugin. -->","yoast_head_json":{"title":"Eventos - Voluntariado Jes\u00fas con los ni\u00f1os","description":"Participa en los eventos solidarios de Voluntariado Jes\u00fas con los Ni\u00f1os. Conoce nuestras actividades para recaudar fondos y crear conciencia social.","robots":{"index":"index","follow":"follow","max-snippet":"max-snippet:-1","max-image-preview":"max-image-preview:large","max-video-preview":"max-video-preview:-1"},"canonical":"https:\/\/vjcn.org\/en\/eventos\/","og_locale":"en_US","og_type":"article","og_title":"Eventos - Voluntariado Jes\u00fas con los ni\u00f1os","og_description":"Participa en los eventos solidarios de Voluntariado Jes\u00fas con los Ni\u00f1os. Conoce nuestras actividades para recaudar fondos y crear conciencia social.","og_url":"https:\/\/vjcn.org\/en\/eventos\/","og_site_name":"Voluntariado Jes\u00fas con los ni\u00f1os","article_publisher":"https:\/\/www.facebook.com\/people\/Voluntariado-Jess-Con-Los-Nios\/61550862245839\/","article_modified_time":"2026-03-05T15:50:11+00:00","og_image":[{"width":1050,"height":545,"url":"https:\/\/vjcn.org\/wp-content\/uploads\/2025\/04\/Logo-nuevo-VJCN-e1745090748923.png","type":"image\/png"}],"twitter_card":"summary_large_image","twitter_misc":{"Est. reading time":"2 minutes"},"schema":{"@context":"https:\/\/schema.org","@graph":[{"@type":"WebPage","@id":"https:\/\/vjcn.org\/eventos\/","url":"https:\/\/vjcn.org\/eventos\/","name":"Eventos - Voluntariado Jes\u00fas con los ni\u00f1os","isPartOf":{"@id":"https:\/\/vjcn.org\/#website"},"datePublished":"2025-04-18T22:15:39+00:00","dateModified":"2026-03-05T15:50:11+00:00","description":"Participa en los eventos solidarios de Voluntariado Jes\u00fas con los Ni\u00f1os. Conoce nuestras actividades para recaudar fondos y crear conciencia social.","breadcrumb":{"@id":"https:\/\/vjcn.org\/eventos\/#breadcrumb"},"inLanguage":"en-US","potentialAction":[{"@type":"ReadAction","target":["https:\/\/vjcn.org\/eventos\/"]}]},{"@type":"BreadcrumbList","@id":"https:\/\/vjcn.org\/eventos\/#breadcrumb","itemListElement":[{"@type":"ListItem","position":1,"name":"Home","item":"https:\/\/vjcn.org\/"},{"@type":"ListItem","position":2,"name":"Eventos"}]},{"@type":"WebSite","@id":"https:\/\/vjcn.org\/#website","url":"https:\/\/vjcn.org\/","name":"Voluntariado Jes\u00fas con los ni\u00f1os","description":"Stories of life and hope","publisher":{"@id":"https:\/\/vjcn.org\/#organization"},"potentialAction":[{"@type":"SearchAction","target":{"@type":"EntryPoint","urlTemplate":"https:\/\/vjcn.org\/?s={search_term_string}"},"query-input":{"@type":"PropertyValueSpecification","valueRequired":true,"valueName":"search_term_string"}}],"inLanguage":"en-US"},{"@type":"Organization","@id":"https:\/\/vjcn.org\/#organization","name":"Voluntariado Jes\u00fas con los ni\u00f1os","url":"https:\/\/vjcn.org\/","logo":{"@type":"ImageObject","inLanguage":"en-US","@id":"https:\/\/vjcn.org\/#\/schema\/logo\/image\/","url":"https:\/\/vjcn.org\/wp-content\/uploads\/2025\/04\/cropped-Simbolo.png","contentUrl":"https:\/\/vjcn.org\/wp-content\/uploads\/2025\/04\/cropped-Simbolo.png","width":512,"height":512,"caption":"Voluntariado Jes\u00fas con los ni\u00f1os"},"image":{"@id":"https:\/\/vjcn.org\/#\/schema\/logo\/image\/"},"sameAs":["https:\/\/www.facebook.com\/people\/Voluntariado-Jess-Con-Los-Nios\/61550862245839\/","https:\/\/www.instagram.com\/voluntariadojcn\/"]}]}},"jetpack_sharing_enabled":true,"_links":{"self":[{"href":"https:\/\/vjcn.org\/en\/wp-json\/wp\/v2\/pages\/61","targetHints":{"allow":["GET"]}}],"collection":[{"href":"https:\/\/vjcn.org\/en\/wp-json\/wp\/v2\/pages"}],"about":[{"href":"https:\/\/vjcn.org\/en\/wp-json\/wp\/v2\/types\/page"}],"author":[{"embeddable":true,"href":"https:\/\/vjcn.org\/en\/wp-json\/wp\/v2\/users\/1"}],"replies":[{"embeddable":true,"href":"https:\/\/vjcn.org\/en\/wp-json\/wp\/v2\/comments?post=61"}],"version-history":[{"count":84,"href":"https:\/\/vjcn.org\/en\/wp-json\/wp\/v2\/pages\/61\/revisions"}],"predecessor-version":[{"id":5838,"href":"https:\/\/vjcn.org\/en\/wp-json\/wp\/v2\/pages\/61\/revisions\/5838"}],"wp:attachment":[{"href":"https:\/\/vjcn.org\/en\/wp-json\/wp\/v2\/media?parent=61"}],"curies":[{"name":"wp","href":"https:\/\/api.w.org\/{rel}","templated":true}]}}