{"id":55,"date":"2025-04-18T22:15:19","date_gmt":"2025-04-18T22:15:19","guid":{"rendered":"https:\/\/vjcn.org\/?page_id=55"},"modified":"2025-10-07T14:06:21","modified_gmt":"2025-10-07T18:06:21","slug":"ashleyangelsfoundation","status":"publish","type":"page","link":"https:\/\/vjcn.org\/en\/ashleyangelsfoundation\/","title":{"rendered":"Ashley Angels Foundation"},"content":{"rendered":"<div data-elementor-type=\"wp-page\" data-elementor-id=\"55\" class=\"elementor elementor-55\" data-elementor-post-type=\"page\">\n\t\t\t\t<div class=\"elementor-element elementor-element-95f8fba e-flex e-con-boxed e-con e-parent\" data-id=\"95f8fba\" data-element_type=\"container\" data-e-type=\"container\">\n\t\t\t\t\t<div class=\"e-con-inner\">\n\t\t<div class=\"elementor-element elementor-element-f8585a9 e-con-full e-flex e-con e-child\" data-id=\"f8585a9\" data-element_type=\"container\" data-e-type=\"container\" data-settings=\"{&quot;background_background&quot;:&quot;classic&quot;}\">\n\t\t\t\t<div class=\"elementor-element elementor-element-fc4f173 elementor-widget elementor-widget-heading\" data-id=\"fc4f173\" data-element_type=\"widget\" data-e-type=\"widget\" data-widget_type=\"heading.default\">\n\t\t\t\t<div class=\"elementor-widget-container\">\n\t\t\t\t\t<h2 class=\"elementor-heading-title elementor-size-default\">Ashley Angels Foundation<\/h2>\t\t\t\t<\/div>\n\t\t\t\t<\/div>\n\t\t\t\t<div class=\"elementor-element elementor-element-fb172b4 elementor-widget elementor-widget-image\" data-id=\"fb172b4\" data-element_type=\"widget\" data-e-type=\"widget\" data-widget_type=\"image.default\">\n\t\t\t\t<div class=\"elementor-widget-container\">\n\t\t\t\t\t\t\t\t\t\t\t\t\t\t\t<img fetchpriority=\"high\" decoding=\"async\" width=\"768\" height=\"1024\" src=\"https:\/\/vjcn.org\/wp-content\/uploads\/2025\/04\/WhatsApp-Image-2022-06-21-at-2.01.50-PM.jpeg\" class=\"attachment-full size-full wp-image-419\" alt=\"\" srcset=\"https:\/\/vjcn.org\/wp-content\/uploads\/2025\/04\/WhatsApp-Image-2022-06-21-at-2.01.50-PM.jpeg 768w, https:\/\/vjcn.org\/wp-content\/uploads\/2025\/04\/WhatsApp-Image-2022-06-21-at-2.01.50-PM-225x300.jpeg 225w, https:\/\/vjcn.org\/wp-content\/uploads\/2025\/04\/WhatsApp-Image-2022-06-21-at-2.01.50-PM-600x800.jpeg 600w\" sizes=\"(max-width: 768px) 100vw, 768px\" \/>\t\t\t\t\t\t\t\t\t\t\t\t\t\t\t<\/div>\n\t\t\t\t<\/div>\n\t\t\t\t<div class=\"elementor-element elementor-element-f0aa35d elementor-widget elementor-widget-text-editor\" data-id=\"f0aa35d\" data-element_type=\"widget\" data-e-type=\"widget\" data-widget_type=\"text-editor.default\">\n\t\t\t\t<div class=\"elementor-widget-container\">\n\t\t\t\t\t\t\t\t\t<p><strong>Anthony Galuccio, founder of Ashley Angels Foundation.<\/strong><\/p>\t\t\t\t\t\t\t\t<\/div>\n\t\t\t\t<\/div>\n\t\t\t\t<\/div>\n\t\t<div class=\"elementor-element elementor-element-3b73aea e-con-full e-flex e-con e-child\" data-id=\"3b73aea\" data-element_type=\"container\" data-e-type=\"container\" data-settings=\"{&quot;background_background&quot;:&quot;classic&quot;}\">\n\t\t\t\t<div class=\"elementor-element elementor-element-8ff33b1 elementor-widget elementor-widget-image\" data-id=\"8ff33b1\" data-element_type=\"widget\" data-e-type=\"widget\" data-widget_type=\"image.default\">\n\t\t\t\t<div class=\"elementor-widget-container\">\n\t\t\t\t\t\t\t\t\t\t\t\t\t\t\t<img decoding=\"async\" width=\"768\" height=\"1024\" src=\"https:\/\/vjcn.org\/wp-content\/uploads\/2025\/04\/WhatsApp-Image-2022-06-21-at-8.34.45-PM-1-768x1024.jpeg\" class=\"attachment-medium_large size-medium_large wp-image-420\" alt=\"\" srcset=\"https:\/\/vjcn.org\/wp-content\/uploads\/2025\/04\/WhatsApp-Image-2022-06-21-at-8.34.45-PM-1-768x1024.jpeg 768w, https:\/\/vjcn.org\/wp-content\/uploads\/2025\/04\/WhatsApp-Image-2022-06-21-at-8.34.45-PM-1-225x300.jpeg 225w, https:\/\/vjcn.org\/wp-content\/uploads\/2025\/04\/WhatsApp-Image-2022-06-21-at-8.34.45-PM-1-1152x1536.jpeg 1152w, https:\/\/vjcn.org\/wp-content\/uploads\/2025\/04\/WhatsApp-Image-2022-06-21-at-8.34.45-PM-1-600x800.jpeg 600w, https:\/\/vjcn.org\/wp-content\/uploads\/2025\/04\/WhatsApp-Image-2022-06-21-at-8.34.45-PM-1.jpeg 1200w\" sizes=\"(max-width: 768px) 100vw, 768px\" \/>\t\t\t\t\t\t\t\t\t\t\t\t\t\t\t<\/div>\n\t\t\t\t<\/div>\n\t\t\t\t<\/div>\n\t\t\t\t\t<\/div>\n\t\t\t\t<\/div>\n\t\t<div class=\"elementor-element elementor-element-5f6e9b5 e-flex e-con-boxed e-con e-parent\" data-id=\"5f6e9b5\" data-element_type=\"container\" data-e-type=\"container\">\n\t\t\t\t\t<div class=\"e-con-inner\">\n\t\t\t\t<div class=\"elementor-element elementor-element-241bb4a elementor-widget elementor-widget-text-editor\" data-id=\"241bb4a\" data-element_type=\"widget\" data-e-type=\"widget\" data-widget_type=\"text-editor.default\">\n\t\t\t\t<div class=\"elementor-widget-container\">\n\t\t\t\t\t\t\t\t\t<p><strong>In 2008, Anthony Galuccio visited the city of Santiago de los Caballeros by invitation from a\nfriend and his wife, and it was during this visit that he first encountered the &quot;Voluntariado Jes\u00fas\ncon los Ni\u00f1os.&quot;<\/strong><\/p><p><strong>During his visit, Mr. Galuccio met a teenager who was admitted to the Pediatric Hemato-\nOncology Unit of the Hospital, and that patient touched his heart from the beginning.<\/strong><\/p><p><strong>Months later, he called the Volunteer to inquire about the health of the patient he had in his heart,\nonly to receive the sad news that the patient had passed away.<\/strong><\/p><p><strong>At that moment, he felt a strong desire to contribute because he imagined how difficult it must be\nfor parents not to have the necessary resources to cover their children&#039;s treatments. He committed\nto making contributions to the Volunteer for the purchase of medications and the application of\ntreatments for children with cancer.<\/strong><\/p><p class=\"font_7 wixui-rich-text__text\"><strong>Mr. Galuccio personally experienced the struggle against cancer, as his father passed away from\nit when he was just 11 years old. He also witnessed his mother fighting against the disease three\ntimes, and she is a survivor.<\/strong><\/p><p><strong>Through his Foundation, Ashley Angels, Mr. Galuccio makes donations and organizes events to\nraise funds in the United States. The money raised is sent to the Volunteer to treat children\nadmitted to the Pediatric Hemato-Oncology Unit of the Arturo Grull\u00f3n Children&#039;s Hospital.<\/strong><\/p><p><strong>The frequent donations made by the Ashley Angels Foundation significantly contribute to the\n&quot;Voluntariado Jes\u00fas con los Ni\u00f1os,&quot; allowing us to continue saving lives.<\/strong><\/p>\t\t\t\t\t\t\t\t<\/div>\n\t\t\t\t<\/div>\n\t\t\t\t\t<\/div>\n\t\t\t\t<\/div>\n\t\t<div class=\"elementor-element elementor-element-5b4f6a8 e-flex e-con-boxed e-con e-parent\" data-id=\"5b4f6a8\" data-element_type=\"container\" data-e-type=\"container\">\n\t\t\t\t\t<div class=\"e-con-inner\">\n\t\t\t\t<div class=\"elementor-element elementor-element-92dc482 elementor-widget-divider--view-line elementor-widget elementor-widget-divider\" data-id=\"92dc482\" data-element_type=\"widget\" data-e-type=\"widget\" data-widget_type=\"divider.default\">\n\t\t\t\t<div class=\"elementor-widget-container\">\n\t\t\t\t\t\t\t<div class=\"elementor-divider\">\n\t\t\t<span class=\"elementor-divider-separator\">\n\t\t\t\t\t\t<\/span>\n\t\t<\/div>\n\t\t\t\t\t\t<\/div>\n\t\t\t\t<\/div>\n\t\t\t\t\t<\/div>\n\t\t\t\t<\/div>\n\t\t<div class=\"elementor-element elementor-element-3984d9e e-flex e-con-boxed e-con e-parent\" data-id=\"3984d9e\" data-element_type=\"container\" data-e-type=\"container\">\n\t\t\t\t\t<div class=\"e-con-inner\">\n\t\t\t\t<div class=\"elementor-element elementor-element-f29198c elementor-grid-3 elementor-grid-tablet-2 elementor-grid-mobile-1 elementor-posts--thumbnail-top elementor-widget elementor-widget-posts\" data-id=\"f29198c\" data-element_type=\"widget\" data-e-type=\"widget\" data-settings=\"{&quot;classic_columns&quot;:&quot;3&quot;,&quot;classic_columns_tablet&quot;:&quot;2&quot;,&quot;classic_columns_mobile&quot;:&quot;1&quot;,&quot;classic_row_gap&quot;:{&quot;unit&quot;:&quot;px&quot;,&quot;size&quot;:35,&quot;sizes&quot;:[]},&quot;classic_row_gap_tablet&quot;:{&quot;unit&quot;:&quot;px&quot;,&quot;size&quot;:&quot;&quot;,&quot;sizes&quot;:[]},&quot;classic_row_gap_mobile&quot;:{&quot;unit&quot;:&quot;px&quot;,&quot;size&quot;:&quot;&quot;,&quot;sizes&quot;:[]}}\" data-widget_type=\"posts.classic\">\n\t\t\t\t<div class=\"elementor-widget-container\">\n\t\t\t\t\t\t\t<div class=\"elementor-posts-container elementor-posts elementor-posts--skin-classic elementor-grid\" role=\"list\">\n\t\t\t\t<article class=\"elementor-post elementor-grid-item post-1434 post type-post status-publish format-standard has-post-thumbnail hentry category-eventos-pasados\" role=\"listitem\">\n\t\t\t\t<a class=\"elementor-post__thumbnail__link\" href=\"https:\/\/vjcn.org\/en\/elementor-1434\/\" tabindex=\"-1\" target=\"&quot;_blank&quot;\">\n\t\t\t<div class=\"elementor-post__thumbnail\"><img decoding=\"async\" width=\"1480\" height=\"988\" src=\"https:\/\/vjcn.org\/wp-content\/uploads\/2025\/06\/a2f0f5_19903792c3b14a6fbcbaee9d5601ad7amv2-1.avif\" class=\"attachment-2048x2048 size-2048x2048 wp-image-1512\" alt=\"\" srcset=\"https:\/\/vjcn.org\/wp-content\/uploads\/2025\/06\/a2f0f5_19903792c3b14a6fbcbaee9d5601ad7amv2-1.avif 1480w, https:\/\/vjcn.org\/wp-content\/uploads\/2025\/06\/a2f0f5_19903792c3b14a6fbcbaee9d5601ad7amv2-1-300x200.avif 300w, https:\/\/vjcn.org\/wp-content\/uploads\/2025\/06\/a2f0f5_19903792c3b14a6fbcbaee9d5601ad7amv2-1-1024x684.avif 1024w, https:\/\/vjcn.org\/wp-content\/uploads\/2025\/06\/a2f0f5_19903792c3b14a6fbcbaee9d5601ad7amv2-1-768x513.avif 768w\" sizes=\"(max-width: 1480px) 100vw, 1480px\" \/><\/div>\n\t\t<\/a>\n\t\t\t\t<div class=\"elementor-post__text\">\n\t\t\t\t<h3 class=\"elementor-post__title\">\n\t\t\t<a href=\"https:\/\/vjcn.org\/en\/elementor-1434\/\" target=\"&quot;_blank&quot;\">\n\t\t\t\tAnthony Galuccio reafirma su compromiso con el Voluntariado Jes\u00fas con los Ni\u00f1os\t\t\t<\/a>\n\t\t<\/h3>\n\t\t\t\t<div class=\"elementor-post__meta-data\">\n\t\t\t\t\t<span class=\"elementor-post-date\">\n\t\t\t06\/06\/2025\t\t<\/span>\n\t\t\t\t<span class=\"elementor-post-avatar\">\n\t\t\tNo Comments\t\t<\/span>\n\t\t\t\t<\/div>\n\t\t\t\t<div class=\"elementor-post__excerpt\">\n\t\t\t<p>Anthony Galuccio reafirma su compromiso con el Voluntariado Jes\u00fas con los Ni\u00f1os Anthony Galuccio reafirma su compromiso con el Voluntariado Jes\u00fas con los Ni\u00f1os Anthony<\/p>\n\t\t<\/div>\n\t\t\n\t\t<a class=\"elementor-post__read-more\" href=\"https:\/\/vjcn.org\/en\/elementor-1434\/\" aria-label=\"Read more about Anthony Galuccio reafirma su compromiso con el Voluntariado Jes\u00fas con los Ni\u00f1os\" tabindex=\"-1\" target=\"_blank\">\n\t\t\tRead More \u00bb\t\t<\/a>\n\n\t\t\t\t<\/div>\n\t\t\t\t<\/article>\n\t\t\t\t<article class=\"elementor-post elementor-grid-item post-1428 post type-post status-publish format-standard has-post-thumbnail hentry category-eventos-pasados\" role=\"listitem\">\n\t\t\t\t<a class=\"elementor-post__thumbnail__link\" href=\"https:\/\/vjcn.org\/en\/gala-benefica-a-favor-de-los-ninos-con-cancer-en-la-unidad-de-hemato-oncologia\/\" tabindex=\"-1\" target=\"&quot;_blank&quot;\">\n\t\t\t<div class=\"elementor-post__thumbnail\"><img loading=\"lazy\" decoding=\"async\" width=\"768\" height=\"1024\" src=\"https:\/\/vjcn.org\/wp-content\/uploads\/2025\/05\/WhatsApp-Image-2023-10-30-at-7.02.10-PM.jpeg\" class=\"attachment-2048x2048 size-2048x2048 wp-image-952\" alt=\"\" srcset=\"https:\/\/vjcn.org\/wp-content\/uploads\/2025\/05\/WhatsApp-Image-2023-10-30-at-7.02.10-PM.jpeg 768w, https:\/\/vjcn.org\/wp-content\/uploads\/2025\/05\/WhatsApp-Image-2023-10-30-at-7.02.10-PM-225x300.jpeg 225w, https:\/\/vjcn.org\/wp-content\/uploads\/2025\/05\/WhatsApp-Image-2023-10-30-at-7.02.10-PM-600x800.jpeg 600w\" sizes=\"(max-width: 768px) 100vw, 768px\" \/><\/div>\n\t\t<\/a>\n\t\t\t\t<div class=\"elementor-post__text\">\n\t\t\t\t<h3 class=\"elementor-post__title\">\n\t\t\t<a href=\"https:\/\/vjcn.org\/en\/gala-benefica-a-favor-de-los-ninos-con-cancer-en-la-unidad-de-hemato-oncologia\/\" target=\"&quot;_blank&quot;\">\n\t\t\t\tGala ben\u00e9fica a favor de los ni\u00f1os con c\u00e1ncer en la Unidad de Hemato-Oncolog\u00eda\t\t\t<\/a>\n\t\t<\/h3>\n\t\t\t\t<div class=\"elementor-post__meta-data\">\n\t\t\t\t\t<span class=\"elementor-post-date\">\n\t\t\t06\/06\/2025\t\t<\/span>\n\t\t\t\t<span class=\"elementor-post-avatar\">\n\t\t\tNo Comments\t\t<\/span>\n\t\t\t\t<\/div>\n\t\t\t\t<div class=\"elementor-post__excerpt\">\n\t\t\t<p>Gala ben\u00e9fica a favor de los ni\u00f1os con c\u00e1ncer en la Unidad de Hemato-Oncolog\u00eda Ashley Angels Foundation Fundada por Anthony Galuccio Te invita a una<\/p>\n\t\t<\/div>\n\t\t\n\t\t<a class=\"elementor-post__read-more\" href=\"https:\/\/vjcn.org\/en\/gala-benefica-a-favor-de-los-ninos-con-cancer-en-la-unidad-de-hemato-oncologia\/\" aria-label=\"Read more about Gala ben\u00e9fica a favor de los ni\u00f1os con c\u00e1ncer en la Unidad de Hemato-Oncolog\u00eda\" tabindex=\"-1\" target=\"_blank\">\n\t\t\tRead More \u00bb\t\t<\/a>\n\n\t\t\t\t<\/div>\n\t\t\t\t<\/article>\n\t\t\t\t<\/div>\n\t\t\n\t\t\t\t\t\t<\/div>\n\t\t\t\t<\/div>\n\t\t\t\t\t<\/div>\n\t\t\t\t<\/div>\n\t\t<div class=\"elementor-element elementor-element-3586792 e-flex e-con-boxed e-con e-parent\" data-id=\"3586792\" data-element_type=\"container\" data-e-type=\"container\">\n\t\t\t\t\t<div class=\"e-con-inner\">\n\t\t\t\t<div class=\"elementor-element elementor-element-0735902 elementor-button-danger elementor-fixed elementor-widget elementor-widget-button\" data-id=\"0735902\" data-element_type=\"widget\" data-e-type=\"widget\" data-settings=\"{&quot;_position&quot;:&quot;fixed&quot;}\" data-widget_type=\"button.default\">\n\t\t\t\t<div class=\"elementor-widget-container\">\n\t\t\t\t\t\t\t\t\t<div class=\"elementor-button-wrapper\">\n\t\t\t\t\t<a class=\"elementor-button elementor-button-link elementor-size-sm\" href=\"https:\/\/vjcn.org\/donaciones\/\">\n\t\t\t\t\t\t<span class=\"elementor-button-content-wrapper\">\n\t\t\t\t\t\t\t\t\t<span class=\"elementor-button-text\">DONATE NOW<\/span>\n\t\t\t\t\t<\/span>\n\t\t\t\t\t<\/a>\n\t\t\t\t<\/div>\n\t\t\t\t\t\t\t\t<\/div>\n\t\t\t\t<\/div>\n\t\t\t\t\t<\/div>\n\t\t\t\t<\/div>\n\t\t\t\t<\/div>","protected":false},"excerpt":{"rendered":"<p>Ashley Angels Foundation Anthony Galuccio, fundador de Ashley Angels Foundation. Anthony Galluccio realiz\u00f3 una visita a la ciudad de Santiago de los Caballeros en el a\u00f1o 2008 y por invitaci\u00f3n de un amigo y su esposa, visit\u00f3 el Voluntariado Jes\u00fas con los Ni\u00f1os por primera vez. En esa visita, el se\u00f1or Galluccio, conoci\u00f3 un adolescente [&hellip;]<\/p>\n","protected":false},"author":1,"featured_media":0,"parent":0,"menu_order":0,"comment_status":"closed","ping_status":"closed","template":"","meta":{"footnotes":""},"class_list":["post-55","page","type-page","status-publish","hentry"],"yoast_head":"<!-- This site is optimized with the Yoast SEO plugin v27.4 - https:\/\/yoast.com\/product\/yoast-seo-wordpress\/ -->\n<title>Ashley Angels Foundation - Voluntariado Jes\u00fas con los ni\u00f1os<\/title>\n<meta name=\"description\" content=\"\u201cAshley Angels Foundation \u2014 fundada por Anthony Galuccio \u2014 recauda fondos en EE.\u202fUU. para los tratamientos de ni\u00f1os con c\u00e1ncer en el Hospital Arturo Grull\u00f3n, Santiago, apoyando al Voluntariado Jes\u00fas con los Ni\u00f1os.\u201d\" \/>\n<meta name=\"robots\" content=\"index, follow, max-snippet:-1, max-image-preview:large, max-video-preview:-1\" \/>\n<link rel=\"canonical\" href=\"https:\/\/vjcn.org\/en\/ashleyangelsfoundation\/\" \/>\n<meta property=\"og:locale\" content=\"en_US\" \/>\n<meta property=\"og:type\" content=\"article\" \/>\n<meta property=\"og:title\" content=\"Ashley Angels Foundation - Voluntariado Jes\u00fas con los ni\u00f1os\" \/>\n<meta property=\"og:description\" content=\"\u201cAshley Angels Foundation \u2014 fundada por Anthony Galuccio \u2014 recauda fondos en EE.\u202fUU. para los tratamientos de ni\u00f1os con c\u00e1ncer en el Hospital Arturo Grull\u00f3n, Santiago, apoyando al Voluntariado Jes\u00fas con los Ni\u00f1os.\u201d\" \/>\n<meta property=\"og:url\" content=\"https:\/\/vjcn.org\/en\/ashleyangelsfoundation\/\" \/>\n<meta property=\"og:site_name\" content=\"Voluntariado Jes\u00fas con los ni\u00f1os\" \/>\n<meta property=\"article:publisher\" content=\"https:\/\/www.facebook.com\/people\/Voluntariado-Jess-Con-Los-Nios\/61550862245839\/\" \/>\n<meta property=\"article:modified_time\" content=\"2025-10-07T18:06:21+00:00\" \/>\n<meta property=\"og:image\" content=\"https:\/\/vjcn.org\/wp-content\/uploads\/2025\/04\/WhatsApp-Image-2022-06-21-at-2.01.50-PM.jpeg\" \/>\n<meta name=\"twitter:card\" content=\"summary_large_image\" \/>\n<meta name=\"twitter:label1\" content=\"Est. reading time\" \/>\n\t<meta name=\"twitter:data1\" content=\"4 minutes\" \/>\n<script type=\"application\/ld+json\" class=\"yoast-schema-graph\">{\"@context\":\"https:\\\/\\\/schema.org\",\"@graph\":[{\"@type\":\"WebPage\",\"@id\":\"https:\\\/\\\/vjcn.org\\\/ashleyangelsfoundation\\\/\",\"url\":\"https:\\\/\\\/vjcn.org\\\/ashleyangelsfoundation\\\/\",\"name\":\"Ashley Angels Foundation - Voluntariado Jes\u00fas con los ni\u00f1os\",\"isPartOf\":{\"@id\":\"https:\\\/\\\/vjcn.org\\\/#website\"},\"primaryImageOfPage\":{\"@id\":\"https:\\\/\\\/vjcn.org\\\/ashleyangelsfoundation\\\/#primaryimage\"},\"image\":{\"@id\":\"https:\\\/\\\/vjcn.org\\\/ashleyangelsfoundation\\\/#primaryimage\"},\"thumbnailUrl\":\"https:\\\/\\\/vjcn.org\\\/wp-content\\\/uploads\\\/2025\\\/04\\\/WhatsApp-Image-2022-06-21-at-2.01.50-PM.jpeg\",\"datePublished\":\"2025-04-18T22:15:19+00:00\",\"dateModified\":\"2025-10-07T18:06:21+00:00\",\"description\":\"\u201cAshley Angels Foundation \u2014 fundada por Anthony Galuccio \u2014 recauda fondos en EE.\u202fUU. para los tratamientos de ni\u00f1os con c\u00e1ncer en el Hospital Arturo Grull\u00f3n, Santiago, apoyando al Voluntariado Jes\u00fas con los Ni\u00f1os.\u201d\",\"breadcrumb\":{\"@id\":\"https:\\\/\\\/vjcn.org\\\/ashleyangelsfoundation\\\/#breadcrumb\"},\"inLanguage\":\"en-US\",\"potentialAction\":[{\"@type\":\"ReadAction\",\"target\":[\"https:\\\/\\\/vjcn.org\\\/ashleyangelsfoundation\\\/\"]}]},{\"@type\":\"ImageObject\",\"inLanguage\":\"en-US\",\"@id\":\"https:\\\/\\\/vjcn.org\\\/ashleyangelsfoundation\\\/#primaryimage\",\"url\":\"https:\\\/\\\/vjcn.org\\\/wp-content\\\/uploads\\\/2025\\\/04\\\/WhatsApp-Image-2022-06-21-at-2.01.50-PM.jpeg\",\"contentUrl\":\"https:\\\/\\\/vjcn.org\\\/wp-content\\\/uploads\\\/2025\\\/04\\\/WhatsApp-Image-2022-06-21-at-2.01.50-PM.jpeg\"},{\"@type\":\"BreadcrumbList\",\"@id\":\"https:\\\/\\\/vjcn.org\\\/ashleyangelsfoundation\\\/#breadcrumb\",\"itemListElement\":[{\"@type\":\"ListItem\",\"position\":1,\"name\":\"Home\",\"item\":\"https:\\\/\\\/vjcn.org\\\/\"},{\"@type\":\"ListItem\",\"position\":2,\"name\":\"Ashley Angels Foundation\"}]},{\"@type\":\"WebSite\",\"@id\":\"https:\\\/\\\/vjcn.org\\\/#website\",\"url\":\"https:\\\/\\\/vjcn.org\\\/\",\"name\":\"Voluntariado Jes\u00fas con los ni\u00f1os\",\"description\":\"Historias de vida y esperanza\",\"publisher\":{\"@id\":\"https:\\\/\\\/vjcn.org\\\/#organization\"},\"potentialAction\":[{\"@type\":\"SearchAction\",\"target\":{\"@type\":\"EntryPoint\",\"urlTemplate\":\"https:\\\/\\\/vjcn.org\\\/?s={search_term_string}\"},\"query-input\":{\"@type\":\"PropertyValueSpecification\",\"valueRequired\":true,\"valueName\":\"search_term_string\"}}],\"inLanguage\":\"en-US\"},{\"@type\":\"Organization\",\"@id\":\"https:\\\/\\\/vjcn.org\\\/#organization\",\"name\":\"Voluntariado Jes\u00fas con los ni\u00f1os\",\"url\":\"https:\\\/\\\/vjcn.org\\\/\",\"logo\":{\"@type\":\"ImageObject\",\"inLanguage\":\"en-US\",\"@id\":\"https:\\\/\\\/vjcn.org\\\/#\\\/schema\\\/logo\\\/image\\\/\",\"url\":\"https:\\\/\\\/vjcn.org\\\/wp-content\\\/uploads\\\/2025\\\/04\\\/cropped-Simbolo.png\",\"contentUrl\":\"https:\\\/\\\/vjcn.org\\\/wp-content\\\/uploads\\\/2025\\\/04\\\/cropped-Simbolo.png\",\"width\":512,\"height\":512,\"caption\":\"Voluntariado Jes\u00fas con los ni\u00f1os\"},\"image\":{\"@id\":\"https:\\\/\\\/vjcn.org\\\/#\\\/schema\\\/logo\\\/image\\\/\"},\"sameAs\":[\"https:\\\/\\\/www.facebook.com\\\/people\\\/Voluntariado-Jess-Con-Los-Nios\\\/61550862245839\\\/\",\"https:\\\/\\\/www.instagram.com\\\/voluntariadojcn\\\/\"]}]}<\/script>\n<!-- \/ Yoast SEO plugin. -->","yoast_head_json":{"title":"Ashley Angels Foundation - Voluntariado Jes\u00fas con los ni\u00f1os","description":"\u201cAshley Angels Foundation \u2014 fundada por Anthony Galuccio \u2014 recauda fondos en EE.\u202fUU. para los tratamientos de ni\u00f1os con c\u00e1ncer en el Hospital Arturo Grull\u00f3n, Santiago, apoyando al Voluntariado Jes\u00fas con los Ni\u00f1os.\u201d","robots":{"index":"index","follow":"follow","max-snippet":"max-snippet:-1","max-image-preview":"max-image-preview:large","max-video-preview":"max-video-preview:-1"},"canonical":"https:\/\/vjcn.org\/en\/ashleyangelsfoundation\/","og_locale":"en_US","og_type":"article","og_title":"Ashley Angels Foundation - Voluntariado Jes\u00fas con los ni\u00f1os","og_description":"\u201cAshley Angels Foundation \u2014 fundada por Anthony Galuccio \u2014 recauda fondos en EE.\u202fUU. para los tratamientos de ni\u00f1os con c\u00e1ncer en el Hospital Arturo Grull\u00f3n, Santiago, apoyando al Voluntariado Jes\u00fas con los Ni\u00f1os.\u201d","og_url":"https:\/\/vjcn.org\/en\/ashleyangelsfoundation\/","og_site_name":"Voluntariado Jes\u00fas con los ni\u00f1os","article_publisher":"https:\/\/www.facebook.com\/people\/Voluntariado-Jess-Con-Los-Nios\/61550862245839\/","article_modified_time":"2025-10-07T18:06:21+00:00","og_image":[{"url":"https:\/\/vjcn.org\/wp-content\/uploads\/2025\/04\/WhatsApp-Image-2022-06-21-at-2.01.50-PM.jpeg","type":"","width":"","height":""}],"twitter_card":"summary_large_image","twitter_misc":{"Est. reading time":"4 minutes"},"schema":{"@context":"https:\/\/schema.org","@graph":[{"@type":"WebPage","@id":"https:\/\/vjcn.org\/ashleyangelsfoundation\/","url":"https:\/\/vjcn.org\/ashleyangelsfoundation\/","name":"Ashley Angels Foundation - Voluntariado Jes\u00fas con los ni\u00f1os","isPartOf":{"@id":"https:\/\/vjcn.org\/#website"},"primaryImageOfPage":{"@id":"https:\/\/vjcn.org\/ashleyangelsfoundation\/#primaryimage"},"image":{"@id":"https:\/\/vjcn.org\/ashleyangelsfoundation\/#primaryimage"},"thumbnailUrl":"https:\/\/vjcn.org\/wp-content\/uploads\/2025\/04\/WhatsApp-Image-2022-06-21-at-2.01.50-PM.jpeg","datePublished":"2025-04-18T22:15:19+00:00","dateModified":"2025-10-07T18:06:21+00:00","description":"\u201cAshley Angels Foundation \u2014 fundada por Anthony Galuccio \u2014 recauda fondos en EE.\u202fUU. para los tratamientos de ni\u00f1os con c\u00e1ncer en el Hospital Arturo Grull\u00f3n, Santiago, apoyando al Voluntariado Jes\u00fas con los Ni\u00f1os.\u201d","breadcrumb":{"@id":"https:\/\/vjcn.org\/ashleyangelsfoundation\/#breadcrumb"},"inLanguage":"en-US","potentialAction":[{"@type":"ReadAction","target":["https:\/\/vjcn.org\/ashleyangelsfoundation\/"]}]},{"@type":"ImageObject","inLanguage":"en-US","@id":"https:\/\/vjcn.org\/ashleyangelsfoundation\/#primaryimage","url":"https:\/\/vjcn.org\/wp-content\/uploads\/2025\/04\/WhatsApp-Image-2022-06-21-at-2.01.50-PM.jpeg","contentUrl":"https:\/\/vjcn.org\/wp-content\/uploads\/2025\/04\/WhatsApp-Image-2022-06-21-at-2.01.50-PM.jpeg"},{"@type":"BreadcrumbList","@id":"https:\/\/vjcn.org\/ashleyangelsfoundation\/#breadcrumb","itemListElement":[{"@type":"ListItem","position":1,"name":"Home","item":"https:\/\/vjcn.org\/"},{"@type":"ListItem","position":2,"name":"Ashley Angels Foundation"}]},{"@type":"WebSite","@id":"https:\/\/vjcn.org\/#website","url":"https:\/\/vjcn.org\/","name":"Voluntariado Jes\u00fas con los ni\u00f1os","description":"Stories of life and hope","publisher":{"@id":"https:\/\/vjcn.org\/#organization"},"potentialAction":[{"@type":"SearchAction","target":{"@type":"EntryPoint","urlTemplate":"https:\/\/vjcn.org\/?s={search_term_string}"},"query-input":{"@type":"PropertyValueSpecification","valueRequired":true,"valueName":"search_term_string"}}],"inLanguage":"en-US"},{"@type":"Organization","@id":"https:\/\/vjcn.org\/#organization","name":"Voluntariado Jes\u00fas con los ni\u00f1os","url":"https:\/\/vjcn.org\/","logo":{"@type":"ImageObject","inLanguage":"en-US","@id":"https:\/\/vjcn.org\/#\/schema\/logo\/image\/","url":"https:\/\/vjcn.org\/wp-content\/uploads\/2025\/04\/cropped-Simbolo.png","contentUrl":"https:\/\/vjcn.org\/wp-content\/uploads\/2025\/04\/cropped-Simbolo.png","width":512,"height":512,"caption":"Voluntariado Jes\u00fas con los ni\u00f1os"},"image":{"@id":"https:\/\/vjcn.org\/#\/schema\/logo\/image\/"},"sameAs":["https:\/\/www.facebook.com\/people\/Voluntariado-Jess-Con-Los-Nios\/61550862245839\/","https:\/\/www.instagram.com\/voluntariadojcn\/"]}]}},"jetpack_sharing_enabled":true,"_links":{"self":[{"href":"https:\/\/vjcn.org\/en\/wp-json\/wp\/v2\/pages\/55","targetHints":{"allow":["GET"]}}],"collection":[{"href":"https:\/\/vjcn.org\/en\/wp-json\/wp\/v2\/pages"}],"about":[{"href":"https:\/\/vjcn.org\/en\/wp-json\/wp\/v2\/types\/page"}],"author":[{"embeddable":true,"href":"https:\/\/vjcn.org\/en\/wp-json\/wp\/v2\/users\/1"}],"replies":[{"embeddable":true,"href":"https:\/\/vjcn.org\/en\/wp-json\/wp\/v2\/comments?post=55"}],"version-history":[{"count":61,"href":"https:\/\/vjcn.org\/en\/wp-json\/wp\/v2\/pages\/55\/revisions"}],"predecessor-version":[{"id":4810,"href":"https:\/\/vjcn.org\/en\/wp-json\/wp\/v2\/pages\/55\/revisions\/4810"}],"wp:attachment":[{"href":"https:\/\/vjcn.org\/en\/wp-json\/wp\/v2\/media?parent=55"}],"curies":[{"name":"wp","href":"https:\/\/api.w.org\/{rel}","templated":true}]}}