{"id":52,"date":"2025-04-18T22:15:05","date_gmt":"2025-04-18T22:15:05","guid":{"rendered":"https:\/\/vjcn.org\/?page_id=52"},"modified":"2025-10-01T18:12:41","modified_gmt":"2025-10-01T22:12:41","slug":"the-doughty-foundation","status":"publish","type":"page","link":"https:\/\/vjcn.org\/en\/the-doughty-foundation\/","title":{"rendered":"The Doughty Family Foundation"},"content":{"rendered":"<div data-elementor-type=\"wp-page\" data-elementor-id=\"52\" class=\"elementor elementor-52\" data-elementor-post-type=\"page\">\n\t\t\t\t<div class=\"elementor-element elementor-element-138e896 e-flex e-con-boxed e-con e-parent\" data-id=\"138e896\" data-element_type=\"container\" data-e-type=\"container\">\n\t\t\t\t\t<div class=\"e-con-inner\">\n\t\t<div class=\"elementor-element elementor-element-0978807 e-con-full e-flex e-con e-child\" data-id=\"0978807\" data-element_type=\"container\" data-e-type=\"container\" data-settings=\"{&quot;background_background&quot;:&quot;classic&quot;}\">\n\t\t\t\t<div class=\"elementor-element elementor-element-5994324 elementor-widget elementor-widget-heading\" data-id=\"5994324\" data-element_type=\"widget\" data-e-type=\"widget\" data-widget_type=\"heading.default\">\n\t\t\t\t<div class=\"elementor-widget-container\">\n\t\t\t\t\t<h2 class=\"elementor-heading-title elementor-size-default\">The Doughty Family Foundation<\/h2>\t\t\t\t<\/div>\n\t\t\t\t<\/div>\n\t\t<div class=\"elementor-element elementor-element-76ff535 e-con-full e-flex e-con e-child\" data-id=\"76ff535\" data-element_type=\"container\" data-e-type=\"container\">\n\t\t\t\t<div class=\"elementor-element elementor-element-8232add elementor-widget elementor-widget-image\" data-id=\"8232add\" data-element_type=\"widget\" data-e-type=\"widget\" data-widget_type=\"image.default\">\n\t\t\t\t<div class=\"elementor-widget-container\">\n\t\t\t\t\t\t\t\t\t\t\t\t\t\t\t<img fetchpriority=\"high\" decoding=\"async\" width=\"480\" height=\"640\" src=\"https:\/\/vjcn.org\/wp-content\/uploads\/2025\/04\/Lucy-Doughty.jpeg\" class=\"attachment-large size-large wp-image-407\" alt=\"\" srcset=\"https:\/\/vjcn.org\/wp-content\/uploads\/2025\/04\/Lucy-Doughty.jpeg 480w, https:\/\/vjcn.org\/wp-content\/uploads\/2025\/04\/Lucy-Doughty-225x300.jpeg 225w\" sizes=\"(max-width: 480px) 100vw, 480px\" \/>\t\t\t\t\t\t\t\t\t\t\t\t\t\t\t<\/div>\n\t\t\t\t<\/div>\n\t\t\t\t<div class=\"elementor-element elementor-element-9ebff64 elementor-widget elementor-widget-text-editor\" data-id=\"9ebff64\" data-element_type=\"widget\" data-e-type=\"widget\" data-widget_type=\"text-editor.default\">\n\t\t\t\t<div class=\"elementor-widget-container\">\n\t\t\t\t\t\t\t\t\t<p class=\"font_2 wixui-rich-text__text\"><span class=\"wixui-rich-text__text\"><span class=\"color_18 wixui-rich-text__text\">Lucy Doughty, founder of <\/span><\/span><span class=\"wixui-rich-text__text\"><span class=\"color_18 wixui-rich-text__text\">The Doughty Family Foundation.<\/span><\/span><\/p>\t\t\t\t\t\t\t\t<\/div>\n\t\t\t\t<\/div>\n\t\t\t\t<\/div>\n\t\t\t\t<\/div>\n\t\t<div class=\"elementor-element elementor-element-048b763 e-con-full e-flex e-con e-child\" data-id=\"048b763\" data-element_type=\"container\" data-e-type=\"container\" data-settings=\"{&quot;background_background&quot;:&quot;classic&quot;}\">\n\t\t\t\t<div class=\"elementor-element elementor-element-afa5ca3 elementor-widget elementor-widget-image\" data-id=\"afa5ca3\" data-element_type=\"widget\" data-e-type=\"widget\" data-widget_type=\"image.default\">\n\t\t\t\t<div class=\"elementor-widget-container\">\n\t\t\t\t\t\t\t\t\t\t\t\t\t\t\t<img decoding=\"async\" width=\"1024\" height=\"1014\" src=\"https:\/\/vjcn.org\/wp-content\/uploads\/2025\/04\/The-Doughty-Family-Foundation.jpeg\" class=\"attachment-full size-full wp-image-408\" alt=\"\" srcset=\"https:\/\/vjcn.org\/wp-content\/uploads\/2025\/04\/The-Doughty-Family-Foundation.jpeg 1024w, https:\/\/vjcn.org\/wp-content\/uploads\/2025\/04\/The-Doughty-Family-Foundation-300x297.jpeg 300w, https:\/\/vjcn.org\/wp-content\/uploads\/2025\/04\/The-Doughty-Family-Foundation-150x150.jpeg 150w, https:\/\/vjcn.org\/wp-content\/uploads\/2025\/04\/The-Doughty-Family-Foundation-768x761.jpeg 768w, https:\/\/vjcn.org\/wp-content\/uploads\/2025\/04\/The-Doughty-Family-Foundation-600x594.jpeg 600w, https:\/\/vjcn.org\/wp-content\/uploads\/2025\/04\/The-Doughty-Family-Foundation-100x100.jpeg 100w\" sizes=\"(max-width: 1024px) 100vw, 1024px\" \/>\t\t\t\t\t\t\t\t\t\t\t\t\t\t\t<\/div>\n\t\t\t\t<\/div>\n\t\t\t\t<\/div>\n\t\t\t\t\t<\/div>\n\t\t\t\t<\/div>\n\t\t<div class=\"elementor-element elementor-element-66c375e e-flex e-con-boxed e-con e-parent\" data-id=\"66c375e\" data-element_type=\"container\" data-e-type=\"container\">\n\t\t\t\t\t<div class=\"e-con-inner\">\n\t\t\t\t<div class=\"elementor-element elementor-element-717a349 elementor-widget elementor-widget-text-editor\" data-id=\"717a349\" data-element_type=\"widget\" data-e-type=\"widget\" data-widget_type=\"text-editor.default\">\n\t\t\t\t<div class=\"elementor-widget-container\">\n\t\t\t\t\t\t\t\t\t<p><strong>Lucy Doughty, founder of The Doughty Family Foundation, joined the &quot;Voluntariado Jes\u00fas con\nlos Ni\u00f1os&quot; in 2007 to support a non-profit institution in Santiago, her hometown.<\/strong><\/p><p class=\"font_8 wixui-rich-text__text\"><strong><span class=\"color_18 wixui-rich-text__text\"><span class=\"wixui-rich-text__text\">Her primary contribution to the Volunteer is financial support, which has been instrumental in\nconstructing and developing the Mercia Doughty Pavilion, the Nigel Doughty Intensive Care\nUnit, and the psychology area, all bearing the same names.<\/span><\/span><\/strong><\/p><p class=\"font_8 wixui-rich-text__text\"><strong><span class=\"color_18 wixui-rich-text__text\"><span class=\"wixui-rich-text__text\">Lucy and The Doughty Family Foundation have been a helping hand that, through the years,\nwith their constant donations, contributes to the sustainability and development of the Mercia\nDoughty Pavilion and other units.\u00a0<\/span><\/span><\/strong><\/p><p class=\"font_8 wixui-rich-text__text\"><strong><span class=\"color_18 wixui-rich-text__text\"><span class=\"wixui-rich-text__text\">Lucy recognizes and supports the &quot;Voluntariado Jes\u00fas con los Ni\u00f1os&quot; because its social work\naligns with the philosophy of her Foundation.\u00a0<\/span><\/span><\/strong><\/p><p class=\"font_8 wixui-rich-text__text\"><strong><span class=\"color_18 wixui-rich-text__text\"><span class=\"wixui-rich-text__text\">Due to her valuable and consistent contribution and her childhood passion, VJCN recognizes\nLucy Doughty as a distinguished volunteer.\u00a0<\/span><\/span><\/strong><\/p><main id=\"PAGES_CONTAINER\" class=\"PAGES_CONTAINER\" tabindex=\"-1\" data-main-content=\"true\"><div id=\"SITE_PAGES\" class=\"JsJXaX SITE_PAGES\"><div id=\"SITE_PAGES_TRANSITION_GROUP\" class=\"AnQkDU\"><div id=\"rr8e9\" class=\"dBAkHi rr8e9\"><div class=\"HT5ybB\"><div id=\"Containerrr8e9\" class=\"Containerrr8e9 SPY_vo\"><div class=\"\" data-mesh-id=\"Containerrr8e9inlineContent\" data-testid=\"inline-content\"><div data-mesh-id=\"Containerrr8e9inlineContent-gridContainer\" data-testid=\"mesh-container-content\"><section id=\"comp-ly1khywd2\" class=\"Oqnisf comp-ly1khywd2 wixui-section\" tabindex=\"-1\" data-block-level-container=\"ClassicSection\"><div class=\"\" data-mesh-id=\"comp-ly1khywd2inlineContent\" data-testid=\"inline-content\"><div data-mesh-id=\"comp-ly1khywd2inlineContent-gridContainer\" data-testid=\"mesh-container-content\"><div id=\"comp-kyf536e1\" class=\"Z_l5lU ku3DBC zQ9jDz qvSjx3 Vq6kJx comp-kyf536e1 wixui-rich-text\" data-testid=\"richTextElement\"><p class=\"font_8 wixui-rich-text__text\"><strong><span class=\"color_18 wixui-rich-text__text\"><span class=\"wixui-rich-text__text\">We thank Lucy for remaining a part of our institution throughout the years.\u00a0<\/span><\/span><\/strong><\/p><\/div><\/div><\/div><\/section><\/div><\/div><\/div><\/div><\/div><\/div><\/div><\/main>\t\t\t\t\t\t\t\t<\/div>\n\t\t\t\t<\/div>\n\t\t\t\t\t<\/div>\n\t\t\t\t<\/div>\n\t\t<div class=\"elementor-element elementor-element-32ed377 e-flex e-con-boxed e-con e-parent\" data-id=\"32ed377\" data-element_type=\"container\" data-e-type=\"container\">\n\t\t\t\t\t<div class=\"e-con-inner\">\n\t\t\t\t<div class=\"elementor-element elementor-element-4d47507 elementor-fixed elementor-widget elementor-widget-button\" data-id=\"4d47507\" data-element_type=\"widget\" data-e-type=\"widget\" data-settings=\"{&quot;_position&quot;:&quot;fixed&quot;}\" data-widget_type=\"button.default\">\n\t\t\t\t<div class=\"elementor-widget-container\">\n\t\t\t\t\t\t\t\t\t<div class=\"elementor-button-wrapper\">\n\t\t\t\t\t<a class=\"elementor-button elementor-button-link elementor-size-sm\" href=\"https:\/\/vjcn.org\/donaciones\/\">\n\t\t\t\t\t\t<span class=\"elementor-button-content-wrapper\">\n\t\t\t\t\t\t\t\t\t<span class=\"elementor-button-text\">DONATE NOW<\/span>\n\t\t\t\t\t<\/span>\n\t\t\t\t\t<\/a>\n\t\t\t\t<\/div>\n\t\t\t\t\t\t\t\t<\/div>\n\t\t\t\t<\/div>\n\t\t\t\t\t<\/div>\n\t\t\t\t<\/div>\n\t\t\t\t<\/div>","protected":false},"excerpt":{"rendered":"<p>The Doughty Family Foundation Lucy Doughty, fundadora de The Doughty Family Foundation. Lucy Doughty, fundadora de The Doughty Family Foundation, llega al Voluntariado Jes\u00fas con los Ni\u00f1os, en el a\u00f1o 2007, con el prop\u00f3sito de apoyar una instituci\u00f3n sin fines de lucro, en Santiago, su ciudad natal. Su principal colaboraci\u00f3n para el Voluntariado, es el [&hellip;]<\/p>\n","protected":false},"author":1,"featured_media":0,"parent":0,"menu_order":0,"comment_status":"closed","ping_status":"closed","template":"","meta":{"footnotes":""},"class_list":["post-52","page","type-page","status-publish","hentry"],"yoast_head":"<!-- This site is optimized with the Yoast SEO plugin v27.4 - https:\/\/yoast.com\/product\/yoast-seo-wordpress\/ -->\n<title>The Doughty Family Foundation - Voluntariado Jes\u00fas con los ni\u00f1os<\/title>\n<meta name=\"description\" content=\"Descubre el valioso apoyo de The Doughty Family Foundation a los programas de Voluntariado Jes\u00fas con los Ni\u00f1os en beneficio de la ni\u00f1ez dominicana.\" \/>\n<meta name=\"robots\" content=\"index, follow, max-snippet:-1, max-image-preview:large, max-video-preview:-1\" \/>\n<link rel=\"canonical\" href=\"https:\/\/vjcn.org\/en\/the-doughty-foundation\/\" \/>\n<meta property=\"og:locale\" content=\"en_US\" \/>\n<meta property=\"og:type\" content=\"article\" \/>\n<meta property=\"og:title\" content=\"The Doughty Family Foundation - Voluntariado Jes\u00fas con los ni\u00f1os\" \/>\n<meta property=\"og:description\" content=\"Descubre el valioso apoyo de The Doughty Family Foundation a los programas de Voluntariado Jes\u00fas con los Ni\u00f1os en beneficio de la ni\u00f1ez dominicana.\" \/>\n<meta property=\"og:url\" content=\"https:\/\/vjcn.org\/en\/the-doughty-foundation\/\" \/>\n<meta property=\"og:site_name\" content=\"Voluntariado Jes\u00fas con los ni\u00f1os\" \/>\n<meta property=\"article:publisher\" content=\"https:\/\/www.facebook.com\/people\/Voluntariado-Jess-Con-Los-Nios\/61550862245839\/\" \/>\n<meta property=\"article:modified_time\" content=\"2025-10-01T22:12:41+00:00\" \/>\n<meta property=\"og:image\" content=\"https:\/\/vjcn.org\/wp-content\/uploads\/2025\/04\/Lucy-Doughty.jpeg\" \/>\n<meta name=\"twitter:card\" content=\"summary_large_image\" \/>\n<meta name=\"twitter:label1\" content=\"Est. reading time\" \/>\n\t<meta name=\"twitter:data1\" content=\"2 minutes\" \/>\n<script type=\"application\/ld+json\" class=\"yoast-schema-graph\">{\"@context\":\"https:\\\/\\\/schema.org\",\"@graph\":[{\"@type\":\"WebPage\",\"@id\":\"https:\\\/\\\/vjcn.org\\\/the-doughty-foundation\\\/\",\"url\":\"https:\\\/\\\/vjcn.org\\\/the-doughty-foundation\\\/\",\"name\":\"The Doughty Family Foundation - Voluntariado Jes\u00fas con los ni\u00f1os\",\"isPartOf\":{\"@id\":\"https:\\\/\\\/vjcn.org\\\/#website\"},\"primaryImageOfPage\":{\"@id\":\"https:\\\/\\\/vjcn.org\\\/the-doughty-foundation\\\/#primaryimage\"},\"image\":{\"@id\":\"https:\\\/\\\/vjcn.org\\\/the-doughty-foundation\\\/#primaryimage\"},\"thumbnailUrl\":\"https:\\\/\\\/vjcn.org\\\/wp-content\\\/uploads\\\/2025\\\/04\\\/Lucy-Doughty.jpeg\",\"datePublished\":\"2025-04-18T22:15:05+00:00\",\"dateModified\":\"2025-10-01T22:12:41+00:00\",\"description\":\"Descubre el valioso apoyo de The Doughty Family Foundation a los programas de Voluntariado Jes\u00fas con los Ni\u00f1os en beneficio de la ni\u00f1ez dominicana.\",\"breadcrumb\":{\"@id\":\"https:\\\/\\\/vjcn.org\\\/the-doughty-foundation\\\/#breadcrumb\"},\"inLanguage\":\"en-US\",\"potentialAction\":[{\"@type\":\"ReadAction\",\"target\":[\"https:\\\/\\\/vjcn.org\\\/the-doughty-foundation\\\/\"]}]},{\"@type\":\"ImageObject\",\"inLanguage\":\"en-US\",\"@id\":\"https:\\\/\\\/vjcn.org\\\/the-doughty-foundation\\\/#primaryimage\",\"url\":\"https:\\\/\\\/vjcn.org\\\/wp-content\\\/uploads\\\/2025\\\/04\\\/Lucy-Doughty.jpeg\",\"contentUrl\":\"https:\\\/\\\/vjcn.org\\\/wp-content\\\/uploads\\\/2025\\\/04\\\/Lucy-Doughty.jpeg\"},{\"@type\":\"BreadcrumbList\",\"@id\":\"https:\\\/\\\/vjcn.org\\\/the-doughty-foundation\\\/#breadcrumb\",\"itemListElement\":[{\"@type\":\"ListItem\",\"position\":1,\"name\":\"Home\",\"item\":\"https:\\\/\\\/vjcn.org\\\/\"},{\"@type\":\"ListItem\",\"position\":2,\"name\":\"The Doughty Family Foundation\"}]},{\"@type\":\"WebSite\",\"@id\":\"https:\\\/\\\/vjcn.org\\\/#website\",\"url\":\"https:\\\/\\\/vjcn.org\\\/\",\"name\":\"Voluntariado Jes\u00fas con los ni\u00f1os\",\"description\":\"Historias de vida y esperanza\",\"publisher\":{\"@id\":\"https:\\\/\\\/vjcn.org\\\/#organization\"},\"potentialAction\":[{\"@type\":\"SearchAction\",\"target\":{\"@type\":\"EntryPoint\",\"urlTemplate\":\"https:\\\/\\\/vjcn.org\\\/?s={search_term_string}\"},\"query-input\":{\"@type\":\"PropertyValueSpecification\",\"valueRequired\":true,\"valueName\":\"search_term_string\"}}],\"inLanguage\":\"en-US\"},{\"@type\":\"Organization\",\"@id\":\"https:\\\/\\\/vjcn.org\\\/#organization\",\"name\":\"Voluntariado Jes\u00fas con los ni\u00f1os\",\"url\":\"https:\\\/\\\/vjcn.org\\\/\",\"logo\":{\"@type\":\"ImageObject\",\"inLanguage\":\"en-US\",\"@id\":\"https:\\\/\\\/vjcn.org\\\/#\\\/schema\\\/logo\\\/image\\\/\",\"url\":\"https:\\\/\\\/vjcn.org\\\/wp-content\\\/uploads\\\/2025\\\/04\\\/cropped-Simbolo.png\",\"contentUrl\":\"https:\\\/\\\/vjcn.org\\\/wp-content\\\/uploads\\\/2025\\\/04\\\/cropped-Simbolo.png\",\"width\":512,\"height\":512,\"caption\":\"Voluntariado Jes\u00fas con los ni\u00f1os\"},\"image\":{\"@id\":\"https:\\\/\\\/vjcn.org\\\/#\\\/schema\\\/logo\\\/image\\\/\"},\"sameAs\":[\"https:\\\/\\\/www.facebook.com\\\/people\\\/Voluntariado-Jess-Con-Los-Nios\\\/61550862245839\\\/\",\"https:\\\/\\\/www.instagram.com\\\/voluntariadojcn\\\/\"]}]}<\/script>\n<!-- \/ Yoast SEO plugin. -->","yoast_head_json":{"title":"The Doughty Family Foundation - Voluntariado Jes\u00fas con los ni\u00f1os","description":"Descubre el valioso apoyo de The Doughty Family Foundation a los programas de Voluntariado Jes\u00fas con los Ni\u00f1os en beneficio de la ni\u00f1ez dominicana.","robots":{"index":"index","follow":"follow","max-snippet":"max-snippet:-1","max-image-preview":"max-image-preview:large","max-video-preview":"max-video-preview:-1"},"canonical":"https:\/\/vjcn.org\/en\/the-doughty-foundation\/","og_locale":"en_US","og_type":"article","og_title":"The Doughty Family Foundation - Voluntariado Jes\u00fas con los ni\u00f1os","og_description":"Descubre el valioso apoyo de The Doughty Family Foundation a los programas de Voluntariado Jes\u00fas con los Ni\u00f1os en beneficio de la ni\u00f1ez dominicana.","og_url":"https:\/\/vjcn.org\/en\/the-doughty-foundation\/","og_site_name":"Voluntariado Jes\u00fas con los ni\u00f1os","article_publisher":"https:\/\/www.facebook.com\/people\/Voluntariado-Jess-Con-Los-Nios\/61550862245839\/","article_modified_time":"2025-10-01T22:12:41+00:00","og_image":[{"url":"https:\/\/vjcn.org\/wp-content\/uploads\/2025\/04\/Lucy-Doughty.jpeg","type":"","width":"","height":""}],"twitter_card":"summary_large_image","twitter_misc":{"Est. reading time":"2 minutes"},"schema":{"@context":"https:\/\/schema.org","@graph":[{"@type":"WebPage","@id":"https:\/\/vjcn.org\/the-doughty-foundation\/","url":"https:\/\/vjcn.org\/the-doughty-foundation\/","name":"The Doughty Family Foundation - Voluntariado Jes\u00fas con los ni\u00f1os","isPartOf":{"@id":"https:\/\/vjcn.org\/#website"},"primaryImageOfPage":{"@id":"https:\/\/vjcn.org\/the-doughty-foundation\/#primaryimage"},"image":{"@id":"https:\/\/vjcn.org\/the-doughty-foundation\/#primaryimage"},"thumbnailUrl":"https:\/\/vjcn.org\/wp-content\/uploads\/2025\/04\/Lucy-Doughty.jpeg","datePublished":"2025-04-18T22:15:05+00:00","dateModified":"2025-10-01T22:12:41+00:00","description":"Descubre el valioso apoyo de The Doughty Family Foundation a los programas de Voluntariado Jes\u00fas con los Ni\u00f1os en beneficio de la ni\u00f1ez dominicana.","breadcrumb":{"@id":"https:\/\/vjcn.org\/the-doughty-foundation\/#breadcrumb"},"inLanguage":"en-US","potentialAction":[{"@type":"ReadAction","target":["https:\/\/vjcn.org\/the-doughty-foundation\/"]}]},{"@type":"ImageObject","inLanguage":"en-US","@id":"https:\/\/vjcn.org\/the-doughty-foundation\/#primaryimage","url":"https:\/\/vjcn.org\/wp-content\/uploads\/2025\/04\/Lucy-Doughty.jpeg","contentUrl":"https:\/\/vjcn.org\/wp-content\/uploads\/2025\/04\/Lucy-Doughty.jpeg"},{"@type":"BreadcrumbList","@id":"https:\/\/vjcn.org\/the-doughty-foundation\/#breadcrumb","itemListElement":[{"@type":"ListItem","position":1,"name":"Home","item":"https:\/\/vjcn.org\/"},{"@type":"ListItem","position":2,"name":"The Doughty Family Foundation"}]},{"@type":"WebSite","@id":"https:\/\/vjcn.org\/#website","url":"https:\/\/vjcn.org\/","name":"Voluntariado Jes\u00fas con los ni\u00f1os","description":"Stories of life and hope","publisher":{"@id":"https:\/\/vjcn.org\/#organization"},"potentialAction":[{"@type":"SearchAction","target":{"@type":"EntryPoint","urlTemplate":"https:\/\/vjcn.org\/?s={search_term_string}"},"query-input":{"@type":"PropertyValueSpecification","valueRequired":true,"valueName":"search_term_string"}}],"inLanguage":"en-US"},{"@type":"Organization","@id":"https:\/\/vjcn.org\/#organization","name":"Voluntariado Jes\u00fas con los ni\u00f1os","url":"https:\/\/vjcn.org\/","logo":{"@type":"ImageObject","inLanguage":"en-US","@id":"https:\/\/vjcn.org\/#\/schema\/logo\/image\/","url":"https:\/\/vjcn.org\/wp-content\/uploads\/2025\/04\/cropped-Simbolo.png","contentUrl":"https:\/\/vjcn.org\/wp-content\/uploads\/2025\/04\/cropped-Simbolo.png","width":512,"height":512,"caption":"Voluntariado Jes\u00fas con los ni\u00f1os"},"image":{"@id":"https:\/\/vjcn.org\/#\/schema\/logo\/image\/"},"sameAs":["https:\/\/www.facebook.com\/people\/Voluntariado-Jess-Con-Los-Nios\/61550862245839\/","https:\/\/www.instagram.com\/voluntariadojcn\/"]}]}},"jetpack_sharing_enabled":true,"_links":{"self":[{"href":"https:\/\/vjcn.org\/en\/wp-json\/wp\/v2\/pages\/52","targetHints":{"allow":["GET"]}}],"collection":[{"href":"https:\/\/vjcn.org\/en\/wp-json\/wp\/v2\/pages"}],"about":[{"href":"https:\/\/vjcn.org\/en\/wp-json\/wp\/v2\/types\/page"}],"author":[{"embeddable":true,"href":"https:\/\/vjcn.org\/en\/wp-json\/wp\/v2\/users\/1"}],"replies":[{"embeddable":true,"href":"https:\/\/vjcn.org\/en\/wp-json\/wp\/v2\/comments?post=52"}],"version-history":[{"count":79,"href":"https:\/\/vjcn.org\/en\/wp-json\/wp\/v2\/pages\/52\/revisions"}],"predecessor-version":[{"id":4800,"href":"https:\/\/vjcn.org\/en\/wp-json\/wp\/v2\/pages\/52\/revisions\/4800"}],"wp:attachment":[{"href":"https:\/\/vjcn.org\/en\/wp-json\/wp\/v2\/media?parent=52"}],"curies":[{"name":"wp","href":"https:\/\/api.w.org\/{rel}","templated":true}]}}