{"id":430,"date":"2025-04-25T21:10:00","date_gmt":"2025-04-25T21:10:00","guid":{"rendered":"https:\/\/vjcn.org\/?page_id=430"},"modified":"2025-09-18T09:22:10","modified_gmt":"2025-09-18T13:22:10","slug":"donantesdevida","status":"publish","type":"page","link":"https:\/\/vjcn.org\/en\/donantesdevida\/","title":{"rendered":"Donors of Life"},"content":{"rendered":"<div data-elementor-type=\"wp-page\" data-elementor-id=\"430\" class=\"elementor elementor-430\" data-elementor-post-type=\"page\">\n\t\t\t\t<div class=\"elementor-element elementor-element-fc0a5d4 e-flex e-con-boxed e-con e-parent\" data-id=\"fc0a5d4\" data-element_type=\"container\" data-e-type=\"container\" data-settings=\"{&quot;background_background&quot;:&quot;classic&quot;}\">\n\t\t\t\t\t<div class=\"e-con-inner\">\n\t\t\t\t<div class=\"elementor-element elementor-element-b3ba08c elementor-icon-list--layout-inline elementor-list-item-link-inline elementor-widget elementor-widget-icon-list\" data-id=\"b3ba08c\" data-element_type=\"widget\" data-e-type=\"widget\" data-widget_type=\"icon-list.default\">\n\t\t\t\t<div class=\"elementor-widget-container\">\n\t\t\t\t\t\t\t<ul class=\"elementor-icon-list-items elementor-inline-items\">\n\t\t\t\t\t\t\t<li class=\"elementor-icon-list-item elementor-inline-item\">\n\t\t\t\t\t\t\t\t\t\t\t<a href=\"https:\/\/vjcn.org\/donaciones-recurrentes\/\">\n\n\t\t\t\t\t\t\t\t\t\t\t\t<span class=\"elementor-icon-list-icon\">\n\t\t\t\t\t\t\t<svg aria-hidden=\"true\" class=\"e-font-icon-svg e-fas-hand-holding-heart\" viewbox=\"0 0 576 512\" xmlns=\"http:\/\/www.w3.org\/2000\/svg\"><path d=\"M275.3 250.5c7 7.4 18.4 7.4 25.5 0l108.9-114.2c31.6-33.2 29.8-88.2-5.6-118.8-30.8-26.7-76.7-21.9-104.9 7.7L288 36.9l-11.1-11.6C248.7-4.4 202.8-9.2 172 17.5c-35.3 30.6-37.2 85.6-5.6 118.8l108.9 114.2zm290 77.6c-11.8-10.7-30.2-10-42.6 0L430.3 402c-11.3 9.1-25.4 14-40 14H272c-8.8 0-16-7.2-16-16s7.2-16 16-16h78.3c15.9 0 30.7-10.9 33.3-26.6 3.3-20-12.1-37.4-31.6-37.4H192c-27 0-53.1 9.3-74.1 26.3L71.4 384H16c-8.8 0-16 7.2-16 16v96c0 8.8 7.2 16 16 16h356.8c14.5 0 28.6-4.9 40-14L564 377c15.2-12.1 16.4-35.3 1.3-48.9z\"><\/path><\/svg>\t\t\t\t\t\t<\/span>\n\t\t\t\t\t\t\t\t\t\t<span class=\"elementor-icon-list-text\">Become a Donor of Life <\/span>\n\t\t\t\t\t\t\t\t\t\t\t<\/a>\n\t\t\t\t\t\t\t\t\t<\/li>\n\t\t\t\t\t\t<\/ul>\n\t\t\t\t\t\t<\/div>\n\t\t\t\t<\/div>\n\t\t\t\t\t<\/div>\n\t\t\t\t<\/div>\n\t\t<div class=\"elementor-element elementor-element-6b3ee57 e-flex e-con-boxed e-con e-parent\" data-id=\"6b3ee57\" data-element_type=\"container\" data-e-type=\"container\">\n\t\t\t\t\t<div class=\"e-con-inner\">\n\t\t\t\t<div class=\"elementor-element elementor-element-4580e87 elementor-widget elementor-widget-image\" data-id=\"4580e87\" data-element_type=\"widget\" data-e-type=\"widget\" data-widget_type=\"image.default\">\n\t\t\t\t<div class=\"elementor-widget-container\">\n\t\t\t\t\t\t\t\t\t\t\t\t\t\t\t<img fetchpriority=\"high\" decoding=\"async\" width=\"1536\" height=\"624\" src=\"https:\/\/vjcn.org\/wp-content\/uploads\/2025\/06\/encabezado-donantes-de-vida3-1536x624.png\" class=\"attachment-1536x1536 size-1536x1536 wp-image-1800\" alt=\"\" srcset=\"https:\/\/vjcn.org\/wp-content\/uploads\/2025\/06\/encabezado-donantes-de-vida3-1536x624.png 1536w, https:\/\/vjcn.org\/wp-content\/uploads\/2025\/06\/encabezado-donantes-de-vida3-300x122.png 300w, https:\/\/vjcn.org\/wp-content\/uploads\/2025\/06\/encabezado-donantes-de-vida3-1024x416.png 1024w, https:\/\/vjcn.org\/wp-content\/uploads\/2025\/06\/encabezado-donantes-de-vida3-768x312.png 768w, https:\/\/vjcn.org\/wp-content\/uploads\/2025\/06\/encabezado-donantes-de-vida3-18x7.png 18w, https:\/\/vjcn.org\/wp-content\/uploads\/2025\/06\/encabezado-donantes-de-vida3-600x244.png 600w, https:\/\/vjcn.org\/wp-content\/uploads\/2025\/06\/encabezado-donantes-de-vida3.png 1920w\" sizes=\"(max-width: 1536px) 100vw, 1536px\" \/>\t\t\t\t\t\t\t\t\t\t\t\t\t\t\t<\/div>\n\t\t\t\t<\/div>\n\t\t\t\t<div class=\"elementor-element elementor-element-a83570d elementor-widget elementor-widget-heading\" data-id=\"a83570d\" data-element_type=\"widget\" data-e-type=\"widget\" data-widget_type=\"heading.default\">\n\t\t\t\t<div class=\"elementor-widget-container\">\n\t\t\t\t\t<h2 class=\"elementor-heading-title elementor-size-default\">What is Donors of Life?\n\n\n<\/h2>\t\t\t\t<\/div>\n\t\t\t\t<\/div>\n\t\t\t\t<div class=\"elementor-element elementor-element-e949433 elementor-widget elementor-widget-text-editor\" data-id=\"e949433\" data-element_type=\"widget\" data-e-type=\"widget\" data-widget_type=\"text-editor.default\">\n\t\t\t\t<div class=\"elementor-widget-container\">\n\t\t\t\t\t\t\t\t\t<p>It is the network of recurring donors of the Voluntariado Jes\u00fas con los ni\u00f1os, who contribute through payments through their credit or debit cards.<\/p><p>To belong to this network, you just have to complete your information, the amount to donate, and that's it!<\/p><p>With those few steps you become a Life Donor.<\/p>\t\t\t\t\t\t\t\t<\/div>\n\t\t\t\t<\/div>\n\t\t\t\t<div class=\"elementor-element elementor-element-2d7e8ed elementor-align-center elementor-widget__width-initial elementor-widget elementor-widget-button\" data-id=\"2d7e8ed\" data-element_type=\"widget\" data-e-type=\"widget\" data-widget_type=\"button.default\">\n\t\t\t\t<div class=\"elementor-widget-container\">\n\t\t\t\t\t\t\t\t\t<div class=\"elementor-button-wrapper\">\n\t\t\t\t\t<a class=\"elementor-button elementor-button-link elementor-size-sm\" href=\"https:\/\/vjcn.org\/donaciones-recurrentes\/\">\n\t\t\t\t\t\t<span class=\"elementor-button-content-wrapper\">\n\t\t\t\t\t\t\t\t\t<span class=\"elementor-button-text\">Become a Donor of Life<\/span>\n\t\t\t\t\t<\/span>\n\t\t\t\t\t<\/a>\n\t\t\t\t<\/div>\n\t\t\t\t\t\t\t\t<\/div>\n\t\t\t\t<\/div>\n\t\t\t\t\t<\/div>\n\t\t\t\t<\/div>\n\t\t<div class=\"elementor-element elementor-element-84fb2bf e-flex e-con-boxed e-con e-parent\" data-id=\"84fb2bf\" data-element_type=\"container\" data-e-type=\"container\">\n\t\t\t\t\t<div class=\"e-con-inner\">\n\t\t\t\t<div class=\"elementor-element elementor-element-7f327e5 elementor-widget elementor-widget-video\" data-id=\"7f327e5\" data-element_type=\"widget\" data-e-type=\"widget\" data-settings=\"{&quot;video_type&quot;:&quot;hosted&quot;,&quot;start&quot;:1,&quot;controls&quot;:&quot;yes&quot;}\" data-widget_type=\"video.default\">\n\t\t\t\t<div class=\"elementor-widget-container\">\n\t\t\t\t\t\t\t<div class=\"e-hosted-video elementor-wrapper elementor-open-inline\">\n\t\t\t\t\t<video class=\"elementor-video\" src=\"https:\/\/vjcn.org\/wp-content\/uploads\/2025\/05\/Donantes-de-Vida.mp4#t=1\" controls=\"\" preload=\"metadata\" controlslist=\"nodownload\"><\/video>\n\t\t\t\t<\/div>\n\t\t\t\t\t\t<\/div>\n\t\t\t\t<\/div>\n\t\t\t\t\t<\/div>\n\t\t\t\t<\/div>\n\t\t\t\t<\/div>","protected":false},"excerpt":{"rendered":"<p>Convertirme en Donante de Vida \u00bfQu\u00e9 es Donantes de Vida? Es la red de donantes recurrentes del Voluntariado Jes\u00fas con los Ni\u00f1os, que aporta mediante pagos a trav\u00e9s de sus tarjetas de cr\u00e9dito o d\u00e9bito. Para pertenecer a esta red, solo tienes que completar tus datos, el monto a donar, y listo! Con esos pocos [&hellip;]<\/p>\n","protected":false},"author":1,"featured_media":0,"parent":0,"menu_order":0,"comment_status":"closed","ping_status":"closed","template":"","meta":{"footnotes":""},"class_list":["post-430","page","type-page","status-publish","hentry"],"yoast_head":"<!-- This site is optimized with the Yoast SEO plugin v27.4 - https:\/\/yoast.com\/product\/yoast-seo-wordpress\/ -->\n<title>Donantes de Vida - Voluntariado Jes\u00fas con los ni\u00f1os<\/title>\n<meta name=\"description\" content=\"\u00danete al programa Donantes de Vida y apoya mensualmente los programas de salud y acompa\u00f1amiento de Voluntariado Jes\u00fas con los Ni\u00f1os.\" \/>\n<meta name=\"robots\" content=\"index, follow, max-snippet:-1, max-image-preview:large, max-video-preview:-1\" \/>\n<link rel=\"canonical\" href=\"https:\/\/vjcn.org\/en\/donantesdevida\/\" \/>\n<meta property=\"og:locale\" content=\"en_US\" \/>\n<meta property=\"og:type\" content=\"article\" \/>\n<meta property=\"og:title\" content=\"Donantes de Vida - Voluntariado Jes\u00fas con los ni\u00f1os\" \/>\n<meta property=\"og:description\" content=\"\u00danete al programa Donantes de Vida y apoya mensualmente los programas de salud y acompa\u00f1amiento de Voluntariado Jes\u00fas con los Ni\u00f1os.\" \/>\n<meta property=\"og:url\" content=\"https:\/\/vjcn.org\/en\/donantesdevida\/\" \/>\n<meta property=\"og:site_name\" content=\"Voluntariado Jes\u00fas con los ni\u00f1os\" \/>\n<meta property=\"article:publisher\" content=\"https:\/\/www.facebook.com\/people\/Voluntariado-Jess-Con-Los-Nios\/61550862245839\/\" \/>\n<meta property=\"article:modified_time\" content=\"2025-09-18T13:22:10+00:00\" \/>\n<meta property=\"og:image\" content=\"https:\/\/vjcn.org\/wp-content\/uploads\/2025\/06\/encabezado-donantes-de-vida3-1536x624.png\" \/>\n<meta name=\"twitter:card\" content=\"summary_large_image\" \/>\n<meta name=\"twitter:label1\" content=\"Est. reading time\" \/>\n\t<meta name=\"twitter:data1\" content=\"1 minute\" \/>\n<script type=\"application\/ld+json\" class=\"yoast-schema-graph\">{\"@context\":\"https:\\\/\\\/schema.org\",\"@graph\":[{\"@type\":\"WebPage\",\"@id\":\"https:\\\/\\\/vjcn.org\\\/donantesdevida\\\/\",\"url\":\"https:\\\/\\\/vjcn.org\\\/donantesdevida\\\/\",\"name\":\"Donantes de Vida - Voluntariado Jes\u00fas con los ni\u00f1os\",\"isPartOf\":{\"@id\":\"https:\\\/\\\/vjcn.org\\\/#website\"},\"primaryImageOfPage\":{\"@id\":\"https:\\\/\\\/vjcn.org\\\/donantesdevida\\\/#primaryimage\"},\"image\":{\"@id\":\"https:\\\/\\\/vjcn.org\\\/donantesdevida\\\/#primaryimage\"},\"thumbnailUrl\":\"https:\\\/\\\/vjcn.org\\\/wp-content\\\/uploads\\\/2025\\\/06\\\/encabezado-donantes-de-vida3-1536x624.png\",\"datePublished\":\"2025-04-25T21:10:00+00:00\",\"dateModified\":\"2025-09-18T13:22:10+00:00\",\"description\":\"\u00danete al programa Donantes de Vida y apoya mensualmente los programas de salud y acompa\u00f1amiento de Voluntariado Jes\u00fas con los Ni\u00f1os.\",\"breadcrumb\":{\"@id\":\"https:\\\/\\\/vjcn.org\\\/donantesdevida\\\/#breadcrumb\"},\"inLanguage\":\"en-US\",\"potentialAction\":[{\"@type\":\"ReadAction\",\"target\":[\"https:\\\/\\\/vjcn.org\\\/donantesdevida\\\/\"]}]},{\"@type\":\"ImageObject\",\"inLanguage\":\"en-US\",\"@id\":\"https:\\\/\\\/vjcn.org\\\/donantesdevida\\\/#primaryimage\",\"url\":\"https:\\\/\\\/vjcn.org\\\/wp-content\\\/uploads\\\/2025\\\/06\\\/encabezado-donantes-de-vida3-1536x624.png\",\"contentUrl\":\"https:\\\/\\\/vjcn.org\\\/wp-content\\\/uploads\\\/2025\\\/06\\\/encabezado-donantes-de-vida3-1536x624.png\"},{\"@type\":\"BreadcrumbList\",\"@id\":\"https:\\\/\\\/vjcn.org\\\/donantesdevida\\\/#breadcrumb\",\"itemListElement\":[{\"@type\":\"ListItem\",\"position\":1,\"name\":\"Home\",\"item\":\"https:\\\/\\\/vjcn.org\\\/\"},{\"@type\":\"ListItem\",\"position\":2,\"name\":\"Donantes de Vida\"}]},{\"@type\":\"WebSite\",\"@id\":\"https:\\\/\\\/vjcn.org\\\/#website\",\"url\":\"https:\\\/\\\/vjcn.org\\\/\",\"name\":\"Voluntariado Jes\u00fas con los ni\u00f1os\",\"description\":\"Historias de vida y esperanza\",\"publisher\":{\"@id\":\"https:\\\/\\\/vjcn.org\\\/#organization\"},\"potentialAction\":[{\"@type\":\"SearchAction\",\"target\":{\"@type\":\"EntryPoint\",\"urlTemplate\":\"https:\\\/\\\/vjcn.org\\\/?s={search_term_string}\"},\"query-input\":{\"@type\":\"PropertyValueSpecification\",\"valueRequired\":true,\"valueName\":\"search_term_string\"}}],\"inLanguage\":\"en-US\"},{\"@type\":\"Organization\",\"@id\":\"https:\\\/\\\/vjcn.org\\\/#organization\",\"name\":\"Voluntariado Jes\u00fas con los ni\u00f1os\",\"url\":\"https:\\\/\\\/vjcn.org\\\/\",\"logo\":{\"@type\":\"ImageObject\",\"inLanguage\":\"en-US\",\"@id\":\"https:\\\/\\\/vjcn.org\\\/#\\\/schema\\\/logo\\\/image\\\/\",\"url\":\"https:\\\/\\\/vjcn.org\\\/wp-content\\\/uploads\\\/2025\\\/04\\\/cropped-Simbolo.png\",\"contentUrl\":\"https:\\\/\\\/vjcn.org\\\/wp-content\\\/uploads\\\/2025\\\/04\\\/cropped-Simbolo.png\",\"width\":512,\"height\":512,\"caption\":\"Voluntariado Jes\u00fas con los ni\u00f1os\"},\"image\":{\"@id\":\"https:\\\/\\\/vjcn.org\\\/#\\\/schema\\\/logo\\\/image\\\/\"},\"sameAs\":[\"https:\\\/\\\/www.facebook.com\\\/people\\\/Voluntariado-Jess-Con-Los-Nios\\\/61550862245839\\\/\",\"https:\\\/\\\/www.instagram.com\\\/voluntariadojcn\\\/\"]}]}<\/script>\n<!-- \/ Yoast SEO plugin. -->","yoast_head_json":{"title":"Donantes de Vida - Voluntariado Jes\u00fas con los ni\u00f1os","description":"\u00danete al programa Donantes de Vida y apoya mensualmente los programas de salud y acompa\u00f1amiento de Voluntariado Jes\u00fas con los Ni\u00f1os.","robots":{"index":"index","follow":"follow","max-snippet":"max-snippet:-1","max-image-preview":"max-image-preview:large","max-video-preview":"max-video-preview:-1"},"canonical":"https:\/\/vjcn.org\/en\/donantesdevida\/","og_locale":"en_US","og_type":"article","og_title":"Donantes de Vida - Voluntariado Jes\u00fas con los ni\u00f1os","og_description":"\u00danete al programa Donantes de Vida y apoya mensualmente los programas de salud y acompa\u00f1amiento de Voluntariado Jes\u00fas con los Ni\u00f1os.","og_url":"https:\/\/vjcn.org\/en\/donantesdevida\/","og_site_name":"Voluntariado Jes\u00fas con los ni\u00f1os","article_publisher":"https:\/\/www.facebook.com\/people\/Voluntariado-Jess-Con-Los-Nios\/61550862245839\/","article_modified_time":"2025-09-18T13:22:10+00:00","og_image":[{"url":"https:\/\/vjcn.org\/wp-content\/uploads\/2025\/06\/encabezado-donantes-de-vida3-1536x624.png","type":"","width":"","height":""}],"twitter_card":"summary_large_image","twitter_misc":{"Est. reading time":"1 minute"},"schema":{"@context":"https:\/\/schema.org","@graph":[{"@type":"WebPage","@id":"https:\/\/vjcn.org\/donantesdevida\/","url":"https:\/\/vjcn.org\/donantesdevida\/","name":"Donantes de Vida - Voluntariado Jes\u00fas con los ni\u00f1os","isPartOf":{"@id":"https:\/\/vjcn.org\/#website"},"primaryImageOfPage":{"@id":"https:\/\/vjcn.org\/donantesdevida\/#primaryimage"},"image":{"@id":"https:\/\/vjcn.org\/donantesdevida\/#primaryimage"},"thumbnailUrl":"https:\/\/vjcn.org\/wp-content\/uploads\/2025\/06\/encabezado-donantes-de-vida3-1536x624.png","datePublished":"2025-04-25T21:10:00+00:00","dateModified":"2025-09-18T13:22:10+00:00","description":"\u00danete al programa Donantes de Vida y apoya mensualmente los programas de salud y acompa\u00f1amiento de Voluntariado Jes\u00fas con los Ni\u00f1os.","breadcrumb":{"@id":"https:\/\/vjcn.org\/donantesdevida\/#breadcrumb"},"inLanguage":"en-US","potentialAction":[{"@type":"ReadAction","target":["https:\/\/vjcn.org\/donantesdevida\/"]}]},{"@type":"ImageObject","inLanguage":"en-US","@id":"https:\/\/vjcn.org\/donantesdevida\/#primaryimage","url":"https:\/\/vjcn.org\/wp-content\/uploads\/2025\/06\/encabezado-donantes-de-vida3-1536x624.png","contentUrl":"https:\/\/vjcn.org\/wp-content\/uploads\/2025\/06\/encabezado-donantes-de-vida3-1536x624.png"},{"@type":"BreadcrumbList","@id":"https:\/\/vjcn.org\/donantesdevida\/#breadcrumb","itemListElement":[{"@type":"ListItem","position":1,"name":"Home","item":"https:\/\/vjcn.org\/"},{"@type":"ListItem","position":2,"name":"Donantes de Vida"}]},{"@type":"WebSite","@id":"https:\/\/vjcn.org\/#website","url":"https:\/\/vjcn.org\/","name":"Voluntariado Jes\u00fas con los ni\u00f1os","description":"Stories of life and hope","publisher":{"@id":"https:\/\/vjcn.org\/#organization"},"potentialAction":[{"@type":"SearchAction","target":{"@type":"EntryPoint","urlTemplate":"https:\/\/vjcn.org\/?s={search_term_string}"},"query-input":{"@type":"PropertyValueSpecification","valueRequired":true,"valueName":"search_term_string"}}],"inLanguage":"en-US"},{"@type":"Organization","@id":"https:\/\/vjcn.org\/#organization","name":"Voluntariado Jes\u00fas con los ni\u00f1os","url":"https:\/\/vjcn.org\/","logo":{"@type":"ImageObject","inLanguage":"en-US","@id":"https:\/\/vjcn.org\/#\/schema\/logo\/image\/","url":"https:\/\/vjcn.org\/wp-content\/uploads\/2025\/04\/cropped-Simbolo.png","contentUrl":"https:\/\/vjcn.org\/wp-content\/uploads\/2025\/04\/cropped-Simbolo.png","width":512,"height":512,"caption":"Voluntariado Jes\u00fas con los ni\u00f1os"},"image":{"@id":"https:\/\/vjcn.org\/#\/schema\/logo\/image\/"},"sameAs":["https:\/\/www.facebook.com\/people\/Voluntariado-Jess-Con-Los-Nios\/61550862245839\/","https:\/\/www.instagram.com\/voluntariadojcn\/"]}]}},"jetpack_sharing_enabled":true,"_links":{"self":[{"href":"https:\/\/vjcn.org\/en\/wp-json\/wp\/v2\/pages\/430","targetHints":{"allow":["GET"]}}],"collection":[{"href":"https:\/\/vjcn.org\/en\/wp-json\/wp\/v2\/pages"}],"about":[{"href":"https:\/\/vjcn.org\/en\/wp-json\/wp\/v2\/types\/page"}],"author":[{"embeddable":true,"href":"https:\/\/vjcn.org\/en\/wp-json\/wp\/v2\/users\/1"}],"replies":[{"embeddable":true,"href":"https:\/\/vjcn.org\/en\/wp-json\/wp\/v2\/comments?post=430"}],"version-history":[{"count":93,"href":"https:\/\/vjcn.org\/en\/wp-json\/wp\/v2\/pages\/430\/revisions"}],"predecessor-version":[{"id":4626,"href":"https:\/\/vjcn.org\/en\/wp-json\/wp\/v2\/pages\/430\/revisions\/4626"}],"wp:attachment":[{"href":"https:\/\/vjcn.org\/en\/wp-json\/wp\/v2\/media?parent=430"}],"curies":[{"name":"wp","href":"https:\/\/api.w.org\/{rel}","templated":true}]}}