{"id":43,"date":"2025-04-18T22:14:16","date_gmt":"2025-04-18T22:14:16","guid":{"rendered":"https:\/\/vjcn.org\/?page_id=43"},"modified":"2025-09-18T06:14:05","modified_gmt":"2025-09-18T10:14:05","slug":"consejo-de-fundadoras-y-directiva","status":"publish","type":"page","link":"https:\/\/vjcn.org\/en\/consejo-de-fundadoras-y-directiva\/","title":{"rendered":"Founding Council"},"content":{"rendered":"<div data-elementor-type=\"wp-page\" data-elementor-id=\"43\" class=\"elementor elementor-43\" data-elementor-post-type=\"page\">\n\t\t\t\t<div class=\"elementor-element elementor-element-9e7518c e-flex e-con-boxed e-con e-parent\" data-id=\"9e7518c\" data-element_type=\"container\" data-e-type=\"container\">\n\t\t\t\t\t<div class=\"e-con-inner\">\n\t\t\t\t<div class=\"elementor-element elementor-element-4e0ea09 elementor-widget elementor-widget-spacer\" data-id=\"4e0ea09\" data-element_type=\"widget\" data-e-type=\"widget\" data-widget_type=\"spacer.default\">\n\t\t\t\t<div class=\"elementor-widget-container\">\n\t\t\t\t\t\t\t<div class=\"elementor-spacer\">\n\t\t\t<div class=\"elementor-spacer-inner\"><\/div>\n\t\t<\/div>\n\t\t\t\t\t\t<\/div>\n\t\t\t\t<\/div>\n\t\t\t\t\t<\/div>\n\t\t\t\t<\/div>\n\t\t<div class=\"elementor-element elementor-element-c2eaea4 e-flex e-con-boxed e-con e-parent\" data-id=\"c2eaea4\" data-element_type=\"container\" data-e-type=\"container\">\n\t\t\t\t\t<div class=\"e-con-inner\">\n\t\t\t\t<div class=\"elementor-element elementor-element-05f8050 elementor-widget elementor-widget-heading\" data-id=\"05f8050\" data-element_type=\"widget\" data-e-type=\"widget\" data-widget_type=\"heading.default\">\n\t\t\t\t<div class=\"elementor-widget-container\">\n\t\t\t\t\t<h1 class=\"elementor-heading-title elementor-size-default\">Founding Council<\/h1>\t\t\t\t<\/div>\n\t\t\t\t<\/div>\n\t\t\t\t\t<\/div>\n\t\t\t\t<\/div>\n\t\t<div class=\"elementor-element elementor-element-b186c2d e-grid e-con-boxed e-con e-parent\" data-id=\"b186c2d\" data-element_type=\"container\" data-e-type=\"container\">\n\t\t\t\t\t<div class=\"e-con-inner\">\n\t\t\t\t<div class=\"elementor-element elementor-element-1e987b6 elementor-position-top elementor-widget elementor-widget-image-box\" data-id=\"1e987b6\" data-element_type=\"widget\" data-e-type=\"widget\" data-widget_type=\"image-box.default\">\n\t\t\t\t<div class=\"elementor-widget-container\">\n\t\t\t\t\t<div class=\"elementor-image-box-wrapper\"><figure class=\"elementor-image-box-img\"><img fetchpriority=\"high\" decoding=\"async\" width=\"1080\" height=\"1080\" src=\"https:\/\/vjcn.org\/wp-content\/uploads\/2025\/04\/Xenia-Gell.png\" class=\"attachment-full size-full wp-image-442\" alt=\"\" srcset=\"https:\/\/vjcn.org\/wp-content\/uploads\/2025\/04\/Xenia-Gell.png 1080w, https:\/\/vjcn.org\/wp-content\/uploads\/2025\/04\/Xenia-Gell-300x300.png 300w, https:\/\/vjcn.org\/wp-content\/uploads\/2025\/04\/Xenia-Gell-1024x1024.png 1024w, https:\/\/vjcn.org\/wp-content\/uploads\/2025\/04\/Xenia-Gell-150x150.png 150w, https:\/\/vjcn.org\/wp-content\/uploads\/2025\/04\/Xenia-Gell-768x768.png 768w, https:\/\/vjcn.org\/wp-content\/uploads\/2025\/04\/Xenia-Gell-600x600.png 600w, https:\/\/vjcn.org\/wp-content\/uploads\/2025\/04\/Xenia-Gell-100x100.png 100w\" sizes=\"(max-width: 1080px) 100vw, 1080px\" \/><\/figure><div class=\"elementor-image-box-content\"><h3 class=\"elementor-image-box-title\">Xenia Gell de \u00c1lvarez<\/h3><\/div><\/div>\t\t\t\t<\/div>\n\t\t\t\t<\/div>\n\t\t\t\t<div class=\"elementor-element elementor-element-6eab1b5 elementor-position-top elementor-widget elementor-widget-image-box\" data-id=\"6eab1b5\" data-element_type=\"widget\" data-e-type=\"widget\" data-widget_type=\"image-box.default\">\n\t\t\t\t<div class=\"elementor-widget-container\">\n\t\t\t\t\t<div class=\"elementor-image-box-wrapper\"><figure class=\"elementor-image-box-img\"><img decoding=\"async\" src=\"https:\/\/vjcn.org\/wp-content\/uploads\/elementor\/thumbs\/Vilsa-de-Paulino-r4y65mgk16fcc1bnu420ut596gnwlgx7pwg6nmhqqo.png\" title=\"Vilsa-de-Paulino\" alt=\"Vilsa-de-Paulino\" loading=\"lazy\" \/><\/figure><div class=\"elementor-image-box-content\"><h3 class=\"elementor-image-box-title\">Vilsa de Paulino<\/h3><\/div><\/div>\t\t\t\t<\/div>\n\t\t\t\t<\/div>\n\t\t\t\t<div class=\"elementor-element elementor-element-6199bad elementor-position-top elementor-widget elementor-widget-image-box\" data-id=\"6199bad\" data-element_type=\"widget\" data-e-type=\"widget\" data-widget_type=\"image-box.default\">\n\t\t\t\t<div class=\"elementor-widget-container\">\n\t\t\t\t\t<div class=\"elementor-image-box-wrapper\"><figure class=\"elementor-image-box-img\"><img decoding=\"async\" width=\"1080\" height=\"1080\" src=\"https:\/\/vjcn.org\/wp-content\/uploads\/2025\/04\/Vilena-Comas.png\" class=\"attachment-full size-full wp-image-447\" alt=\"\" srcset=\"https:\/\/vjcn.org\/wp-content\/uploads\/2025\/04\/Vilena-Comas.png 1080w, https:\/\/vjcn.org\/wp-content\/uploads\/2025\/04\/Vilena-Comas-300x300.png 300w, https:\/\/vjcn.org\/wp-content\/uploads\/2025\/04\/Vilena-Comas-1024x1024.png 1024w, https:\/\/vjcn.org\/wp-content\/uploads\/2025\/04\/Vilena-Comas-150x150.png 150w, https:\/\/vjcn.org\/wp-content\/uploads\/2025\/04\/Vilena-Comas-768x768.png 768w, https:\/\/vjcn.org\/wp-content\/uploads\/2025\/04\/Vilena-Comas-600x600.png 600w, https:\/\/vjcn.org\/wp-content\/uploads\/2025\/04\/Vilena-Comas-100x100.png 100w\" sizes=\"(max-width: 1080px) 100vw, 1080px\" \/><\/figure><div class=\"elementor-image-box-content\"><h3 class=\"elementor-image-box-title\">Vilena Comas de Stern<\/h3><\/div><\/div>\t\t\t\t<\/div>\n\t\t\t\t<\/div>\n\t\t\t\t\t<\/div>\n\t\t\t\t<\/div>\n\t\t<div class=\"elementor-element elementor-element-0c417bd e-grid e-con-boxed e-con e-parent\" data-id=\"0c417bd\" data-element_type=\"container\" data-e-type=\"container\">\n\t\t\t\t\t<div class=\"e-con-inner\">\n\t\t\t\t<div class=\"elementor-element elementor-element-aacc903 elementor-position-top elementor-widget elementor-widget-image-box\" data-id=\"aacc903\" data-element_type=\"widget\" data-e-type=\"widget\" data-widget_type=\"image-box.default\">\n\t\t\t\t<div class=\"elementor-widget-container\">\n\t\t\t\t\t<div class=\"elementor-image-box-wrapper\"><figure class=\"elementor-image-box-img\"><img decoding=\"async\" width=\"1080\" height=\"1080\" src=\"https:\/\/vjcn.org\/wp-content\/uploads\/2025\/04\/Brenda-Sanchez.png\" class=\"attachment-full size-full wp-image-448\" alt=\"\" srcset=\"https:\/\/vjcn.org\/wp-content\/uploads\/2025\/04\/Brenda-Sanchez.png 1080w, https:\/\/vjcn.org\/wp-content\/uploads\/2025\/04\/Brenda-Sanchez-300x300.png 300w, https:\/\/vjcn.org\/wp-content\/uploads\/2025\/04\/Brenda-Sanchez-1024x1024.png 1024w, https:\/\/vjcn.org\/wp-content\/uploads\/2025\/04\/Brenda-Sanchez-150x150.png 150w, https:\/\/vjcn.org\/wp-content\/uploads\/2025\/04\/Brenda-Sanchez-768x768.png 768w, https:\/\/vjcn.org\/wp-content\/uploads\/2025\/04\/Brenda-Sanchez-600x600.png 600w, https:\/\/vjcn.org\/wp-content\/uploads\/2025\/04\/Brenda-Sanchez-100x100.png 100w\" sizes=\"(max-width: 1080px) 100vw, 1080px\" \/><\/figure><div class=\"elementor-image-box-content\"><h3 class=\"elementor-image-box-title\">Brenda S\u00e1nchez<\/h3><\/div><\/div>\t\t\t\t<\/div>\n\t\t\t\t<\/div>\n\t\t\t\t<div class=\"elementor-element elementor-element-ec19169 elementor-position-top elementor-widget elementor-widget-image-box\" data-id=\"ec19169\" data-element_type=\"widget\" data-e-type=\"widget\" data-widget_type=\"image-box.default\">\n\t\t\t\t<div class=\"elementor-widget-container\">\n\t\t\t\t\t<div class=\"elementor-image-box-wrapper\"><figure class=\"elementor-image-box-img\"><img decoding=\"async\" src=\"https:\/\/vjcn.org\/wp-content\/uploads\/elementor\/thumbs\/Julia-Lirio-r4y6fpa9b880tiomzgw0l9l6h6zl4mxlrs9lwfjs0w.png\" title=\"Julia-Lirio\" alt=\"Julia-Lirio\" loading=\"lazy\" \/><\/figure><div class=\"elementor-image-box-content\"><h3 class=\"elementor-image-box-title\">Julia Lirio de Herrera<\/h3><\/div><\/div>\t\t\t\t<\/div>\n\t\t\t\t<\/div>\n\t\t\t\t<div class=\"elementor-element elementor-element-fb81df7 elementor-position-top elementor-widget elementor-widget-image-box\" data-id=\"fb81df7\" data-element_type=\"widget\" data-e-type=\"widget\" data-widget_type=\"image-box.default\">\n\t\t\t\t<div class=\"elementor-widget-container\">\n\t\t\t\t\t<div class=\"elementor-image-box-wrapper\"><figure class=\"elementor-image-box-img\"><img loading=\"lazy\" decoding=\"async\" width=\"1080\" height=\"1080\" src=\"https:\/\/vjcn.org\/wp-content\/uploads\/2025\/04\/Cecilia-Espejo.png\" class=\"attachment-full size-full wp-image-450\" alt=\"\" srcset=\"https:\/\/vjcn.org\/wp-content\/uploads\/2025\/04\/Cecilia-Espejo.png 1080w, https:\/\/vjcn.org\/wp-content\/uploads\/2025\/04\/Cecilia-Espejo-300x300.png 300w, https:\/\/vjcn.org\/wp-content\/uploads\/2025\/04\/Cecilia-Espejo-1024x1024.png 1024w, https:\/\/vjcn.org\/wp-content\/uploads\/2025\/04\/Cecilia-Espejo-150x150.png 150w, https:\/\/vjcn.org\/wp-content\/uploads\/2025\/04\/Cecilia-Espejo-768x768.png 768w, https:\/\/vjcn.org\/wp-content\/uploads\/2025\/04\/Cecilia-Espejo-600x600.png 600w, https:\/\/vjcn.org\/wp-content\/uploads\/2025\/04\/Cecilia-Espejo-100x100.png 100w\" sizes=\"(max-width: 1080px) 100vw, 1080px\" \/><\/figure><div class=\"elementor-image-box-content\"><h3 class=\"elementor-image-box-title\">Cecilia Espejo<\/h3><\/div><\/div>\t\t\t\t<\/div>\n\t\t\t\t<\/div>\n\t\t\t\t\t<\/div>\n\t\t\t\t<\/div>\n\t\t<div class=\"elementor-element elementor-element-c90e0de e-flex e-con-boxed e-con e-parent\" data-id=\"c90e0de\" data-element_type=\"container\" data-e-type=\"container\">\n\t\t\t\t\t<div class=\"e-con-inner\">\n\t\t\t\t<div class=\"elementor-element elementor-element-29f1c43 elementor-widget elementor-widget-spacer\" data-id=\"29f1c43\" data-element_type=\"widget\" data-e-type=\"widget\" data-widget_type=\"spacer.default\">\n\t\t\t\t<div class=\"elementor-widget-container\">\n\t\t\t\t\t\t\t<div class=\"elementor-spacer\">\n\t\t\t<div class=\"elementor-spacer-inner\"><\/div>\n\t\t<\/div>\n\t\t\t\t\t\t<\/div>\n\t\t\t\t<\/div>\n\t\t\t\t\t<\/div>\n\t\t\t\t<\/div>\n\t\t<div class=\"elementor-element elementor-element-bdd4ab4 e-flex e-con-boxed e-con e-parent\" data-id=\"bdd4ab4\" data-element_type=\"container\" data-e-type=\"container\">\n\t\t\t\t\t<div class=\"e-con-inner\">\n\t\t\t\t<div class=\"elementor-element elementor-element-e9a4715 elementor-button-danger elementor-align-right elementor-fixed elementor-widget elementor-widget-button\" data-id=\"e9a4715\" data-element_type=\"widget\" data-e-type=\"widget\" data-settings=\"{&quot;_position&quot;:&quot;fixed&quot;}\" data-widget_type=\"button.default\">\n\t\t\t\t<div class=\"elementor-widget-container\">\n\t\t\t\t\t\t\t\t\t<div class=\"elementor-button-wrapper\">\n\t\t\t\t\t<a class=\"elementor-button elementor-button-link elementor-size-sm\" href=\"https:\/\/vjcn.org\/donaciones\/\">\n\t\t\t\t\t\t<span class=\"elementor-button-content-wrapper\">\n\t\t\t\t\t\t\t\t\t<span class=\"elementor-button-text\">DONATE NOW<\/span>\n\t\t\t\t\t<\/span>\n\t\t\t\t\t<\/a>\n\t\t\t\t<\/div>\n\t\t\t\t\t\t\t\t<\/div>\n\t\t\t\t<\/div>\n\t\t\t\t\t<\/div>\n\t\t\t\t<\/div>\n\t\t\t\t<\/div>","protected":false},"excerpt":{"rendered":"<p>Consejo Fundador Xenia Gell de \u00c1lvarez Vilsa de Paulino Vilena Comas de Stern Brenda S\u00e1nchez Julia Lirio de Herrera Cecilia Espejo DONAR AHORA<\/p>","protected":false},"author":1,"featured_media":0,"parent":0,"menu_order":0,"comment_status":"closed","ping_status":"closed","template":"","meta":{"footnotes":""},"class_list":["post-43","page","type-page","status-publish","hentry"],"yoast_head":"<!-- This site is optimized with the Yoast SEO plugin v27.4 - https:\/\/yoast.com\/product\/yoast-seo-wordpress\/ -->\n<title>Consejo Fundador - Voluntariado Jes\u00fas con los ni\u00f1os<\/title>\n<meta name=\"description\" content=\"Conoce al Consejo de Fundadoras y Directiva del Voluntariado Jes\u00fas con los Ni\u00f1os, impulsando salud, educaci\u00f3n y solidaridad para apoyo infantil en Santiago, Rep\u00fablica Dominicana.\" \/>\n<meta name=\"robots\" content=\"index, follow, max-snippet:-1, max-image-preview:large, max-video-preview:-1\" \/>\n<link rel=\"canonical\" href=\"https:\/\/vjcn.org\/en\/consejo-de-fundadoras-y-directiva\/\" \/>\n<meta property=\"og:locale\" content=\"en_US\" \/>\n<meta property=\"og:type\" content=\"article\" \/>\n<meta property=\"og:title\" content=\"Consejo Fundador - Voluntariado Jes\u00fas con los ni\u00f1os\" \/>\n<meta property=\"og:description\" content=\"Conoce al Consejo de Fundadoras y Directiva del Voluntariado Jes\u00fas con los Ni\u00f1os, impulsando salud, educaci\u00f3n y solidaridad para apoyo infantil en Santiago, Rep\u00fablica Dominicana.\" \/>\n<meta property=\"og:url\" content=\"https:\/\/vjcn.org\/en\/consejo-de-fundadoras-y-directiva\/\" \/>\n<meta property=\"og:site_name\" content=\"Voluntariado Jes\u00fas con los ni\u00f1os\" \/>\n<meta property=\"article:publisher\" content=\"https:\/\/www.facebook.com\/people\/Voluntariado-Jess-Con-Los-Nios\/61550862245839\/\" \/>\n<meta property=\"article:modified_time\" content=\"2025-09-18T10:14:05+00:00\" \/>\n<meta property=\"og:image\" content=\"https:\/\/vjcn.org\/wp-content\/uploads\/2025\/04\/Xenia-Gell.png\" \/>\n<meta name=\"twitter:card\" content=\"summary_large_image\" \/>\n<meta name=\"twitter:label1\" content=\"Est. reading time\" \/>\n\t<meta name=\"twitter:data1\" content=\"2 minutes\" \/>\n<script type=\"application\/ld+json\" class=\"yoast-schema-graph\">{\"@context\":\"https:\\\/\\\/schema.org\",\"@graph\":[{\"@type\":\"WebPage\",\"@id\":\"https:\\\/\\\/vjcn.org\\\/consejo-de-fundadoras-y-directiva\\\/\",\"url\":\"https:\\\/\\\/vjcn.org\\\/consejo-de-fundadoras-y-directiva\\\/\",\"name\":\"Consejo Fundador - Voluntariado Jes\u00fas con los ni\u00f1os\",\"isPartOf\":{\"@id\":\"https:\\\/\\\/vjcn.org\\\/#website\"},\"primaryImageOfPage\":{\"@id\":\"https:\\\/\\\/vjcn.org\\\/consejo-de-fundadoras-y-directiva\\\/#primaryimage\"},\"image\":{\"@id\":\"https:\\\/\\\/vjcn.org\\\/consejo-de-fundadoras-y-directiva\\\/#primaryimage\"},\"thumbnailUrl\":\"https:\\\/\\\/vjcn.org\\\/wp-content\\\/uploads\\\/2025\\\/04\\\/Xenia-Gell.png\",\"datePublished\":\"2025-04-18T22:14:16+00:00\",\"dateModified\":\"2025-09-18T10:14:05+00:00\",\"description\":\"Conoce al Consejo de Fundadoras y Directiva del Voluntariado Jes\u00fas con los Ni\u00f1os, impulsando salud, educaci\u00f3n y solidaridad para apoyo infantil en Santiago, Rep\u00fablica Dominicana.\",\"breadcrumb\":{\"@id\":\"https:\\\/\\\/vjcn.org\\\/consejo-de-fundadoras-y-directiva\\\/#breadcrumb\"},\"inLanguage\":\"en-US\",\"potentialAction\":[{\"@type\":\"ReadAction\",\"target\":[\"https:\\\/\\\/vjcn.org\\\/consejo-de-fundadoras-y-directiva\\\/\"]}]},{\"@type\":\"ImageObject\",\"inLanguage\":\"en-US\",\"@id\":\"https:\\\/\\\/vjcn.org\\\/consejo-de-fundadoras-y-directiva\\\/#primaryimage\",\"url\":\"https:\\\/\\\/vjcn.org\\\/wp-content\\\/uploads\\\/2025\\\/04\\\/Xenia-Gell.png\",\"contentUrl\":\"https:\\\/\\\/vjcn.org\\\/wp-content\\\/uploads\\\/2025\\\/04\\\/Xenia-Gell.png\"},{\"@type\":\"BreadcrumbList\",\"@id\":\"https:\\\/\\\/vjcn.org\\\/consejo-de-fundadoras-y-directiva\\\/#breadcrumb\",\"itemListElement\":[{\"@type\":\"ListItem\",\"position\":1,\"name\":\"Home\",\"item\":\"https:\\\/\\\/vjcn.org\\\/\"},{\"@type\":\"ListItem\",\"position\":2,\"name\":\"Consejo Fundador\"}]},{\"@type\":\"WebSite\",\"@id\":\"https:\\\/\\\/vjcn.org\\\/#website\",\"url\":\"https:\\\/\\\/vjcn.org\\\/\",\"name\":\"Voluntariado Jes\u00fas con los ni\u00f1os\",\"description\":\"Historias de vida y esperanza\",\"publisher\":{\"@id\":\"https:\\\/\\\/vjcn.org\\\/#organization\"},\"potentialAction\":[{\"@type\":\"SearchAction\",\"target\":{\"@type\":\"EntryPoint\",\"urlTemplate\":\"https:\\\/\\\/vjcn.org\\\/?s={search_term_string}\"},\"query-input\":{\"@type\":\"PropertyValueSpecification\",\"valueRequired\":true,\"valueName\":\"search_term_string\"}}],\"inLanguage\":\"en-US\"},{\"@type\":\"Organization\",\"@id\":\"https:\\\/\\\/vjcn.org\\\/#organization\",\"name\":\"Voluntariado Jes\u00fas con los ni\u00f1os\",\"url\":\"https:\\\/\\\/vjcn.org\\\/\",\"logo\":{\"@type\":\"ImageObject\",\"inLanguage\":\"en-US\",\"@id\":\"https:\\\/\\\/vjcn.org\\\/#\\\/schema\\\/logo\\\/image\\\/\",\"url\":\"https:\\\/\\\/vjcn.org\\\/wp-content\\\/uploads\\\/2025\\\/04\\\/cropped-Simbolo.png\",\"contentUrl\":\"https:\\\/\\\/vjcn.org\\\/wp-content\\\/uploads\\\/2025\\\/04\\\/cropped-Simbolo.png\",\"width\":512,\"height\":512,\"caption\":\"Voluntariado Jes\u00fas con los ni\u00f1os\"},\"image\":{\"@id\":\"https:\\\/\\\/vjcn.org\\\/#\\\/schema\\\/logo\\\/image\\\/\"},\"sameAs\":[\"https:\\\/\\\/www.facebook.com\\\/people\\\/Voluntariado-Jess-Con-Los-Nios\\\/61550862245839\\\/\",\"https:\\\/\\\/www.instagram.com\\\/voluntariadojcn\\\/\"]}]}<\/script>\n<!-- \/ Yoast SEO plugin. -->","yoast_head_json":{"title":"Consejo Fundador - Voluntariado Jes\u00fas con los ni\u00f1os","description":"Conoce al Consejo de Fundadoras y Directiva del Voluntariado Jes\u00fas con los Ni\u00f1os, impulsando salud, educaci\u00f3n y solidaridad para apoyo infantil en Santiago, Rep\u00fablica Dominicana.","robots":{"index":"index","follow":"follow","max-snippet":"max-snippet:-1","max-image-preview":"max-image-preview:large","max-video-preview":"max-video-preview:-1"},"canonical":"https:\/\/vjcn.org\/en\/consejo-de-fundadoras-y-directiva\/","og_locale":"en_US","og_type":"article","og_title":"Consejo Fundador - Voluntariado Jes\u00fas con los ni\u00f1os","og_description":"Conoce al Consejo de Fundadoras y Directiva del Voluntariado Jes\u00fas con los Ni\u00f1os, impulsando salud, educaci\u00f3n y solidaridad para apoyo infantil en Santiago, Rep\u00fablica Dominicana.","og_url":"https:\/\/vjcn.org\/en\/consejo-de-fundadoras-y-directiva\/","og_site_name":"Voluntariado Jes\u00fas con los ni\u00f1os","article_publisher":"https:\/\/www.facebook.com\/people\/Voluntariado-Jess-Con-Los-Nios\/61550862245839\/","article_modified_time":"2025-09-18T10:14:05+00:00","og_image":[{"url":"https:\/\/vjcn.org\/wp-content\/uploads\/2025\/04\/Xenia-Gell.png","type":"","width":"","height":""}],"twitter_card":"summary_large_image","twitter_misc":{"Est. reading time":"2 minutes"},"schema":{"@context":"https:\/\/schema.org","@graph":[{"@type":"WebPage","@id":"https:\/\/vjcn.org\/consejo-de-fundadoras-y-directiva\/","url":"https:\/\/vjcn.org\/consejo-de-fundadoras-y-directiva\/","name":"Consejo Fundador - Voluntariado Jes\u00fas con los ni\u00f1os","isPartOf":{"@id":"https:\/\/vjcn.org\/#website"},"primaryImageOfPage":{"@id":"https:\/\/vjcn.org\/consejo-de-fundadoras-y-directiva\/#primaryimage"},"image":{"@id":"https:\/\/vjcn.org\/consejo-de-fundadoras-y-directiva\/#primaryimage"},"thumbnailUrl":"https:\/\/vjcn.org\/wp-content\/uploads\/2025\/04\/Xenia-Gell.png","datePublished":"2025-04-18T22:14:16+00:00","dateModified":"2025-09-18T10:14:05+00:00","description":"Conoce al Consejo de Fundadoras y Directiva del Voluntariado Jes\u00fas con los Ni\u00f1os, impulsando salud, educaci\u00f3n y solidaridad para apoyo infantil en Santiago, Rep\u00fablica Dominicana.","breadcrumb":{"@id":"https:\/\/vjcn.org\/consejo-de-fundadoras-y-directiva\/#breadcrumb"},"inLanguage":"en-US","potentialAction":[{"@type":"ReadAction","target":["https:\/\/vjcn.org\/consejo-de-fundadoras-y-directiva\/"]}]},{"@type":"ImageObject","inLanguage":"en-US","@id":"https:\/\/vjcn.org\/consejo-de-fundadoras-y-directiva\/#primaryimage","url":"https:\/\/vjcn.org\/wp-content\/uploads\/2025\/04\/Xenia-Gell.png","contentUrl":"https:\/\/vjcn.org\/wp-content\/uploads\/2025\/04\/Xenia-Gell.png"},{"@type":"BreadcrumbList","@id":"https:\/\/vjcn.org\/consejo-de-fundadoras-y-directiva\/#breadcrumb","itemListElement":[{"@type":"ListItem","position":1,"name":"Home","item":"https:\/\/vjcn.org\/"},{"@type":"ListItem","position":2,"name":"Consejo Fundador"}]},{"@type":"WebSite","@id":"https:\/\/vjcn.org\/#website","url":"https:\/\/vjcn.org\/","name":"Voluntariado Jes\u00fas con los ni\u00f1os","description":"Stories of life and hope","publisher":{"@id":"https:\/\/vjcn.org\/#organization"},"potentialAction":[{"@type":"SearchAction","target":{"@type":"EntryPoint","urlTemplate":"https:\/\/vjcn.org\/?s={search_term_string}"},"query-input":{"@type":"PropertyValueSpecification","valueRequired":true,"valueName":"search_term_string"}}],"inLanguage":"en-US"},{"@type":"Organization","@id":"https:\/\/vjcn.org\/#organization","name":"Voluntariado Jes\u00fas con los ni\u00f1os","url":"https:\/\/vjcn.org\/","logo":{"@type":"ImageObject","inLanguage":"en-US","@id":"https:\/\/vjcn.org\/#\/schema\/logo\/image\/","url":"https:\/\/vjcn.org\/wp-content\/uploads\/2025\/04\/cropped-Simbolo.png","contentUrl":"https:\/\/vjcn.org\/wp-content\/uploads\/2025\/04\/cropped-Simbolo.png","width":512,"height":512,"caption":"Voluntariado Jes\u00fas con los ni\u00f1os"},"image":{"@id":"https:\/\/vjcn.org\/#\/schema\/logo\/image\/"},"sameAs":["https:\/\/www.facebook.com\/people\/Voluntariado-Jess-Con-Los-Nios\/61550862245839\/","https:\/\/www.instagram.com\/voluntariadojcn\/"]}]}},"jetpack_sharing_enabled":true,"_links":{"self":[{"href":"https:\/\/vjcn.org\/en\/wp-json\/wp\/v2\/pages\/43","targetHints":{"allow":["GET"]}}],"collection":[{"href":"https:\/\/vjcn.org\/en\/wp-json\/wp\/v2\/pages"}],"about":[{"href":"https:\/\/vjcn.org\/en\/wp-json\/wp\/v2\/types\/page"}],"author":[{"embeddable":true,"href":"https:\/\/vjcn.org\/en\/wp-json\/wp\/v2\/users\/1"}],"replies":[{"embeddable":true,"href":"https:\/\/vjcn.org\/en\/wp-json\/wp\/v2\/comments?post=43"}],"version-history":[{"count":45,"href":"https:\/\/vjcn.org\/en\/wp-json\/wp\/v2\/pages\/43\/revisions"}],"predecessor-version":[{"id":4613,"href":"https:\/\/vjcn.org\/en\/wp-json\/wp\/v2\/pages\/43\/revisions\/4613"}],"wp:attachment":[{"href":"https:\/\/vjcn.org\/en\/wp-json\/wp\/v2\/media?parent=43"}],"curies":[{"name":"wp","href":"https:\/\/api.w.org\/{rel}","templated":true}]}}