{"id":40,"date":"2025-04-18T22:14:06","date_gmt":"2025-04-18T22:14:06","guid":{"rendered":"https:\/\/vjcn.org\/?page_id=40"},"modified":"2025-09-18T10:16:54","modified_gmt":"2025-09-18T14:16:54","slug":"historia","status":"publish","type":"page","link":"https:\/\/vjcn.org\/en\/historia\/","title":{"rendered":"Our association"},"content":{"rendered":"<div data-elementor-type=\"wp-page\" data-elementor-id=\"40\" class=\"elementor elementor-40\" data-elementor-post-type=\"page\">\n\t\t\t\t<div class=\"elementor-element elementor-element-f5101f2 e-flex e-con-boxed e-con e-parent\" data-id=\"f5101f2\" data-element_type=\"container\" data-e-type=\"container\">\n\t\t\t\t\t<div class=\"e-con-inner\">\n\t\t<div class=\"elementor-element elementor-element-5bda77f e-con-full e-flex e-con e-child\" data-id=\"5bda77f\" data-element_type=\"container\" data-e-type=\"container\">\n\t\t\t\t<div class=\"elementor-element elementor-element-7777319 elementor--h-position-center elementor--v-position-middle elementor-arrows-position-inside elementor-pagination-position-inside elementor-widget elementor-widget-slides\" data-id=\"7777319\" data-element_type=\"widget\" data-e-type=\"widget\" data-settings=\"{&quot;navigation&quot;:&quot;both&quot;,&quot;autoplay&quot;:&quot;yes&quot;,&quot;pause_on_hover&quot;:&quot;yes&quot;,&quot;pause_on_interaction&quot;:&quot;yes&quot;,&quot;autoplay_speed&quot;:5000,&quot;infinite&quot;:&quot;yes&quot;,&quot;transition&quot;:&quot;slide&quot;,&quot;transition_speed&quot;:500}\" data-widget_type=\"slides.default\">\n\t\t\t\t<div class=\"elementor-widget-container\">\n\t\t\t\t\t\t\t\t\t<div class=\"elementor-swiper\">\n\t\t\t\t\t<div class=\"elementor-slides-wrapper elementor-main-swiper swiper\" role=\"region\" aria-roledescription=\"carousel\" aria-label=\"Slides\" dir=\"ltr\" data-animation=\"fadeInUp\">\n\t\t\t\t<div class=\"swiper-wrapper elementor-slides\">\n\t\t\t\t\t\t\t\t\t\t<div class=\"elementor-repeater-item-5c718e6 swiper-slide\" role=\"group\" aria-roledescription=\"slide\"><div class=\"swiper-slide-bg\" role=\"img\" aria-label=\"WhatsApp Image 2024-03-27 at 19.02.53\"><\/div><div class=\"swiper-slide-inner\" ><div class=\"swiper-slide-contents\"><\/div><\/div><\/div><div class=\"elementor-repeater-item-273d921 swiper-slide\" role=\"group\" aria-roledescription=\"slide\"><div class=\"swiper-slide-bg\" role=\"img\" aria-label=\"WhatsApp Image 2024-03-27 at 19.02.54\"><\/div><div class=\"swiper-slide-inner\" ><div class=\"swiper-slide-contents\"><\/div><\/div><\/div><div class=\"elementor-repeater-item-6607ce3 swiper-slide\" role=\"group\" aria-roledescription=\"slide\"><div class=\"swiper-slide-bg\" role=\"img\" aria-label=\"WhatsApp Image 2024-03-27 at 19.02.54 (1)\"><\/div><div class=\"swiper-slide-inner\" ><div class=\"swiper-slide-contents\"><\/div><\/div><\/div><div class=\"elementor-repeater-item-99c15fa swiper-slide\" role=\"group\" aria-roledescription=\"slide\"><div class=\"swiper-slide-bg\" role=\"img\" aria-label=\"WhatsApp Image 2024-03-27 at 19.04.55\"><\/div><div class=\"swiper-slide-inner\" ><div class=\"swiper-slide-contents\"><\/div><\/div><\/div>\t\t\t\t<\/div>\n\t\t\t\t\t\t\t\t\t\t\t\t\t\t\t<div class=\"elementor-swiper-button elementor-swiper-button-prev\" role=\"button\" tabindex=\"0\" aria-label=\"Previous slide\">\n\t\t\t\t\t\t\t<svg aria-hidden=\"true\" class=\"e-font-icon-svg e-eicon-chevron-left\" viewbox=\"0 0 1000 1000\" xmlns=\"http:\/\/www.w3.org\/2000\/svg\"><path d=\"M646 125C629 125 613 133 604 142L308 442C296 454 292 471 292 487 292 504 296 521 308 533L604 854C617 867 629 875 646 875 663 875 679 871 692 858 704 846 713 829 713 812 713 796 708 779 692 767L438 487 692 225C700 217 708 204 708 187 708 171 704 154 692 142 675 129 663 125 646 125Z\"><\/path><\/svg>\t\t\t\t\t\t<\/div>\n\t\t\t\t\t\t<div class=\"elementor-swiper-button elementor-swiper-button-next\" role=\"button\" tabindex=\"0\" aria-label=\"Next slide\">\n\t\t\t\t\t\t\t<svg aria-hidden=\"true\" class=\"e-font-icon-svg e-eicon-chevron-right\" viewbox=\"0 0 1000 1000\" xmlns=\"http:\/\/www.w3.org\/2000\/svg\"><path d=\"M696 533C708 521 713 504 713 487 713 471 708 454 696 446L400 146C388 133 375 125 354 125 338 125 325 129 313 142 300 154 292 171 292 187 292 204 296 221 308 233L563 492 304 771C292 783 288 800 288 817 288 833 296 850 308 863 321 871 338 875 354 875 371 875 388 867 400 854L696 533Z\"><\/path><\/svg>\t\t\t\t\t\t<\/div>\n\t\t\t\t\t\t\t\t\t\t\t\t\t\t\t\t<div class=\"swiper-pagination\"><\/div>\n\t\t\t\t\t\t\t\t\t\t\t\t<\/div>\n\t\t\t\t<\/div>\n\t\t\t\t\t\t\t\t<\/div>\n\t\t\t\t<\/div>\n\t\t\t\t<\/div>\n\t\t<div class=\"elementor-element elementor-element-749779b e-con-full e-flex e-con e-child\" data-id=\"749779b\" data-element_type=\"container\" data-e-type=\"container\">\n\t\t\t\t<div class=\"elementor-element elementor-element-e4e824b elementor--h-position-center elementor--v-position-middle elementor-arrows-position-inside elementor-pagination-position-inside elementor-widget elementor-widget-slides\" data-id=\"e4e824b\" data-element_type=\"widget\" data-e-type=\"widget\" data-settings=\"{&quot;navigation&quot;:&quot;both&quot;,&quot;autoplay&quot;:&quot;yes&quot;,&quot;pause_on_hover&quot;:&quot;yes&quot;,&quot;pause_on_interaction&quot;:&quot;yes&quot;,&quot;autoplay_speed&quot;:5000,&quot;infinite&quot;:&quot;yes&quot;,&quot;transition&quot;:&quot;slide&quot;,&quot;transition_speed&quot;:500}\" data-widget_type=\"slides.default\">\n\t\t\t\t<div class=\"elementor-widget-container\">\n\t\t\t\t\t\t\t\t\t<div class=\"elementor-swiper\">\n\t\t\t\t\t<div class=\"elementor-slides-wrapper elementor-main-swiper swiper\" role=\"region\" aria-roledescription=\"carousel\" aria-label=\"Slides\" dir=\"ltr\" data-animation=\"fadeInUp\">\n\t\t\t\t<div class=\"swiper-wrapper elementor-slides\">\n\t\t\t\t\t\t\t\t\t\t<div class=\"elementor-repeater-item-e510640 swiper-slide\" role=\"group\" aria-roledescription=\"slide\"><div class=\"swiper-slide-bg\"><\/div><div class=\"swiper-slide-inner\" ><div class=\"swiper-slide-contents\"><div class=\"elementor-slide-heading\">Our association<\/div><div class=\"elementor-slide-description\">\"Voluntariado Jes\u00fas con los Ni\u00f1os\" (VJCN) was founded on January 27, 1997, by Mrs. Xenia Gell and a group of ladies who joined forces to assist children admitted to the Regional University Children's Hospital Doctor Arturo Grull\u00f3n in Santiago de los Caballeros, Dominican Republic.\n\nAs a result of the Volunteer's involvement in the hospital, a small unit dedicated to the hospitalization of burned children was created. This unit had only one room of approximately 25 square meters, with about six beds, where children were treated, and hospitalizations were managed.<\/div><\/div><\/div><\/div><div class=\"elementor-repeater-item-ab01b75 swiper-slide\" role=\"group\" aria-roledescription=\"slide\"><div class=\"swiper-slide-bg\"><\/div><div class=\"swiper-slide-inner\" ><div class=\"swiper-slide-contents\"><div class=\"elementor-slide-description\">The Volunteer initiative propelled the construction of a burn unit equipped with the space, facilities, comfort, and necessary staff to carry out the delicate task of burn care.\n\nIn March 2005, the Burn Unit \"Dra. Thelma Rosario\" opened its doors. It features an operating room, dressing rooms with hydrotherapy, and eight properly equipped and decorated rooms for the appropriate care and treatment of burned children. Additionally, it is equipped with modern facilities and highly qualified staff\u2014the \"Dra. Thelma Rosario\" Burn Unit serves as a model throughout the country, being the only one specializing in treating burns in children.<\/div><\/div><\/div><\/div><div class=\"elementor-repeater-item-31ed74f swiper-slide\" role=\"group\" aria-roledescription=\"slide\"><div class=\"swiper-slide-bg\"><\/div><div class=\"swiper-slide-inner\" ><div class=\"swiper-slide-contents\"><div class=\"elementor-slide-description\">In 2005, with the closure of the pediatric ward at the Oncological Institute of Santiago, patients\nfrom the oncology department were placed in the same room initially designated for burn\npatients. In 2008, the construction of the Hemato-Oncology Unit began a three-story building\ninaugurated on March 4, 2010, thanks to contributions from the Dougthy Foundation and\n&quot;Caminantes por la Vida&quot; (Walkers for Life).  <\/div><\/div><\/div><\/div><div class=\"elementor-repeater-item-a6a03e7 swiper-slide\" role=\"group\" aria-roledescription=\"slide\"><div class=\"swiper-slide-bg\"><\/div><div class=\"swiper-slide-inner\" ><div class=\"swiper-slide-contents\"><div class=\"elementor-slide-description\">Today, the Hemato-Oncology Unit is an institution that serves children from the 13 regions of\nCibao. Our partnership with the St. Jude Foundation allows us to stay at the forefront, apply the\nbest treatments to our children, and provide continuous education for our healthcare staff. We also benefit from the services of \"congregaci\u00f3n Siervas de Jes\u00fas\" (Sisters of Jesus congregation),\nwho manage the pharmacy and oversee the general operation of the unit.\n\nThanks to the contributions of individuals, groups, and companies, the &quot;Voluntariado Jes\u00fas con\nlos Ni\u00f1os&quot; fulfills its objective of assisting those in need. <\/div><\/div><\/div><\/div>\t\t\t\t<\/div>\n\t\t\t\t\t\t\t\t\t\t\t\t\t\t\t<div class=\"elementor-swiper-button elementor-swiper-button-prev\" role=\"button\" tabindex=\"0\" aria-label=\"Previous slide\">\n\t\t\t\t\t\t\t<svg aria-hidden=\"true\" class=\"e-font-icon-svg e-eicon-chevron-left\" viewbox=\"0 0 1000 1000\" xmlns=\"http:\/\/www.w3.org\/2000\/svg\"><path d=\"M646 125C629 125 613 133 604 142L308 442C296 454 292 471 292 487 292 504 296 521 308 533L604 854C617 867 629 875 646 875 663 875 679 871 692 858 704 846 713 829 713 812 713 796 708 779 692 767L438 487 692 225C700 217 708 204 708 187 708 171 704 154 692 142 675 129 663 125 646 125Z\"><\/path><\/svg>\t\t\t\t\t\t<\/div>\n\t\t\t\t\t\t<div class=\"elementor-swiper-button elementor-swiper-button-next\" role=\"button\" tabindex=\"0\" aria-label=\"Next slide\">\n\t\t\t\t\t\t\t<svg aria-hidden=\"true\" class=\"e-font-icon-svg e-eicon-chevron-right\" viewbox=\"0 0 1000 1000\" xmlns=\"http:\/\/www.w3.org\/2000\/svg\"><path d=\"M696 533C708 521 713 504 713 487 713 471 708 454 696 446L400 146C388 133 375 125 354 125 338 125 325 129 313 142 300 154 292 171 292 187 292 204 296 221 308 233L563 492 304 771C292 783 288 800 288 817 288 833 296 850 308 863 321 871 338 875 354 875 371 875 388 867 400 854L696 533Z\"><\/path><\/svg>\t\t\t\t\t\t<\/div>\n\t\t\t\t\t\t\t\t\t\t\t\t\t\t\t\t<div class=\"swiper-pagination\"><\/div>\n\t\t\t\t\t\t\t\t\t\t\t\t<\/div>\n\t\t\t\t<\/div>\n\t\t\t\t\t\t\t\t<\/div>\n\t\t\t\t<\/div>\n\t\t\t\t<\/div>\n\t\t\t\t\t<\/div>\n\t\t\t\t<\/div>\n\t\t<div class=\"elementor-element elementor-element-b55cd2f e-flex e-con-boxed e-con e-parent\" data-id=\"b55cd2f\" data-element_type=\"container\" data-e-type=\"container\">\n\t\t\t\t\t<div class=\"e-con-inner\">\n\t\t\t\t<div class=\"elementor-element elementor-element-3a97383 elementor-widget elementor-widget-heading\" data-id=\"3a97383\" data-element_type=\"widget\" data-e-type=\"widget\" data-widget_type=\"heading.default\">\n\t\t\t\t<div class=\"elementor-widget-container\">\n\t\t\t\t\t<h1 class=\"elementor-heading-title elementor-size-default\">Our Purpose<\/h1>\t\t\t\t<\/div>\n\t\t\t\t<\/div>\n\t\t\t\t<div class=\"elementor-element elementor-element-e13280c elementor-widget elementor-widget-heading\" data-id=\"e13280c\" data-element_type=\"widget\" data-e-type=\"widget\" data-widget_type=\"heading.default\">\n\t\t\t\t<div class=\"elementor-widget-container\">\n\t\t\t\t\t<h4 class=\"elementor-heading-title elementor-size-default\">Humanization of health services for a better quality of life<\/h4>\t\t\t\t<\/div>\n\t\t\t\t<\/div>\n\t\t\t\t\t<\/div>\n\t\t\t\t<\/div>\n\t\t<div class=\"elementor-element elementor-element-1cd6eb9 e-grid e-con-boxed e-con e-parent\" data-id=\"1cd6eb9\" data-element_type=\"container\" data-e-type=\"container\">\n\t\t\t\t\t<div class=\"e-con-inner\">\n\t\t<div class=\"elementor-element elementor-element-c588ed3 e-con-full e-flex e-con e-child\" data-id=\"c588ed3\" data-element_type=\"container\" data-e-type=\"container\">\n\t\t\t\t<div class=\"elementor-element elementor-element-1f8e49a elementor-widget elementor-widget-heading\" data-id=\"1f8e49a\" data-element_type=\"widget\" data-e-type=\"widget\" data-widget_type=\"heading.default\">\n\t\t\t\t<div class=\"elementor-widget-container\">\n\t\t\t\t\t<h2 class=\"elementor-heading-title elementor-size-default\">MISSION<\/h2>\t\t\t\t<\/div>\n\t\t\t\t<\/div>\n\t\t\t\t<div class=\"elementor-element elementor-element-06e04e7 elementor-widget elementor-widget-text-editor\" data-id=\"06e04e7\" data-element_type=\"widget\" data-e-type=\"widget\" data-widget_type=\"text-editor.default\">\n\t\t\t\t<div class=\"elementor-widget-container\">\n\t\t\t\t\t\t\t\t\t<div id=\"comp-kpuaq9gb\" class=\"Z_l5lU ku3DBC zQ9jDz qvSjx3 Vq6kJx comp-kpuaq9gb wixui-rich-text\" data-testid=\"richTextElement\"><p><strong>We are a non-profit organization working towards the humanization of healthcare services. We alleviate the impact of illness's physical, emotional, and economic burden for a better quality of life, supported by a network of volunteers united to serve.<\/strong><\/p><\/div>\t\t\t\t\t\t\t\t<\/div>\n\t\t\t\t<\/div>\n\t\t\t\t<\/div>\n\t\t<div class=\"elementor-element elementor-element-67581f5 e-con-full e-flex e-con e-child\" data-id=\"67581f5\" data-element_type=\"container\" data-e-type=\"container\">\n\t\t\t\t<div class=\"elementor-element elementor-element-dda2ffc elementor-widget elementor-widget-heading\" data-id=\"dda2ffc\" data-element_type=\"widget\" data-e-type=\"widget\" data-widget_type=\"heading.default\">\n\t\t\t\t<div class=\"elementor-widget-container\">\n\t\t\t\t\t<h2 class=\"elementor-heading-title elementor-size-default\">VISION<\/h2>\t\t\t\t<\/div>\n\t\t\t\t<\/div>\n\t\t\t\t<div class=\"elementor-element elementor-element-f352fa7 elementor-widget elementor-widget-text-editor\" data-id=\"f352fa7\" data-element_type=\"widget\" data-e-type=\"widget\" data-widget_type=\"text-editor.default\">\n\t\t\t\t<div class=\"elementor-widget-container\">\n\t\t\t\t\t\t\t\t\t<div id=\"comp-kpuar667\" class=\"Z_l5lU ku3DBC zQ9jDz qvSjx3 Vq6kJx comp-kpuar667 wixui-rich-text\" data-testid=\"richTextElement\"><p><strong>To be a model of management where our assistance is needed, uniting efforts with the Ministry of Public Health and the private sector to make our programs an example of functionality and humanized service with the highest healthcare standards.<\/strong><\/p><p>\u00a0<\/p><p>\u00a0<\/p><\/div><div id=\"comp-kwy7ulu4\" class=\"SsY_2i comp-kwy7ulu4\">\u00a0<\/div>\t\t\t\t\t\t\t\t<\/div>\n\t\t\t\t<\/div>\n\t\t\t\t<\/div>\n\t\t<div class=\"elementor-element elementor-element-5bcff6c e-con-full e-flex e-con e-child\" data-id=\"5bcff6c\" data-element_type=\"container\" data-e-type=\"container\">\n\t\t\t\t<div class=\"elementor-element elementor-element-12aa25a elementor-widget elementor-widget-heading\" data-id=\"12aa25a\" data-element_type=\"widget\" data-e-type=\"widget\" data-widget_type=\"heading.default\">\n\t\t\t\t<div class=\"elementor-widget-container\">\n\t\t\t\t\t<h2 class=\"elementor-heading-title elementor-size-default\">VALUES<\/h2>\t\t\t\t<\/div>\n\t\t\t\t<\/div>\n\t\t\t\t<div class=\"elementor-element elementor-element-1a5c685 elementor-widget elementor-widget-text-editor\" data-id=\"1a5c685\" data-element_type=\"widget\" data-e-type=\"widget\" data-widget_type=\"text-editor.default\">\n\t\t\t\t<div class=\"elementor-widget-container\">\n\t\t\t\t\t\t\t\t\t<ul><li><strong>Spirit of service<\/strong><\/li><li><strong>Commitment<\/strong><\/li><li><strong>Solidarity<\/strong><\/li><li><strong>Humanization<\/strong><\/li><li><strong>Respect<\/strong><\/li><\/ul>\t\t\t\t\t\t\t\t<\/div>\n\t\t\t\t<\/div>\n\t\t\t\t<\/div>\n\t\t\t\t\t<\/div>\n\t\t\t\t<\/div>\n\t\t<div class=\"elementor-element elementor-element-4983241 e-flex e-con-boxed e-con e-parent\" data-id=\"4983241\" data-element_type=\"container\" data-e-type=\"container\">\n\t\t\t\t\t<div class=\"e-con-inner\">\n\t\t\t\t<div class=\"elementor-element elementor-element-a055c4e elementor-fixed elementor-widget elementor-widget-button\" data-id=\"a055c4e\" data-element_type=\"widget\" data-e-type=\"widget\" data-settings=\"{&quot;_position&quot;:&quot;fixed&quot;}\" data-widget_type=\"button.default\">\n\t\t\t\t<div class=\"elementor-widget-container\">\n\t\t\t\t\t\t\t\t\t<div class=\"elementor-button-wrapper\">\n\t\t\t\t\t<a class=\"elementor-button elementor-button-link elementor-size-sm\" href=\"https:\/\/vjcn.org\/donaciones\/\">\n\t\t\t\t\t\t<span class=\"elementor-button-content-wrapper\">\n\t\t\t\t\t\t\t\t\t<span class=\"elementor-button-text\">DONATE NOW<\/span>\n\t\t\t\t\t<\/span>\n\t\t\t\t\t<\/a>\n\t\t\t\t<\/div>\n\t\t\t\t\t\t\t\t<\/div>\n\t\t\t\t<\/div>\n\t\t\t\t\t<\/div>\n\t\t\t\t<\/div>\n\t\t\t\t<\/div>","protected":false},"excerpt":{"rendered":"<p>Nuestra historiaEl Voluntariado Jes\u00fas con los Ni\u00f1os, fue fundado el 27 de enero del a\u00f1o 1997 por la se\u00f1ora Xenia Gell y un grupo de damas, que unieron sus voluntades para dar asistencia a los ni\u00f1os ingresados en el Hospital Infantil Regional Universitario Doctor Arturo Grull\u00f3n, en la ciudad de Santiago. A ra\u00edz del ingreso [&hellip;]<\/p>\n","protected":false},"author":1,"featured_media":0,"parent":0,"menu_order":0,"comment_status":"closed","ping_status":"closed","template":"","meta":{"footnotes":""},"class_list":["post-40","page","type-page","status-publish","hentry"],"yoast_head":"<!-- This site is optimized with the Yoast SEO plugin v27.4 - https:\/\/yoast.com\/product\/yoast-seo-wordpress\/ -->\n<title>Nuestra historia - Voluntariado Jes\u00fas con los ni\u00f1os<\/title>\n<meta name=\"description\" content=\"Conoce la historia de Voluntariado Jes\u00fas con los Ni\u00f1os, una organizaci\u00f3n comprometida con el servicio y amor al pr\u00f3jimo desde hace m\u00e1s de 25 a\u00f1os.\" \/>\n<meta name=\"robots\" content=\"index, follow, max-snippet:-1, max-image-preview:large, max-video-preview:-1\" \/>\n<link rel=\"canonical\" href=\"https:\/\/vjcn.org\/en\/historia\/\" \/>\n<meta property=\"og:locale\" content=\"en_US\" \/>\n<meta property=\"og:type\" content=\"article\" \/>\n<meta property=\"og:title\" content=\"Nuestra historia - Voluntariado Jes\u00fas con los ni\u00f1os\" \/>\n<meta property=\"og:description\" content=\"Conoce la historia de Voluntariado Jes\u00fas con los Ni\u00f1os, una organizaci\u00f3n comprometida con el servicio y amor al pr\u00f3jimo desde hace m\u00e1s de 25 a\u00f1os.\" \/>\n<meta property=\"og:url\" content=\"https:\/\/vjcn.org\/en\/historia\/\" \/>\n<meta property=\"og:site_name\" content=\"Voluntariado Jes\u00fas con los ni\u00f1os\" \/>\n<meta property=\"article:publisher\" content=\"https:\/\/www.facebook.com\/people\/Voluntariado-Jess-Con-Los-Nios\/61550862245839\/\" \/>\n<meta property=\"article:modified_time\" content=\"2025-09-18T14:16:54+00:00\" \/>\n<meta property=\"og:image\" content=\"https:\/\/vjcn.org\/wp-content\/uploads\/2025\/04\/Logo-nuevo-VJCN-e1745090748923.png\" \/>\n\t<meta property=\"og:image:width\" content=\"1050\" \/>\n\t<meta property=\"og:image:height\" content=\"545\" \/>\n\t<meta property=\"og:image:type\" content=\"image\/png\" \/>\n<meta name=\"twitter:card\" content=\"summary_large_image\" \/>\n<meta name=\"twitter:label1\" content=\"Est. reading time\" \/>\n\t<meta name=\"twitter:data1\" content=\"6 minutes\" \/>\n<script type=\"application\/ld+json\" class=\"yoast-schema-graph\">{\"@context\":\"https:\\\/\\\/schema.org\",\"@graph\":[{\"@type\":\"WebPage\",\"@id\":\"https:\\\/\\\/vjcn.org\\\/historia\\\/\",\"url\":\"https:\\\/\\\/vjcn.org\\\/historia\\\/\",\"name\":\"Nuestra historia - Voluntariado Jes\u00fas con los ni\u00f1os\",\"isPartOf\":{\"@id\":\"https:\\\/\\\/vjcn.org\\\/#website\"},\"datePublished\":\"2025-04-18T22:14:06+00:00\",\"dateModified\":\"2025-09-18T14:16:54+00:00\",\"description\":\"Conoce la historia de Voluntariado Jes\u00fas con los Ni\u00f1os, una organizaci\u00f3n comprometida con el servicio y amor al pr\u00f3jimo desde hace m\u00e1s de 25 a\u00f1os.\",\"breadcrumb\":{\"@id\":\"https:\\\/\\\/vjcn.org\\\/historia\\\/#breadcrumb\"},\"inLanguage\":\"en-US\",\"potentialAction\":[{\"@type\":\"ReadAction\",\"target\":[\"https:\\\/\\\/vjcn.org\\\/historia\\\/\"]}]},{\"@type\":\"BreadcrumbList\",\"@id\":\"https:\\\/\\\/vjcn.org\\\/historia\\\/#breadcrumb\",\"itemListElement\":[{\"@type\":\"ListItem\",\"position\":1,\"name\":\"Home\",\"item\":\"https:\\\/\\\/vjcn.org\\\/\"},{\"@type\":\"ListItem\",\"position\":2,\"name\":\"Nuestra historia\"}]},{\"@type\":\"WebSite\",\"@id\":\"https:\\\/\\\/vjcn.org\\\/#website\",\"url\":\"https:\\\/\\\/vjcn.org\\\/\",\"name\":\"Voluntariado Jes\u00fas con los ni\u00f1os\",\"description\":\"Historias de vida y esperanza\",\"publisher\":{\"@id\":\"https:\\\/\\\/vjcn.org\\\/#organization\"},\"potentialAction\":[{\"@type\":\"SearchAction\",\"target\":{\"@type\":\"EntryPoint\",\"urlTemplate\":\"https:\\\/\\\/vjcn.org\\\/?s={search_term_string}\"},\"query-input\":{\"@type\":\"PropertyValueSpecification\",\"valueRequired\":true,\"valueName\":\"search_term_string\"}}],\"inLanguage\":\"en-US\"},{\"@type\":\"Organization\",\"@id\":\"https:\\\/\\\/vjcn.org\\\/#organization\",\"name\":\"Voluntariado Jes\u00fas con los ni\u00f1os\",\"url\":\"https:\\\/\\\/vjcn.org\\\/\",\"logo\":{\"@type\":\"ImageObject\",\"inLanguage\":\"en-US\",\"@id\":\"https:\\\/\\\/vjcn.org\\\/#\\\/schema\\\/logo\\\/image\\\/\",\"url\":\"https:\\\/\\\/vjcn.org\\\/wp-content\\\/uploads\\\/2025\\\/04\\\/cropped-Simbolo.png\",\"contentUrl\":\"https:\\\/\\\/vjcn.org\\\/wp-content\\\/uploads\\\/2025\\\/04\\\/cropped-Simbolo.png\",\"width\":512,\"height\":512,\"caption\":\"Voluntariado Jes\u00fas con los ni\u00f1os\"},\"image\":{\"@id\":\"https:\\\/\\\/vjcn.org\\\/#\\\/schema\\\/logo\\\/image\\\/\"},\"sameAs\":[\"https:\\\/\\\/www.facebook.com\\\/people\\\/Voluntariado-Jess-Con-Los-Nios\\\/61550862245839\\\/\",\"https:\\\/\\\/www.instagram.com\\\/voluntariadojcn\\\/\"]}]}<\/script>\n<!-- \/ Yoast SEO plugin. -->","yoast_head_json":{"title":"Nuestra historia - Voluntariado Jes\u00fas con los ni\u00f1os","description":"Conoce la historia de Voluntariado Jes\u00fas con los Ni\u00f1os, una organizaci\u00f3n comprometida con el servicio y amor al pr\u00f3jimo desde hace m\u00e1s de 25 a\u00f1os.","robots":{"index":"index","follow":"follow","max-snippet":"max-snippet:-1","max-image-preview":"max-image-preview:large","max-video-preview":"max-video-preview:-1"},"canonical":"https:\/\/vjcn.org\/en\/historia\/","og_locale":"en_US","og_type":"article","og_title":"Nuestra historia - Voluntariado Jes\u00fas con los ni\u00f1os","og_description":"Conoce la historia de Voluntariado Jes\u00fas con los Ni\u00f1os, una organizaci\u00f3n comprometida con el servicio y amor al pr\u00f3jimo desde hace m\u00e1s de 25 a\u00f1os.","og_url":"https:\/\/vjcn.org\/en\/historia\/","og_site_name":"Voluntariado Jes\u00fas con los ni\u00f1os","article_publisher":"https:\/\/www.facebook.com\/people\/Voluntariado-Jess-Con-Los-Nios\/61550862245839\/","article_modified_time":"2025-09-18T14:16:54+00:00","og_image":[{"width":1050,"height":545,"url":"https:\/\/vjcn.org\/wp-content\/uploads\/2025\/04\/Logo-nuevo-VJCN-e1745090748923.png","type":"image\/png"}],"twitter_card":"summary_large_image","twitter_misc":{"Est. reading time":"6 minutes"},"schema":{"@context":"https:\/\/schema.org","@graph":[{"@type":"WebPage","@id":"https:\/\/vjcn.org\/historia\/","url":"https:\/\/vjcn.org\/historia\/","name":"Nuestra historia - Voluntariado Jes\u00fas con los ni\u00f1os","isPartOf":{"@id":"https:\/\/vjcn.org\/#website"},"datePublished":"2025-04-18T22:14:06+00:00","dateModified":"2025-09-18T14:16:54+00:00","description":"Conoce la historia de Voluntariado Jes\u00fas con los Ni\u00f1os, una organizaci\u00f3n comprometida con el servicio y amor al pr\u00f3jimo desde hace m\u00e1s de 25 a\u00f1os.","breadcrumb":{"@id":"https:\/\/vjcn.org\/historia\/#breadcrumb"},"inLanguage":"en-US","potentialAction":[{"@type":"ReadAction","target":["https:\/\/vjcn.org\/historia\/"]}]},{"@type":"BreadcrumbList","@id":"https:\/\/vjcn.org\/historia\/#breadcrumb","itemListElement":[{"@type":"ListItem","position":1,"name":"Home","item":"https:\/\/vjcn.org\/"},{"@type":"ListItem","position":2,"name":"Nuestra historia"}]},{"@type":"WebSite","@id":"https:\/\/vjcn.org\/#website","url":"https:\/\/vjcn.org\/","name":"Voluntariado Jes\u00fas con los ni\u00f1os","description":"Stories of life and hope","publisher":{"@id":"https:\/\/vjcn.org\/#organization"},"potentialAction":[{"@type":"SearchAction","target":{"@type":"EntryPoint","urlTemplate":"https:\/\/vjcn.org\/?s={search_term_string}"},"query-input":{"@type":"PropertyValueSpecification","valueRequired":true,"valueName":"search_term_string"}}],"inLanguage":"en-US"},{"@type":"Organization","@id":"https:\/\/vjcn.org\/#organization","name":"Voluntariado Jes\u00fas con los ni\u00f1os","url":"https:\/\/vjcn.org\/","logo":{"@type":"ImageObject","inLanguage":"en-US","@id":"https:\/\/vjcn.org\/#\/schema\/logo\/image\/","url":"https:\/\/vjcn.org\/wp-content\/uploads\/2025\/04\/cropped-Simbolo.png","contentUrl":"https:\/\/vjcn.org\/wp-content\/uploads\/2025\/04\/cropped-Simbolo.png","width":512,"height":512,"caption":"Voluntariado Jes\u00fas con los ni\u00f1os"},"image":{"@id":"https:\/\/vjcn.org\/#\/schema\/logo\/image\/"},"sameAs":["https:\/\/www.facebook.com\/people\/Voluntariado-Jess-Con-Los-Nios\/61550862245839\/","https:\/\/www.instagram.com\/voluntariadojcn\/"]}]}},"jetpack_sharing_enabled":true,"_links":{"self":[{"href":"https:\/\/vjcn.org\/en\/wp-json\/wp\/v2\/pages\/40","targetHints":{"allow":["GET"]}}],"collection":[{"href":"https:\/\/vjcn.org\/en\/wp-json\/wp\/v2\/pages"}],"about":[{"href":"https:\/\/vjcn.org\/en\/wp-json\/wp\/v2\/types\/page"}],"author":[{"embeddable":true,"href":"https:\/\/vjcn.org\/en\/wp-json\/wp\/v2\/users\/1"}],"replies":[{"embeddable":true,"href":"https:\/\/vjcn.org\/en\/wp-json\/wp\/v2\/comments?post=40"}],"version-history":[{"count":132,"href":"https:\/\/vjcn.org\/en\/wp-json\/wp\/v2\/pages\/40\/revisions"}],"predecessor-version":[{"id":4654,"href":"https:\/\/vjcn.org\/en\/wp-json\/wp\/v2\/pages\/40\/revisions\/4654"}],"wp:attachment":[{"href":"https:\/\/vjcn.org\/en\/wp-json\/wp\/v2\/media?parent=40"}],"curies":[{"name":"wp","href":"https:\/\/api.w.org\/{rel}","templated":true}]}}