{"id":2039,"date":"2025-07-10T16:58:51","date_gmt":"2025-07-10T20:58:51","guid":{"rendered":"https:\/\/vjcn.org\/?page_id=2039"},"modified":"2025-10-10T07:04:38","modified_gmt":"2025-10-10T11:04:38","slug":"terminosycondiciones","status":"publish","type":"page","link":"https:\/\/vjcn.org\/en\/terminosycondiciones\/","title":{"rendered":"T\u00e9rminos y condiciones"},"content":{"rendered":"<div data-elementor-type=\"wp-page\" data-elementor-id=\"2039\" class=\"elementor elementor-2039\" data-elementor-post-type=\"page\">\n\t\t\t\t<div class=\"elementor-element elementor-element-d258498 e-flex e-con-boxed e-con e-parent\" data-id=\"d258498\" data-element_type=\"container\" data-e-type=\"container\">\n\t\t\t\t\t<div class=\"e-con-inner\">\n\t\t\t\t<div class=\"elementor-element elementor-element-fe2e540 elementor-widget elementor-widget-heading\" data-id=\"fe2e540\" data-element_type=\"widget\" data-e-type=\"widget\" data-widget_type=\"heading.default\">\n\t\t\t\t<div class=\"elementor-widget-container\">\n\t\t\t\t\t<h1 class=\"elementor-heading-title elementor-size-default\">T\u00e9rminos y condiciones<\/h1>\t\t\t\t<\/div>\n\t\t\t\t<\/div>\n\t\t\t\t<div class=\"elementor-element elementor-element-f14ea60 elementor-widget elementor-widget-text-editor\" data-id=\"f14ea60\" data-element_type=\"widget\" data-e-type=\"widget\" data-widget_type=\"text-editor.default\">\n\t\t\t\t<div class=\"elementor-widget-container\">\n\t\t\t\t\t\t\t\t\t<div id=\"bgLayers_comp-ly1khywg3\" class=\"MW5IWV\" data-hook=\"bgLayers\" data-motion-part=\"BG_LAYER comp-ly1khywg3\"><div id=\"bgMedia_comp-ly1khywg3\" class=\"VgO9Yg\" data-motion-part=\"BG_MEDIA comp-ly1khywg3\">\u00a0<\/div><\/div><div class=\"\" data-mesh-id=\"comp-ly1khywg3inlineContent\" data-testid=\"inline-content\"><div data-mesh-id=\"comp-ly1khywg3inlineContent-gridContainer\" data-testid=\"mesh-container-content\"><div id=\"comp-lix6epl3\" class=\"Z_l5lU ku3DBC zQ9jDz qvSjx3 Vq6kJx comp-lix6epl3 wixui-rich-text\" data-testid=\"richTextElement\"><p class=\"font_8 wixui-rich-text__text\"><strong><span style=\"text-decoration: underline;\"><span class=\"wixui-rich-text__text\">Pol\u00edtica de Privacidad<\/span><\/span><\/strong><\/p><p class=\"font_8 wixui-rich-text__text\"><span class=\"wixui-rich-text__text\">El Voluntariado Jes\u00fas con Los Ni\u00f1os, RNC No. 402-06427-2 \u00a0con domicilio en Santiago de los Caballeros, Rep\u00fablica Dominicana, con domicilio en Santiago de los Caballeros, Rep\u00fablica Dominicana, comprometido con la seguridad de la informacion de nuestros donantes, colaboradores y relacionados, protege la informaci\u00f3n que proporcionan los usuarios al momento de completar alguno de los formularios disponibles en su sitio web, al realizar donanciones o en compra de boletos y articulos a la venta.\u00a0<\/span><\/p><p class=\"font_8 wixui-rich-text__text\"><span class=\"wixui-rich-text__text\">La informacion contenida en los campos de informaci\u00f3n personal que requerimos para identificar las personas, ser\u00e1 utilizada conforme a los t\u00e9rminos y condiciones descritos en el presente documento, sin embargo la Pol\u00edtica de Privacidad podr\u00eda cambiar o ser actualizada por lo que le recomendamos revisarlas frecuentemente y \u00a0asegurarse que ustede est\u00e1 de acuerdo con los cambios o actualizaciones.<\/span><\/p><p class=\"font_8 wixui-rich-text__text\"><span style=\"text-decoration: underline;\"><strong><span class=\"wixui-rich-text__text\">Informaci\u00f3n Solicitada<\/span><\/strong><\/span><\/p><p class=\"font_8 wixui-rich-text__text\"><span class=\"wixui-rich-text__text\">En los formularios disponible en nuestro sitio web, por lo general, solicitamos informaci\u00f3n personal como: nombre,\u00a0 direcci\u00f3n de correo electr\u00f3nico, telefonos e informaci\u00f3n demogr\u00e1fica. \u00a0Para procesar donaciones realizadas a trav\u00e9s de productos bancarios, podriamos solicitar n\u00famero de\u00a0identificaci\u00f3n\u00a0personal y datos de sus cuentas bancarias.\u00a0<\/span><\/p><p class=\"font_8 wixui-rich-text__text\"><span style=\"text-decoration: underline;\"><strong><span class=\"wixui-rich-text__text\">Uso de la Informaci\u00f3n Solicitada<\/span><\/strong><\/span><\/p><p class=\"font_8 wixui-rich-text__text\"><span class=\"wixui-rich-text__text\">Nuestro sitio web usa la informaci\u00f3n de los usuarios y de los donantes para el envio de comunicaciones y en la promocion de eventos importantes. Correos electronicos masivos podrian ser enviados peri\u00f3dicamente a trav\u00e9s de nuestro sitio web para campa\u00f1as de donaciones, envio de infografias , para promover eventos de recaudaci\u00f3n de fondos o cualquier informaci\u00f3n publicitaria que consideremos relevante. \u00a0Estos correos electr\u00f3nicos ser\u00e1n enviados a la direcci\u00f3n que usted proporcione y podr\u00e1n ser cancelados en cualquier momento.<\/span><\/p><p class=\"font_8 wixui-rich-text__text\"><span class=\"wixui-rich-text__text\"><span class=\"wixGuard wixui-rich-text__text\">\u200b<\/span><\/span><\/p><p class=\"font_8 wixui-rich-text__text\"><span style=\"text-decoration: underline;\"><strong><span class=\"wixui-rich-text__text\">Enlaces a Terceros<\/span><\/strong><\/span><\/p><p class=\"font_8 wixui-rich-text__text\"><span class=\"wixui-rich-text__text\">Este sitio web pudiera contener enlaces a otros sitios que pudieran ser de su inter\u00e9s. Una vez que usted haga clic en estos y abandone nuestra p\u00e1gina, no tendremos control sobre el sitio web al que decidi\u00f3 entrar, por lo tanto, no somos responsables de los t\u00e9rminos, privacidad o protecci\u00f3n de sus datos. Dichos sitios est\u00e1n sujetos a sus propias pol\u00edticas de privacidad por lo cual es recomendable que los consulte para confirmar que usted est\u00e1 de acuerdo con estos.<\/span><\/p><p class=\"font_8 wixui-rich-text__text\"><span style=\"text-decoration: underline;\"><strong><span class=\"wixui-rich-text__text\">Informaci\u00f3n Personal<\/span><\/strong><\/span><\/p><p class=\"font_8 wixui-rich-text__text\"><span class=\"wixui-rich-text__text\">En cualquier momento usted puede restringir la recopilaci\u00f3n o el uso de la informaci\u00f3n personal que es proporcionada a nuestro sitio web.\u00a0 Cada vez que se le solicite completar un formulario, puede marcar o desmarcar la opci\u00f3n de recibir informaci\u00f3n por correo electr\u00f3nico. \u00a0En caso de que haya marcado la opci\u00f3n de recibir informaci\u00f3n o publicidad usted puede cancelarla en cualquier momento.<\/span><\/p><p class=\"font_8 wixui-rich-text__text\"><span class=\"wixui-rich-text__text\">El Voluntariado Jes\u00fas con los Ni\u00f1os, no vender\u00e1, ceder\u00e1 ni distribuir\u00e1 la informaci\u00f3n personal que obtiene, salvo que sea requerido por un juez mediante orden judicial.<\/span><\/p><p class=\"font_8 wixui-rich-text__text\"><span class=\"wixui-rich-text__text\">El VJCN se reserva el derecho de cambiar los t\u00e9rminos de la presente Pol\u00edtica de Privacidad en cualquier momento.<\/span><\/p><p class=\"font_8 wixui-rich-text__text\"><span style=\"text-decoration: underline;\"><strong><span class=\"wixui-rich-text__text\">Confirmaci\u00f3n de Pago<\/span><\/strong><\/span><\/p><p class=\"font_8 wixui-rich-text__text\"><span class=\"wixui-rich-text__text\">Un volante de confirmaci\u00f3n de pago o un ticket de registro, ser\u00e1 enviado a su correo electr\u00f3nico cuando se complete una transacci\u00f3n en nuestro sitio web.<\/span><\/p><p class=\"font_8 wixui-rich-text__text\"><span class=\"wixui-rich-text__text\"><span style=\"text-decoration: underline;\"><strong>Pol\u00edtica de Cancelaci\u00f3n<\/strong><\/span><br class=\"wixui-rich-text__text\" \/>Toda\u00a0transacci\u00f3n\u00a0solicitada a trav\u00e9s de nuestro sitio web, ser\u00e1 cancelada siempre que se demuestre alg\u00fan posible fraude relacionado a la identidad del donante o del comprador, o cuando se registra para participar en alguno de nuestros eventos de recaudaci\u00f3n de fondos.<br class=\"wixui-rich-text__text\" \/>Se cancelar\u00e1n transacciones o solicitudes cuando sea violado alg\u00fan t\u00e9rmino o condici\u00f3n descritos en nuestra pol\u00edtica, \u00a0 durante \u00a0el proceso de registro o de pago.<\/span><br class=\"wixui-rich-text__text\" \/>\u00a0<\/p><p class=\"font_8 wixui-rich-text__text\"><span class=\"wixui-rich-text__text\"><span style=\"text-decoration: underline;\"><strong>Pol\u00edticas de Devoluci\u00f3n y Reembolso\u00a0<\/strong><\/span><br class=\"wixui-rich-text__text\" \/>En aportes o donaciones, no se realizan devoluciones ni reembolsos.<\/span><\/p><p class=\"font_8 wixui-rich-text__text\"><span class=\"wixui-rich-text__text\">Solicitudes de devoluciones o reembolsos por concepto de compras o registros en eventos, deben realizarse en las oficinas del Voluntariado Jes\u00fas con los Ni\u00f1os, ubicadas en el Hospital Infantil Doctor Arturo Grull\u00f3n, Ave. Enriquillo No. 13, Los Platanitos, Santiago de los Caballeros, Rep\u00fablica Dominicana, o llamando al 809-583-0013 \u00f3 al 809-581-6191.<\/span><br class=\"wixui-rich-text__text\" \/>\u00a0<\/p><p class=\"font_8 wixui-rich-text__text\"><span class=\"wixui-rich-text__text\"><span style=\"text-decoration: underline;\"><strong>Pol\u00edticas de Seguridad para Datos de Tarjetas de Cr\u00e9dito<\/strong><\/span><br class=\"wixui-rich-text__text\" \/>No guardamos informaci\u00f3n de tarjetas de cr\u00e9dito en nuestro sitio web pues utilizamos los servicios de procesadores de pago externos. La informaci\u00f3n que se comparte con dichos terceros son: los datos del tarjetahabiente, correo electr\u00f3nico y monto total de la transacci\u00f3n.<\/span><\/p><\/div><\/div><\/div>\t\t\t\t\t\t\t\t<\/div>\n\t\t\t\t<\/div>\n\t\t\t\t\t<\/div>\n\t\t\t\t<\/div>\n\t\t\t\t<\/div>","protected":false},"excerpt":{"rendered":"<p>T\u00e9rminos y condiciones \u00a0 Pol\u00edtica de Privacidad El Voluntariado Jes\u00fas con Los Ni\u00f1os, RNC No. 402-06427-2 \u00a0con domicilio en Santiago de los Caballeros, Rep\u00fablica Dominicana, con domicilio en Santiago de los Caballeros, Rep\u00fablica Dominicana, comprometido con la seguridad de la informacion de nuestros donantes, colaboradores y relacionados, protege la informaci\u00f3n que proporcionan los usuarios al [&hellip;]<\/p>\n","protected":false},"author":1,"featured_media":0,"parent":0,"menu_order":0,"comment_status":"closed","ping_status":"closed","template":"","meta":{"footnotes":""},"class_list":["post-2039","page","type-page","status-publish","hentry"],"yoast_head":"<!-- This site is optimized with the Yoast SEO plugin v27.5 - https:\/\/yoast.com\/product\/yoast-seo-wordpress\/ -->\n<title>T\u00e9rminos y condiciones - Voluntariado Jes\u00fas con los ni\u00f1os<\/title>\n<meta name=\"description\" content=\"Conoce los T\u00e9rminos y Condiciones completos del Voluntariado Jes\u00fas con los Ni\u00f1os (VJCN). Transparencia en donaciones y servicios.\" \/>\n<meta name=\"robots\" content=\"index, follow, max-snippet:-1, max-image-preview:large, max-video-preview:-1\" \/>\n<link rel=\"canonical\" href=\"https:\/\/vjcn.org\/en\/terminosycondiciones\/\" \/>\n<meta property=\"og:locale\" content=\"en_US\" \/>\n<meta property=\"og:type\" content=\"article\" \/>\n<meta property=\"og:title\" content=\"T\u00e9rminos y condiciones - Voluntariado Jes\u00fas con los ni\u00f1os\" \/>\n<meta property=\"og:description\" content=\"Conoce los T\u00e9rminos y Condiciones completos del Voluntariado Jes\u00fas con los Ni\u00f1os (VJCN). Transparencia en donaciones y servicios.\" \/>\n<meta property=\"og:url\" content=\"https:\/\/vjcn.org\/en\/terminosycondiciones\/\" \/>\n<meta property=\"og:site_name\" content=\"Voluntariado Jes\u00fas con los ni\u00f1os\" \/>\n<meta property=\"article:publisher\" content=\"https:\/\/www.facebook.com\/people\/Voluntariado-Jess-Con-Los-Nios\/61550862245839\/\" \/>\n<meta property=\"article:modified_time\" content=\"2025-10-10T11:04:38+00:00\" \/>\n<meta property=\"og:image\" content=\"https:\/\/vjcn.org\/wp-content\/uploads\/2025\/04\/Logo-nuevo-VJCN-e1745090748923.png\" \/>\n\t<meta property=\"og:image:width\" content=\"1050\" \/>\n\t<meta property=\"og:image:height\" content=\"545\" \/>\n\t<meta property=\"og:image:type\" content=\"image\/png\" \/>\n<meta name=\"twitter:card\" content=\"summary_large_image\" \/>\n<meta name=\"twitter:label1\" content=\"Est. reading time\" \/>\n\t<meta name=\"twitter:data1\" content=\"4 minutes\" \/>\n<script type=\"application\/ld+json\" class=\"yoast-schema-graph\">{\"@context\":\"https:\\\/\\\/schema.org\",\"@graph\":[{\"@type\":\"WebPage\",\"@id\":\"https:\\\/\\\/vjcn.org\\\/en\\\/terminosycondiciones\\\/\",\"url\":\"https:\\\/\\\/vjcn.org\\\/en\\\/terminosycondiciones\\\/\",\"name\":\"T\u00e9rminos y condiciones - Voluntariado Jes\u00fas con los ni\u00f1os\",\"isPartOf\":{\"@id\":\"https:\\\/\\\/vjcn.org\\\/#website\"},\"datePublished\":\"2025-07-10T20:58:51+00:00\",\"dateModified\":\"2025-10-10T11:04:38+00:00\",\"description\":\"Conoce los T\u00e9rminos y Condiciones completos del Voluntariado Jes\u00fas con los Ni\u00f1os (VJCN). Transparencia en donaciones y servicios.\",\"breadcrumb\":{\"@id\":\"https:\\\/\\\/vjcn.org\\\/en\\\/terminosycondiciones\\\/#breadcrumb\"},\"inLanguage\":\"en-US\",\"potentialAction\":[{\"@type\":\"ReadAction\",\"target\":[\"https:\\\/\\\/vjcn.org\\\/en\\\/terminosycondiciones\\\/\"]}]},{\"@type\":\"BreadcrumbList\",\"@id\":\"https:\\\/\\\/vjcn.org\\\/en\\\/terminosycondiciones\\\/#breadcrumb\",\"itemListElement\":[{\"@type\":\"ListItem\",\"position\":1,\"name\":\"Home\",\"item\":\"https:\\\/\\\/vjcn.org\\\/\"},{\"@type\":\"ListItem\",\"position\":2,\"name\":\"T\u00e9rminos y condiciones\"}]},{\"@type\":\"WebSite\",\"@id\":\"https:\\\/\\\/vjcn.org\\\/#website\",\"url\":\"https:\\\/\\\/vjcn.org\\\/\",\"name\":\"Voluntariado Jes\u00fas con los ni\u00f1os\",\"description\":\"Historias de vida y esperanza\",\"publisher\":{\"@id\":\"https:\\\/\\\/vjcn.org\\\/#organization\"},\"potentialAction\":[{\"@type\":\"SearchAction\",\"target\":{\"@type\":\"EntryPoint\",\"urlTemplate\":\"https:\\\/\\\/vjcn.org\\\/?s={search_term_string}\"},\"query-input\":{\"@type\":\"PropertyValueSpecification\",\"valueRequired\":true,\"valueName\":\"search_term_string\"}}],\"inLanguage\":\"en-US\"},{\"@type\":\"Organization\",\"@id\":\"https:\\\/\\\/vjcn.org\\\/#organization\",\"name\":\"Voluntariado Jes\u00fas con los ni\u00f1os\",\"url\":\"https:\\\/\\\/vjcn.org\\\/\",\"logo\":{\"@type\":\"ImageObject\",\"inLanguage\":\"en-US\",\"@id\":\"https:\\\/\\\/vjcn.org\\\/#\\\/schema\\\/logo\\\/image\\\/\",\"url\":\"https:\\\/\\\/vjcn.org\\\/wp-content\\\/uploads\\\/2025\\\/04\\\/cropped-Simbolo.png\",\"contentUrl\":\"https:\\\/\\\/vjcn.org\\\/wp-content\\\/uploads\\\/2025\\\/04\\\/cropped-Simbolo.png\",\"width\":512,\"height\":512,\"caption\":\"Voluntariado Jes\u00fas con los ni\u00f1os\"},\"image\":{\"@id\":\"https:\\\/\\\/vjcn.org\\\/#\\\/schema\\\/logo\\\/image\\\/\"},\"sameAs\":[\"https:\\\/\\\/www.facebook.com\\\/people\\\/Voluntariado-Jess-Con-Los-Nios\\\/61550862245839\\\/\",\"https:\\\/\\\/www.instagram.com\\\/voluntariadojcn\\\/\"]}]}<\/script>\n<!-- \/ Yoast SEO plugin. -->","yoast_head_json":{"title":"T\u00e9rminos y condiciones - Voluntariado Jes\u00fas con los ni\u00f1os","description":"Conoce los T\u00e9rminos y Condiciones completos del Voluntariado Jes\u00fas con los Ni\u00f1os (VJCN). Transparencia en donaciones y servicios.","robots":{"index":"index","follow":"follow","max-snippet":"max-snippet:-1","max-image-preview":"max-image-preview:large","max-video-preview":"max-video-preview:-1"},"canonical":"https:\/\/vjcn.org\/en\/terminosycondiciones\/","og_locale":"en_US","og_type":"article","og_title":"T\u00e9rminos y condiciones - Voluntariado Jes\u00fas con los ni\u00f1os","og_description":"Conoce los T\u00e9rminos y Condiciones completos del Voluntariado Jes\u00fas con los Ni\u00f1os (VJCN). Transparencia en donaciones y servicios.","og_url":"https:\/\/vjcn.org\/en\/terminosycondiciones\/","og_site_name":"Voluntariado Jes\u00fas con los ni\u00f1os","article_publisher":"https:\/\/www.facebook.com\/people\/Voluntariado-Jess-Con-Los-Nios\/61550862245839\/","article_modified_time":"2025-10-10T11:04:38+00:00","og_image":[{"width":1050,"height":545,"url":"https:\/\/vjcn.org\/wp-content\/uploads\/2025\/04\/Logo-nuevo-VJCN-e1745090748923.png","type":"image\/png"}],"twitter_card":"summary_large_image","twitter_misc":{"Est. reading time":"4 minutes"},"schema":{"@context":"https:\/\/schema.org","@graph":[{"@type":"WebPage","@id":"https:\/\/vjcn.org\/en\/terminosycondiciones\/","url":"https:\/\/vjcn.org\/en\/terminosycondiciones\/","name":"T\u00e9rminos y condiciones - Voluntariado Jes\u00fas con los ni\u00f1os","isPartOf":{"@id":"https:\/\/vjcn.org\/#website"},"datePublished":"2025-07-10T20:58:51+00:00","dateModified":"2025-10-10T11:04:38+00:00","description":"Conoce los T\u00e9rminos y Condiciones completos del Voluntariado Jes\u00fas con los Ni\u00f1os (VJCN). Transparencia en donaciones y servicios.","breadcrumb":{"@id":"https:\/\/vjcn.org\/en\/terminosycondiciones\/#breadcrumb"},"inLanguage":"en-US","potentialAction":[{"@type":"ReadAction","target":["https:\/\/vjcn.org\/en\/terminosycondiciones\/"]}]},{"@type":"BreadcrumbList","@id":"https:\/\/vjcn.org\/en\/terminosycondiciones\/#breadcrumb","itemListElement":[{"@type":"ListItem","position":1,"name":"Home","item":"https:\/\/vjcn.org\/"},{"@type":"ListItem","position":2,"name":"T\u00e9rminos y condiciones"}]},{"@type":"WebSite","@id":"https:\/\/vjcn.org\/#website","url":"https:\/\/vjcn.org\/","name":"Voluntariado Jes\u00fas con los ni\u00f1os","description":"Stories of life and hope","publisher":{"@id":"https:\/\/vjcn.org\/#organization"},"potentialAction":[{"@type":"SearchAction","target":{"@type":"EntryPoint","urlTemplate":"https:\/\/vjcn.org\/?s={search_term_string}"},"query-input":{"@type":"PropertyValueSpecification","valueRequired":true,"valueName":"search_term_string"}}],"inLanguage":"en-US"},{"@type":"Organization","@id":"https:\/\/vjcn.org\/#organization","name":"Voluntariado Jes\u00fas con los ni\u00f1os","url":"https:\/\/vjcn.org\/","logo":{"@type":"ImageObject","inLanguage":"en-US","@id":"https:\/\/vjcn.org\/#\/schema\/logo\/image\/","url":"https:\/\/vjcn.org\/wp-content\/uploads\/2025\/04\/cropped-Simbolo.png","contentUrl":"https:\/\/vjcn.org\/wp-content\/uploads\/2025\/04\/cropped-Simbolo.png","width":512,"height":512,"caption":"Voluntariado Jes\u00fas con los ni\u00f1os"},"image":{"@id":"https:\/\/vjcn.org\/#\/schema\/logo\/image\/"},"sameAs":["https:\/\/www.facebook.com\/people\/Voluntariado-Jess-Con-Los-Nios\/61550862245839\/","https:\/\/www.instagram.com\/voluntariadojcn\/"]}]}},"jetpack_sharing_enabled":true,"_links":{"self":[{"href":"https:\/\/vjcn.org\/en\/wp-json\/wp\/v2\/pages\/2039","targetHints":{"allow":["GET"]}}],"collection":[{"href":"https:\/\/vjcn.org\/en\/wp-json\/wp\/v2\/pages"}],"about":[{"href":"https:\/\/vjcn.org\/en\/wp-json\/wp\/v2\/types\/page"}],"author":[{"embeddable":true,"href":"https:\/\/vjcn.org\/en\/wp-json\/wp\/v2\/users\/1"}],"replies":[{"embeddable":true,"href":"https:\/\/vjcn.org\/en\/wp-json\/wp\/v2\/comments?post=2039"}],"version-history":[{"count":20,"href":"https:\/\/vjcn.org\/en\/wp-json\/wp\/v2\/pages\/2039\/revisions"}],"predecessor-version":[{"id":4899,"href":"https:\/\/vjcn.org\/en\/wp-json\/wp\/v2\/pages\/2039\/revisions\/4899"}],"wp:attachment":[{"href":"https:\/\/vjcn.org\/en\/wp-json\/wp\/v2\/media?parent=2039"}],"curies":[{"name":"wp","href":"https:\/\/api.w.org\/{rel}","templated":true}]}}